{"id":7427,"date":"2019-10-01T09:39:14","date_gmt":"2019-10-01T06:39:14","guid":{"rendered":"http:\/\/www.ttistanbulspor.org\/?post_type=product&#038;p=7427"},"modified":"2019-10-01T09:39:34","modified_gmt":"2019-10-01T06:39:34","slug":"derkenar-siir","status":"publish","type":"product","link":"https:\/\/www.ttistanbulspor.org\/index.php\/urun\/derkenar-siir\/","title":{"rendered":"Derkenar \u015eiir"},"content":{"rendered":"<p>Eb\u00fbbekir&#8217;i se\u00e7mi\u015ftim mahlasta<br \/>\nO b\u00fcy\u00fck devrimcinin yan\u0131ndaki<br \/>\nUmut dedi Gaffar<br \/>\nBen Sonumut<\/p>\n<p>Siperinde delik de\u015fik edilmi\u015f<br \/>\nBir gerilla gibi<br \/>\nD\u00fc\u015fleri sar\u0131yor bedenini<br \/>\nBir deniz feneri Edebiyat<br \/>\n\u00d6yle duruyor yerinde<br \/>\nSular \u00e7ekilse<br \/>\nGemiler ge\u00e7mese de<\/p>\n","protected":false},"excerpt":{"rendered":"<p>Eb\u00fbbekir&#8217;i se\u00e7mi\u015ftim mahlasta<br \/>\nO b\u00fcy\u00fck devrimcinin yan\u0131ndaki<br \/>\nUmut dedi Gaffar<br \/>\nBen Sonumut<\/p>\n<p>Siperinde delik de\u015fik edilmi\u015f<br \/>\nBir gerilla gibi<br \/>\nD\u00fc\u015fleri sar\u0131yor bedenini<br \/>\nBir deniz feneri Edebiyat<br \/>\n\u00d6yle duruyor yerinde<br \/>\nSular \u00e7ekilse<br \/>\nGemiler ge\u00e7mese de<\/p>\n","protected":false},"featured_media":7428,"comment_status":"open","ping_status":"closed","template":"","meta":[],"class_list":["post-7427","product","type-product","status-publish","has-post-thumbnail","hentry","product_cat-turk-siiri"],"_links":{"self":[{"href":"https:\/\/www.ttistanbulspor.org\/index.php\/wp-json\/wp\/v2\/product\/7427","targetHints":{"allow":["GET"]}}],"collection":[{"href":"https:\/\/www.ttistanbulspor.org\/index.php\/wp-json\/wp\/v2\/product"}],"about":[{"href":"https:\/\/www.ttistanbulspor.org\/index.php\/wp-json\/wp\/v2\/types\/product"}],"replies":[{"embeddable":true,"href":"https:\/\/www.ttistanbulspor.org\/index.php\/wp-json\/wp\/v2\/comments?post=7427"}],"wp:featuredmedia":[{"embeddable":true,"href":"https:\/\/www.ttistanbulspor.org\/index.php\/wp-json\/wp\/v2\/media\/7428"}],"wp:attachment":[{"href":"https:\/\/www.ttistanbulspor.org\/index.php\/wp-json\/wp\/v2\/media?parent=7427"}],"curies":[{"name":"wp","href":"https:\/\/api.w.org\/{rel}","templated":true}]}}