{"id":7419,"date":"2019-10-01T09:15:13","date_gmt":"2019-10-01T06:15:13","guid":{"rendered":"http:\/\/www.ttistanbulspor.org\/?post_type=product&#038;p=7419"},"modified":"2019-10-01T09:15:44","modified_gmt":"2019-10-01T06:15:44","slug":"anadolu-masallari","status":"publish","type":"product","link":"https:\/\/www.ttistanbulspor.org\/index.php\/urun\/anadolu-masallari\/","title":{"rendered":"Anadolu Masallar\u0131"},"content":{"rendered":"<p>D\u00fcnya klasiklerini tan\u0131maya ilk ad\u0131m!<br \/>\n2. ve 3. s\u0131n\u0131flar i\u00e7in haz\u0131rlanan bu sette d\u00fcnya klasikleri aras\u0131ndan se\u00e7ilen 24 eser yer almaktad\u0131r. \u00c7ocuklar, d\u00fcnya edebiyat\u0131n\u0131n temel ta\u015flar\u0131n\u0131 olu\u015fturan bu eserleri keyifle okuyacaklar!<\/p>\n","protected":false},"excerpt":{"rendered":"<p>D\u00fcnya klasiklerini tan\u0131maya ilk ad\u0131m!<br \/>\n2. ve 3. s\u0131n\u0131flar i\u00e7in haz\u0131rlanan bu sette d\u00fcnya klasikleri aras\u0131ndan se\u00e7ilen 24 eser yer almaktad\u0131r. \u00c7ocuklar, d\u00fcnya edebiyat\u0131n\u0131n temel ta\u015flar\u0131n\u0131 olu\u015fturan bu eserleri keyifle okuyacaklar!<\/p>\n","protected":false},"featured_media":7420,"comment_status":"open","ping_status":"closed","template":"","meta":[],"class_list":["post-7419","product","type-product","status-publish","has-post-thumbnail","hentry","product_cat-masal-hikaye"],"_links":{"self":[{"href":"https:\/\/www.ttistanbulspor.org\/index.php\/wp-json\/wp\/v2\/product\/7419","targetHints":{"allow":["GET"]}}],"collection":[{"href":"https:\/\/www.ttistanbulspor.org\/index.php\/wp-json\/wp\/v2\/product"}],"about":[{"href":"https:\/\/www.ttistanbulspor.org\/index.php\/wp-json\/wp\/v2\/types\/product"}],"replies":[{"embeddable":true,"href":"https:\/\/www.ttistanbulspor.org\/index.php\/wp-json\/wp\/v2\/comments?post=7419"}],"wp:featuredmedia":[{"embeddable":true,"href":"https:\/\/www.ttistanbulspor.org\/index.php\/wp-json\/wp\/v2\/media\/7420"}],"wp:attachment":[{"href":"https:\/\/www.ttistanbulspor.org\/index.php\/wp-json\/wp\/v2\/media?parent=7419"}],"curies":[{"name":"wp","href":"https:\/\/api.w.org\/{rel}","templated":true}]}}