{"id":7415,"date":"2019-10-01T09:09:45","date_gmt":"2019-10-01T06:09:45","guid":{"rendered":"http:\/\/www.ttistanbulspor.org\/?post_type=product&#038;p=7415"},"modified":"2019-10-01T09:09:51","modified_gmt":"2019-10-01T06:09:51","slug":"peygamberimin-sevdigi-musluman","status":"publish","type":"product","link":"https:\/\/www.ttistanbulspor.org\/index.php\/urun\/peygamberimin-sevdigi-musluman\/","title":{"rendered":"Peygamberimin Sevdi\u011fi M\u00fcsl\u00fcman"},"content":{"rendered":"<p>\u0130slamiyet nedir? M\u00fcsl\u00fcman kimdir? Allah ve Resul\u00fc bizden nas\u0131l bir insan olmam\u0131z\u0131 bekler? Allah&#8217;\u0131n ve Resul\u00fcn\u00fcn sevgisine bizi hangi hareketlerimiz ula\u015ft\u0131r\u0131r? Bu sorular\u0131n cevaplar\u0131, ayetlerden ve sahih hadislerden derlendi ve hayat\u0131n b\u00fct\u00fcn a\u015famalar\u0131n\u0131 ku\u015fatacak \u015fekilde d\u00fczenlendi.<\/p>\n<p>Herhangi bir konuda, &#8220;Peygamberimin sevdi\u011fi M\u00fcsl\u00fcman ne yapard\u0131?&#8221; diye d\u00fc\u015f\u00fcnecek oldu\u011funuzda, sorunuzun cevab\u0131n\u0131 bu kitapta bulacaks\u0131n\u0131z. Ya\u015far Kandemir hoca efendinin s\u0131cak anlat\u0131m \u00fcslubu ve geni\u015f bilgi birikiminin de s\u00fcsledi\u011fi ender bir perspektifle.<\/p>\n","protected":false},"excerpt":{"rendered":"<p>\u0130slamiyet nedir? M\u00fcsl\u00fcman kimdir? Allah ve Resul\u00fc bizden nas\u0131l bir insan olmam\u0131z\u0131 bekler? Allah&#8217;\u0131n ve Resul\u00fcn\u00fcn sevgisine bizi hangi hareketlerimiz ula\u015ft\u0131r\u0131r? Bu sorular\u0131n cevaplar\u0131, ayetlerden ve sahih hadislerden derlendi ve hayat\u0131n b\u00fct\u00fcn a\u015famalar\u0131n\u0131 ku\u015fatacak \u015fekilde d\u00fczenlendi.<\/p>\n<p>Herhangi bir konuda, &#8220;Peygamberimin sevdi\u011fi M\u00fcsl\u00fcman ne yapard\u0131?&#8221; diye d\u00fc\u015f\u00fcnecek oldu\u011funuzda, sorunuzun cevab\u0131n\u0131 bu kitapta bulacaks\u0131n\u0131z. Ya\u015far Kandemir hoca efendinin s\u0131cak anlat\u0131m \u00fcslubu ve geni\u015f bilgi birikiminin de s\u00fcsledi\u011fi ender bir perspektifle.<\/p>\n","protected":false},"featured_media":7416,"comment_status":"open","ping_status":"closed","template":"","meta":[],"class_list":["post-7415","product","type-product","status-publish","has-post-thumbnail","hentry","product_cat-islamiyet"],"_links":{"self":[{"href":"https:\/\/www.ttistanbulspor.org\/index.php\/wp-json\/wp\/v2\/product\/7415","targetHints":{"allow":["GET"]}}],"collection":[{"href":"https:\/\/www.ttistanbulspor.org\/index.php\/wp-json\/wp\/v2\/product"}],"about":[{"href":"https:\/\/www.ttistanbulspor.org\/index.php\/wp-json\/wp\/v2\/types\/product"}],"replies":[{"embeddable":true,"href":"https:\/\/www.ttistanbulspor.org\/index.php\/wp-json\/wp\/v2\/comments?post=7415"}],"wp:featuredmedia":[{"embeddable":true,"href":"https:\/\/www.ttistanbulspor.org\/index.php\/wp-json\/wp\/v2\/media\/7416"}],"wp:attachment":[{"href":"https:\/\/www.ttistanbulspor.org\/index.php\/wp-json\/wp\/v2\/media?parent=7415"}],"curies":[{"name":"wp","href":"https:\/\/api.w.org\/{rel}","templated":true}]}}