{"id":7410,"date":"2019-10-01T09:04:59","date_gmt":"2019-10-01T06:04:59","guid":{"rendered":"http:\/\/www.ttistanbulspor.org\/?post_type=product&#038;p=7410"},"modified":"2019-10-01T09:05:33","modified_gmt":"2019-10-01T06:05:33","slug":"ehlidildeniz","status":"publish","type":"product","link":"https:\/\/www.ttistanbulspor.org\/index.php\/urun\/ehlidildeniz\/","title":{"rendered":"Ehlidildeniz"},"content":{"rendered":"<p>\u0130ster d\u00fc\u015flerine dal denizin, ister selvi g\u00f6lgelerine! \u00d6l\u00fcm\u00fcn k\u0131y\u0131s\u0131na \u00e7\u0131km\u0131\u015f kurbanl\u0131k koyun gibi! Boyun a\u011fr\u0131lar\u0131 \u00e7ekmek istemiyorsan, boynunu selvi gibi do\u011frultacaks\u0131n. Ellerini \u00e7am gibi a\u00e7acak, y\u00fcre\u011fini selvi gibi derleyip toplayacaks\u0131n! Ac\u0131n\u0131n a\u00e7t\u0131\u011f\u0131 g\u00f6zler seni anlayacakt\u0131r.<\/p>\n","protected":false},"excerpt":{"rendered":"<p>\u0130ster d\u00fc\u015flerine dal denizin, ister selvi g\u00f6lgelerine! \u00d6l\u00fcm\u00fcn k\u0131y\u0131s\u0131na \u00e7\u0131km\u0131\u015f kurbanl\u0131k koyun gibi! Boyun a\u011fr\u0131lar\u0131 \u00e7ekmek istemiyorsan, boynunu selvi gibi do\u011frultacaks\u0131n. Ellerini \u00e7am gibi a\u00e7acak, y\u00fcre\u011fini selvi gibi derleyip toplayacaks\u0131n! Ac\u0131n\u0131n a\u00e7t\u0131\u011f\u0131 g\u00f6zler seni anlayacakt\u0131r.<\/p>\n","protected":false},"featured_media":7412,"comment_status":"open","ping_status":"closed","template":"","meta":[],"class_list":["post-7410","product","type-product","status-publish","has-post-thumbnail","hentry","product_cat-siir-yerli"],"_links":{"self":[{"href":"https:\/\/www.ttistanbulspor.org\/index.php\/wp-json\/wp\/v2\/product\/7410","targetHints":{"allow":["GET"]}}],"collection":[{"href":"https:\/\/www.ttistanbulspor.org\/index.php\/wp-json\/wp\/v2\/product"}],"about":[{"href":"https:\/\/www.ttistanbulspor.org\/index.php\/wp-json\/wp\/v2\/types\/product"}],"replies":[{"embeddable":true,"href":"https:\/\/www.ttistanbulspor.org\/index.php\/wp-json\/wp\/v2\/comments?post=7410"}],"wp:featuredmedia":[{"embeddable":true,"href":"https:\/\/www.ttistanbulspor.org\/index.php\/wp-json\/wp\/v2\/media\/7412"}],"wp:attachment":[{"href":"https:\/\/www.ttistanbulspor.org\/index.php\/wp-json\/wp\/v2\/media?parent=7410"}],"curies":[{"name":"wp","href":"https:\/\/api.w.org\/{rel}","templated":true}]}}