{"id":7400,"date":"2019-09-30T15:48:57","date_gmt":"2019-09-30T12:48:57","guid":{"rendered":"http:\/\/www.ttistanbulspor.org\/?post_type=product&#038;p=7400"},"modified":"2019-09-30T15:49:02","modified_gmt":"2019-09-30T12:49:02","slug":"avlonyali-ferid-pasa-bir-omur-devlet","status":"publish","type":"product","link":"https:\/\/www.ttistanbulspor.org\/index.php\/urun\/avlonyali-ferid-pasa-bir-omur-devlet\/","title":{"rendered":"Avlonyal\u0131 Ferid Pa\u015fa Bir \u00d6m\u00fcr Devlet"},"content":{"rendered":"<p>Arnavut Ferid Pa\u015fa (1851-1914) Sultan Abd\u00fclhamid&#8217;in Konya valisi ve J\u00f6n T\u00fcrk \u0130htilalinden \u00f6nceki son sadrazam\u0131. Avlonyal\u0131 ve Tepedelenli hanedanlar\u0131ndan bir asilzade, ate\u015f seli gibi \u00fczerine gelen bir zamanda imparatorlu\u011fun kaderine dokundu. Yanya&#8217;dan Girit&#8217;e, Bosna&#8217;dan Hersek&#8217;e, Sofya&#8217;dan Diyarbekir&#8217;e, Malatya&#8217;dan Elaziz&#8217;e, Halep&#8217;ten Konya&#8217;ya, \u0130zmir&#8217;den Kahire&#8217;ye, Lozan&#8217;dan San Remo&#8217;ya uzanan bir hayat hikayesi&#8230;<\/p>\n<p>Arnavut olmas\u0131 kariyerinin bazen lehinde bazen aleyhinde i\u015fledi. Farkl\u0131 sadakatler ve kimlikler aras\u0131nda savruldu, fakat kendi memleketi imparatorluktan koparken ba\u015fbakanl\u0131k teklif edildi\u011fi halde Osmanl\u0131 kalmay\u0131 tercih etti: &#8220;Ben bir Osmanl\u0131 devlet adam\u0131y\u0131m, hayat\u0131m\u0131 kaderimi bu devlete ba\u011flad\u0131m. Arnavutluk&#8217;ta \u00e7al\u0131\u015fmam! Vaktiyle sadrazaml\u0131\u011f\u0131n\u0131 yapt\u0131\u011f\u0131m Osmanl\u0131 Devleti&#8217;nin bug\u00fcn ayr\u0131lm\u0131\u015f bir c\u00fcz\u00fc \u00fczerinde vazife alamam!&#8221;<\/p>\n<p>Osmanl\u0131 co\u011frafyas\u0131n\u0131n farkl\u0131 k\u00f6\u015felerinde hizmet eden bir imparatorluk adam\u0131 olarak hayat s\u00fcrd\u00fc\u011f\u00fc halde, unutulmu\u015f bir eski devir enkaz\u0131 olarak yaban ellerde can verdi. Milli tarihler de ad\u0131n\u0131 unuttu. Ancak Ferid Pa\u015fa&#8217;y\u0131 tan\u0131madan Arnavutluk davas\u0131, Makedonya meselesi, Osmanl\u0131 diplomasisi, vilayet idaresi, h\u00e2s\u0131l\u0131 Abd\u00fclhamid ve Me\u015frutiyet d\u00f6nemleri yeterince anla\u015f\u0131lamaz. Osmanl\u0131 tarihinin son sayfalar\u0131n\u0131 bu sefer bir insan hikayesinden okuyun.<\/p>\n","protected":false},"excerpt":{"rendered":"<p>Arnavut Ferid Pa\u015fa (1851-1914) Sultan Abd\u00fclhamid&#8217;in Konya valisi ve J\u00f6n T\u00fcrk \u0130htilalinden \u00f6nceki son sadrazam\u0131. Avlonyal\u0131 ve Tepedelenli hanedanlar\u0131ndan bir asilzade, ate\u015f seli gibi \u00fczerine gelen bir zamanda imparatorlu\u011fun kaderine dokundu. Yanya&#8217;dan Girit&#8217;e, Bosna&#8217;dan Hersek&#8217;e, Sofya&#8217;dan Diyarbekir&#8217;e, Malatya&#8217;dan Elaziz&#8217;e, Halep&#8217;ten Konya&#8217;ya, \u0130zmir&#8217;den Kahire&#8217;ye, Lozan&#8217;dan San Remo&#8217;ya uzanan bir hayat hikayesi&#8230;<\/p>\n<p>Arnavut olmas\u0131 kariyerinin bazen lehinde bazen aleyhinde i\u015fledi. Farkl\u0131 sadakatler ve kimlikler aras\u0131nda savruldu, fakat kendi memleketi imparatorluktan koparken ba\u015fbakanl\u0131k teklif edildi\u011fi halde Osmanl\u0131 kalmay\u0131 tercih etti: &#8220;Ben bir Osmanl\u0131 devlet adam\u0131y\u0131m, hayat\u0131m\u0131 kaderimi bu devlete ba\u011flad\u0131m. Arnavutluk&#8217;ta \u00e7al\u0131\u015fmam! Vaktiyle sadrazaml\u0131\u011f\u0131n\u0131 yapt\u0131\u011f\u0131m Osmanl\u0131 Devleti&#8217;nin bug\u00fcn ayr\u0131lm\u0131\u015f bir c\u00fcz\u00fc \u00fczerinde vazife alamam!&#8221;<\/p>\n<p>Osmanl\u0131 co\u011frafyas\u0131n\u0131n farkl\u0131 k\u00f6\u015felerinde hizmet eden bir imparatorluk adam\u0131 olarak hayat s\u00fcrd\u00fc\u011f\u00fc halde, unutulmu\u015f bir eski devir enkaz\u0131 olarak yaban ellerde can verdi. Milli tarihler de ad\u0131n\u0131 unuttu. Ancak Ferid Pa\u015fa&#8217;y\u0131 tan\u0131madan Arnavutluk davas\u0131, Makedonya meselesi, Osmanl\u0131 diplomasisi, vilayet idaresi, h\u00e2s\u0131l\u0131 Abd\u00fclhamid ve Me\u015frutiyet d\u00f6nemleri yeterince anla\u015f\u0131lamaz. Osmanl\u0131 tarihinin son sayfalar\u0131n\u0131 bu sefer bir insan hikayesinden okuyun.<\/p>\n","protected":false},"featured_media":7401,"comment_status":"open","ping_status":"closed","template":"","meta":[],"class_list":["post-7400","product","type-product","status-publish","has-post-thumbnail","hentry","product_cat-biyografi-oto-biyografi"],"_links":{"self":[{"href":"https:\/\/www.ttistanbulspor.org\/index.php\/wp-json\/wp\/v2\/product\/7400","targetHints":{"allow":["GET"]}}],"collection":[{"href":"https:\/\/www.ttistanbulspor.org\/index.php\/wp-json\/wp\/v2\/product"}],"about":[{"href":"https:\/\/www.ttistanbulspor.org\/index.php\/wp-json\/wp\/v2\/types\/product"}],"replies":[{"embeddable":true,"href":"https:\/\/www.ttistanbulspor.org\/index.php\/wp-json\/wp\/v2\/comments?post=7400"}],"wp:featuredmedia":[{"embeddable":true,"href":"https:\/\/www.ttistanbulspor.org\/index.php\/wp-json\/wp\/v2\/media\/7401"}],"wp:attachment":[{"href":"https:\/\/www.ttistanbulspor.org\/index.php\/wp-json\/wp\/v2\/media?parent=7400"}],"curies":[{"name":"wp","href":"https:\/\/api.w.org\/{rel}","templated":true}]}}