{"id":7378,"date":"2019-09-30T14:07:20","date_gmt":"2019-09-30T11:07:20","guid":{"rendered":"http:\/\/www.ttistanbulspor.org\/?post_type=product&#038;p=7378"},"modified":"2019-09-30T14:07:28","modified_gmt":"2019-09-30T11:07:28","slug":"tut-elimden-dusmeyelim","status":"publish","type":"product","link":"https:\/\/www.ttistanbulspor.org\/index.php\/urun\/tut-elimden-dusmeyelim\/","title":{"rendered":"Tut Elimden D\u00fc\u015fmeyelim"},"content":{"rendered":"<p>Yine benim ellerim boynumda kald\u0131<br \/>\nD\u00f6n\u00fcp d\u00f6n\u00fcp yine kendi sesime uyand\u0131m<br \/>\n\u0130\u00e7im d\u0131\u015f\u0131m kan, elimi aya\u011f\u0131m\u0131 seninle y\u0131kad\u0131lar<br \/>\nYine sen kazand\u0131n ey yaln\u0131zl\u0131k yine ben yand\u0131m<\/p>\n","protected":false},"excerpt":{"rendered":"<p>Yine benim ellerim boynumda kald\u0131<br \/>\nD\u00f6n\u00fcp d\u00f6n\u00fcp yine kendi sesime uyand\u0131m<br \/>\n\u0130\u00e7im d\u0131\u015f\u0131m kan, elimi aya\u011f\u0131m\u0131 seninle y\u0131kad\u0131lar<br \/>\nYine sen kazand\u0131n ey yaln\u0131zl\u0131k yine ben yand\u0131m<\/p>\n","protected":false},"featured_media":7379,"comment_status":"open","ping_status":"closed","template":"","meta":[],"class_list":["post-7378","product","type-product","status-publish","has-post-thumbnail","hentry","product_cat-turk-siiri"],"_links":{"self":[{"href":"https:\/\/www.ttistanbulspor.org\/index.php\/wp-json\/wp\/v2\/product\/7378","targetHints":{"allow":["GET"]}}],"collection":[{"href":"https:\/\/www.ttistanbulspor.org\/index.php\/wp-json\/wp\/v2\/product"}],"about":[{"href":"https:\/\/www.ttistanbulspor.org\/index.php\/wp-json\/wp\/v2\/types\/product"}],"replies":[{"embeddable":true,"href":"https:\/\/www.ttistanbulspor.org\/index.php\/wp-json\/wp\/v2\/comments?post=7378"}],"wp:featuredmedia":[{"embeddable":true,"href":"https:\/\/www.ttistanbulspor.org\/index.php\/wp-json\/wp\/v2\/media\/7379"}],"wp:attachment":[{"href":"https:\/\/www.ttistanbulspor.org\/index.php\/wp-json\/wp\/v2\/media?parent=7378"}],"curies":[{"name":"wp","href":"https:\/\/api.w.org\/{rel}","templated":true}]}}