{"id":7371,"date":"2019-09-30T13:45:36","date_gmt":"2019-09-30T10:45:36","guid":{"rendered":"http:\/\/www.ttistanbulspor.org\/?post_type=product&#038;p=7371"},"modified":"2019-09-30T13:45:37","modified_gmt":"2019-09-30T10:45:37","slug":"uzun-surdu-hazirligim","status":"publish","type":"product","link":"https:\/\/www.ttistanbulspor.org\/index.php\/urun\/uzun-surdu-hazirligim\/","title":{"rendered":"Uzun S\u00fcrd\u00fc Haz\u0131rl\u0131\u011f\u0131m"},"content":{"rendered":"<p>Bu hayatta ne do\u011fru ki<\/p>\n<p>Do\u011fru de\u011fil! Dedi\u011fin yanl\u0131\u015f olsun<\/p>\n<p>Ya bir k\u00f6t\u00fcl\u00fck \u00e7an\u0131 ya bir silah sesi<\/p>\n<p>D\u00f6n\u00fcp silemiyor insan ge\u00e7mi\u015fini<\/p>\n<p>Biri kalkar, ikiy\u00fczl\u00fcl\u00fckle<\/p>\n<p>Su\u00e7lar m\u0131 bilmem beni ilerde<\/p>\n<p>Ne ben istedim tan\u0131s\u0131nlar<\/p>\n<p>Ne de kimse bunu istedi<\/p>\n<p>Hakk\u0131mda kendi bildi\u011fim<\/p>\n<p>\u0130smim, hi\u00e7 uyanmama iste\u011fim<\/p>\n<p>Pek bir \u015fey de\u011fil, i\u015fin ger\u00e7e\u011fi<\/p>\n<p>Yeni bir \u015fey \u00f6\u011frenir miyim<\/p>\n<p>\u00c7ekti\u011fimde teti\u011fi<\/p>\n","protected":false},"excerpt":{"rendered":"<p>Bu hayatta ne do\u011fru ki<\/p>\n<p>Do\u011fru de\u011fil! Dedi\u011fin yanl\u0131\u015f olsun<\/p>\n<p>Ya bir k\u00f6t\u00fcl\u00fck \u00e7an\u0131 ya bir silah sesi<\/p>\n<p>D\u00f6n\u00fcp silemiyor insan ge\u00e7mi\u015fini<\/p>\n<p>Biri kalkar, ikiy\u00fczl\u00fcl\u00fckle<\/p>\n<p>Su\u00e7lar m\u0131 bilmem beni ilerde<\/p>\n<p>Ne ben istedim tan\u0131s\u0131nlar<\/p>\n<p>Ne de kimse bunu istedi<\/p>\n<p>Hakk\u0131mda kendi bildi\u011fim<\/p>\n<p>\u0130smim, hi\u00e7 uyanmama iste\u011fim<\/p>\n<p>Pek bir \u015fey de\u011fil, i\u015fin ger\u00e7e\u011fi<\/p>\n<p>Yeni bir \u015fey \u00f6\u011frenir miyim<\/p>\n<p>\u00c7ekti\u011fimde teti\u011fi<\/p>\n","protected":false},"featured_media":7372,"comment_status":"open","ping_status":"closed","template":"","meta":[],"class_list":["post-7371","product","type-product","status-publish","has-post-thumbnail","hentry","product_cat-turk-siiri"],"_links":{"self":[{"href":"https:\/\/www.ttistanbulspor.org\/index.php\/wp-json\/wp\/v2\/product\/7371","targetHints":{"allow":["GET"]}}],"collection":[{"href":"https:\/\/www.ttistanbulspor.org\/index.php\/wp-json\/wp\/v2\/product"}],"about":[{"href":"https:\/\/www.ttistanbulspor.org\/index.php\/wp-json\/wp\/v2\/types\/product"}],"replies":[{"embeddable":true,"href":"https:\/\/www.ttistanbulspor.org\/index.php\/wp-json\/wp\/v2\/comments?post=7371"}],"wp:featuredmedia":[{"embeddable":true,"href":"https:\/\/www.ttistanbulspor.org\/index.php\/wp-json\/wp\/v2\/media\/7372"}],"wp:attachment":[{"href":"https:\/\/www.ttistanbulspor.org\/index.php\/wp-json\/wp\/v2\/media?parent=7371"}],"curies":[{"name":"wp","href":"https:\/\/api.w.org\/{rel}","templated":true}]}}