{"id":7365,"date":"2019-09-30T13:33:58","date_gmt":"2019-09-30T10:33:58","guid":{"rendered":"http:\/\/www.ttistanbulspor.org\/?post_type=product&#038;p=7365"},"modified":"2019-09-30T13:34:47","modified_gmt":"2019-09-30T10:34:47","slug":"evin-mahremi-olmak","status":"publish","type":"product","link":"https:\/\/www.ttistanbulspor.org\/index.php\/urun\/evin-mahremi-olmak\/","title":{"rendered":"Evin Mahremi Olmak"},"content":{"rendered":"<p>Biz biliriz ki b\u00fct\u00fcn varl\u0131k \u00e2leminin bir zahiri, bir de b\u00e2t\u0131n\u0131 vard\u0131r. Aslolan, hakikat olan\u00a0\u201cb\u00e2t\u0131n\u201dd\u0131r ve tabiat\u0131 gere\u011fi sakl\u0131, \u00f6rt\u00fcl\u00fc, mahrem bir aland\u0131r. Buna ra\u011fmen b\u00e2t\u0131na<br \/>\nzahirden yol bulunarak ama zahirde kalmadan ula\u015f\u0131labilir. \u0130sl\u00e2m medeniyetinde, her\u00a0sahada oldu\u011fu gibi s\u00f6z\u00fcn en h\u00e2lisi, en s\u00fcz\u00fclm\u00fc\u015f\u00fc olan \u015fiirde de \u201cb\u00e2t\u0131ndaki hakikatin<br \/>\nzahirdeki mecaz ile \u00f6rt\u00fclmesi\u201d kanununa riayet edilmi\u015ftir. Bu y\u00fczden \u015fiirlerde kendi\u00a0i\u00e7inde mana b\u00fct\u00fcnl\u00fc\u011f\u00fc olan en k\u00fc\u00e7\u00fck b\u00f6l\u00fcme \u201cbeyit\u201d denir. Beyit \u201cev\u201d demektir.<br \/>\nNas\u0131l bir evin hakikatini, i\u00e7ine girmeden, sadece d\u0131\u015ftan bakarak anlayamazsan\u0131z,\u00a0bizim \u015fiirimizi de \u00e7o\u011fu zaman zahir\u00ee g\u00f6r\u00fcnt\u00fcs\u00fcyle kavrayamazs\u0131n\u0131z. Evin mahremi<br \/>\nde\u011filseniz o eve giremezsiniz. Hakikate vak\u0131f olmak istiyorsan\u0131z, evin, yani s\u00f6z\u00fcn,\u00a0\u015fiirin, beytin mahremi olman\u0131z; bunun i\u00e7in de zahirdeki s\u00f6zlerin birer sembol olarak\u00a0nereye kap\u0131 a\u00e7t\u0131\u011f\u0131n\u0131 bilmeniz gerekir.<\/p>\n","protected":false},"excerpt":{"rendered":"<p>Biz biliriz ki b\u00fct\u00fcn varl\u0131k \u00e2leminin bir zahiri, bir de b\u00e2t\u0131n\u0131 vard\u0131r. Aslolan, hakikat olan\u00a0\u201cb\u00e2t\u0131n\u201dd\u0131r ve tabiat\u0131 gere\u011fi sakl\u0131, \u00f6rt\u00fcl\u00fc, mahrem bir aland\u0131r. Buna ra\u011fmen b\u00e2t\u0131na<br \/>\nzahirden yol bulunarak ama zahirde kalmadan ula\u015f\u0131labilir. \u0130sl\u00e2m medeniyetinde, her\u00a0sahada oldu\u011fu gibi s\u00f6z\u00fcn en h\u00e2lisi, en s\u00fcz\u00fclm\u00fc\u015f\u00fc olan \u015fiirde de \u201cb\u00e2t\u0131ndaki hakikatin<br \/>\nzahirdeki mecaz ile \u00f6rt\u00fclmesi\u201d kanununa riayet edilmi\u015ftir. Bu y\u00fczden \u015fiirlerde kendi\u00a0i\u00e7inde mana b\u00fct\u00fcnl\u00fc\u011f\u00fc olan en k\u00fc\u00e7\u00fck b\u00f6l\u00fcme \u201cbeyit\u201d denir. Beyit \u201cev\u201d demektir.<br \/>\nNas\u0131l bir evin hakikatini, i\u00e7ine girmeden, sadece d\u0131\u015ftan bakarak anlayamazsan\u0131z,\u00a0bizim \u015fiirimizi de \u00e7o\u011fu zaman zahir\u00ee g\u00f6r\u00fcnt\u00fcs\u00fcyle kavrayamazs\u0131n\u0131z. Evin mahremi<br \/>\nde\u011filseniz o eve giremezsiniz. Hakikate vak\u0131f olmak istiyorsan\u0131z, evin, yani s\u00f6z\u00fcn,\u00a0\u015fiirin, beytin mahremi olman\u0131z; bunun i\u00e7in de zahirdeki s\u00f6zlerin birer sembol olarak\u00a0nereye kap\u0131 a\u00e7t\u0131\u011f\u0131n\u0131 bilmeniz gerekir.<\/p>\n","protected":false},"featured_media":7366,"comment_status":"open","ping_status":"closed","template":"","meta":[],"class_list":["post-7365","product","type-product","status-publish","has-post-thumbnail","hentry","product_cat-islamiyet"],"_links":{"self":[{"href":"https:\/\/www.ttistanbulspor.org\/index.php\/wp-json\/wp\/v2\/product\/7365","targetHints":{"allow":["GET"]}}],"collection":[{"href":"https:\/\/www.ttistanbulspor.org\/index.php\/wp-json\/wp\/v2\/product"}],"about":[{"href":"https:\/\/www.ttistanbulspor.org\/index.php\/wp-json\/wp\/v2\/types\/product"}],"replies":[{"embeddable":true,"href":"https:\/\/www.ttistanbulspor.org\/index.php\/wp-json\/wp\/v2\/comments?post=7365"}],"wp:featuredmedia":[{"embeddable":true,"href":"https:\/\/www.ttistanbulspor.org\/index.php\/wp-json\/wp\/v2\/media\/7366"}],"wp:attachment":[{"href":"https:\/\/www.ttistanbulspor.org\/index.php\/wp-json\/wp\/v2\/media?parent=7365"}],"curies":[{"name":"wp","href":"https:\/\/api.w.org\/{rel}","templated":true}]}}