{"id":7356,"date":"2019-09-30T11:17:22","date_gmt":"2019-09-30T08:17:22","guid":{"rendered":"http:\/\/www.ttistanbulspor.org\/?post_type=product&#038;p=7356"},"modified":"2019-09-30T11:17:59","modified_gmt":"2019-09-30T08:17:59","slug":"eski-dunyaya-seyahat-suriye-urdun-misir","status":"publish","type":"product","link":"https:\/\/www.ttistanbulspor.org\/index.php\/urun\/eski-dunyaya-seyahat-suriye-urdun-misir\/","title":{"rendered":"Eski D\u00fcnyaya Seyahat Suriye- \u00dcrd\u00fcn- M\u0131s\u0131r"},"content":{"rendered":"<p>Ortado\u011fu k\u00fclt\u00fcrel olarak uzak olmad\u0131\u011f\u0131m\u0131z bir co\u011frafya. Suriye, \u00dcrd\u00fcn, M\u0131s\u0131r ge\u00e7mi\u015fte bizim topraklar\u0131m\u0131zd\u0131. \u015eimdi ise, d\u00fcne kadar yak\u0131n, bug\u00fcn kadar uzak\u2026 Buna ra\u011fmen yine de yak\u0131nlar. Suriye; at ve kat\u0131r s\u0131rt\u0131nda bir gecede ka\u00e7a\u011fa gidecek kadar yak\u0131n, hudutlar\u0131 ge\u00e7erken may\u0131nda aya\u011f\u0131m\u0131z\u0131 kaybedecek kadar uzak ve zor bir \u00fclke. \u00dcrd\u00fcn, bir \u00fclke olmaktan \u00e7ok, Arak \u00fclkeleri i\u00e7inde asl\u0131nda bir \u015fehirdi. Kadim Filistin co\u011frafyas\u0131 i\u00e7inde bir devlet olmaktan daha ziyade ancak k\u00fc\u00e7\u00fck bir teferruatt\u0131r.<\/p>\n","protected":false},"excerpt":{"rendered":"<p>Ortado\u011fu k\u00fclt\u00fcrel olarak uzak olmad\u0131\u011f\u0131m\u0131z bir co\u011frafya. Suriye, \u00dcrd\u00fcn, M\u0131s\u0131r ge\u00e7mi\u015fte bizim topraklar\u0131m\u0131zd\u0131. \u015eimdi ise, d\u00fcne kadar yak\u0131n, bug\u00fcn kadar uzak\u2026 Buna ra\u011fmen yine de yak\u0131nlar. Suriye; at ve kat\u0131r s\u0131rt\u0131nda bir gecede ka\u00e7a\u011fa gidecek kadar yak\u0131n, hudutlar\u0131 ge\u00e7erken may\u0131nda aya\u011f\u0131m\u0131z\u0131 kaybedecek kadar uzak ve zor bir \u00fclke. \u00dcrd\u00fcn, bir \u00fclke olmaktan \u00e7ok, Arak \u00fclkeleri i\u00e7inde asl\u0131nda bir \u015fehirdi. Kadim Filistin co\u011frafyas\u0131 i\u00e7inde bir devlet olmaktan daha ziyade ancak k\u00fc\u00e7\u00fck bir teferruatt\u0131r.<\/p>\n","protected":false},"featured_media":7357,"comment_status":"open","ping_status":"closed","template":"","meta":[],"class_list":["post-7356","product","type-product","status-publish","has-post-thumbnail","hentry","product_cat-gezi-kitaplari"],"_links":{"self":[{"href":"https:\/\/www.ttistanbulspor.org\/index.php\/wp-json\/wp\/v2\/product\/7356","targetHints":{"allow":["GET"]}}],"collection":[{"href":"https:\/\/www.ttistanbulspor.org\/index.php\/wp-json\/wp\/v2\/product"}],"about":[{"href":"https:\/\/www.ttistanbulspor.org\/index.php\/wp-json\/wp\/v2\/types\/product"}],"replies":[{"embeddable":true,"href":"https:\/\/www.ttistanbulspor.org\/index.php\/wp-json\/wp\/v2\/comments?post=7356"}],"wp:featuredmedia":[{"embeddable":true,"href":"https:\/\/www.ttistanbulspor.org\/index.php\/wp-json\/wp\/v2\/media\/7357"}],"wp:attachment":[{"href":"https:\/\/www.ttistanbulspor.org\/index.php\/wp-json\/wp\/v2\/media?parent=7356"}],"curies":[{"name":"wp","href":"https:\/\/api.w.org\/{rel}","templated":true}]}}