{"id":7354,"date":"2019-09-30T11:12:45","date_gmt":"2019-09-30T08:12:45","guid":{"rendered":"http:\/\/www.ttistanbulspor.org\/?post_type=product&#038;p=7354"},"modified":"2019-09-30T11:13:18","modified_gmt":"2019-09-30T08:13:18","slug":"simyaci","status":"publish","type":"product","link":"https:\/\/www.ttistanbulspor.org\/index.php\/urun\/simyaci\/","title":{"rendered":"Simyac\u0131"},"content":{"rendered":"<p>Simyac\u0131, d\u00fcnyaca \u00fcnl\u00fc Brezilyal\u0131 yazar Paulo Coelho&#8217;nun \u00fc\u00e7\u00fcnc\u00fc roman\u0131. 1996 y\u0131l\u0131ndan bu yana T\u00fcrkiye&#8217;de de \u00e7ok okundu, \u00e7ok sevildi, \u00e7ok \u00f6v\u00fcld\u00fc bu kitap. Bir b\u00fcy\u00fck Do\u011fu klasi\u011fi olan Mevl\u00e2na&#8217;n\u0131n \u00fcnl\u00fc Mesnev\u00ee&#8217;sinde yer alan bir k\u00fc\u00e7\u00fck \u00f6yk\u00fcden yola \u00e7\u0131karak yaz\u0131lan bu roman, y\u00fcre\u011finde \u00e7ocuklu\u011funun \u00e7\u0131rp\u0131n\u0131\u015flar\u0131n\u0131 ta\u015f\u0131yan okurlar i\u00e7in bir &#8220;klasik&#8221; yap\u0131t haline geldi.<\/p>\n<p>Simyac\u0131, \u0130spanya&#8217;dan kalk\u0131p M\u0131s\u0131r piramitlerinin eteklerinde hazinesini aramaya giden End\u00fcl\u00fcsl\u00fc \u00e7oban Santiago&#8217;nun masals\u0131 ya\u015fam\u0131n\u0131n \u00f6yk\u00fcs\u00fc. Ama ayn\u0131 zamanda bir &#8220;nasihatn\u00e2me&#8221;; &#8220;Yazg\u0131na nas\u0131l egemen olacaks\u0131n? Mutlulu\u011funu nas\u0131l kuracaks\u0131n?&#8221; gibi sorulara yan\u0131t arayan bir ya\u015fam ve ahlak k\u0131lavuzu. Mistik bir peri masal\u0131na benzeyen bu roman\u0131n, d\u00fcnyan\u0131n d\u00f6rt bir yan\u0131nda bunca sevilmesinin gizi, ku\u015fkusuz bu k\u0131lavuzluk niteli\u011finden kaynaklan\u0131yor.<\/p>\n<p>Simyac\u0131&#8217;y\u0131 okumak, herkes daha uykudayken \u015fafak vakti uyan\u0131p, g\u00fcne\u015fin do\u011fu\u015funu izlemeye benziyor.<\/p>\n","protected":false},"excerpt":{"rendered":"<p>Simyac\u0131, d\u00fcnyaca \u00fcnl\u00fc Brezilyal\u0131 yazar Paulo Coelho&#8217;nun \u00fc\u00e7\u00fcnc\u00fc roman\u0131. 1996 y\u0131l\u0131ndan bu yana T\u00fcrkiye&#8217;de de \u00e7ok okundu, \u00e7ok sevildi, \u00e7ok \u00f6v\u00fcld\u00fc bu kitap. Bir b\u00fcy\u00fck Do\u011fu klasi\u011fi olan Mevl\u00e2na&#8217;n\u0131n \u00fcnl\u00fc Mesnev\u00ee&#8217;sinde yer alan bir k\u00fc\u00e7\u00fck \u00f6yk\u00fcden yola \u00e7\u0131karak yaz\u0131lan bu roman, y\u00fcre\u011finde \u00e7ocuklu\u011funun \u00e7\u0131rp\u0131n\u0131\u015flar\u0131n\u0131 ta\u015f\u0131yan okurlar i\u00e7in bir &#8220;klasik&#8221; yap\u0131t haline geldi.<\/p>\n<p>Simyac\u0131, \u0130spanya&#8217;dan kalk\u0131p M\u0131s\u0131r piramitlerinin eteklerinde hazinesini aramaya giden End\u00fcl\u00fcsl\u00fc \u00e7oban Santiago&#8217;nun masals\u0131 ya\u015fam\u0131n\u0131n \u00f6yk\u00fcs\u00fc. Ama ayn\u0131 zamanda bir &#8220;nasihatn\u00e2me&#8221;; &#8220;Yazg\u0131na nas\u0131l egemen olacaks\u0131n? Mutlulu\u011funu nas\u0131l kuracaks\u0131n?&#8221; gibi sorulara yan\u0131t arayan bir ya\u015fam ve ahlak k\u0131lavuzu. Mistik bir peri masal\u0131na benzeyen bu roman\u0131n, d\u00fcnyan\u0131n d\u00f6rt bir yan\u0131nda bunca sevilmesinin gizi, ku\u015fkusuz bu k\u0131lavuzluk niteli\u011finden kaynaklan\u0131yor.<\/p>\n<p>Simyac\u0131&#8217;y\u0131 okumak, herkes daha uykudayken \u015fafak vakti uyan\u0131p, g\u00fcne\u015fin do\u011fu\u015funu izlemeye benziyor.<\/p>\n","protected":false},"featured_media":7355,"comment_status":"open","ping_status":"closed","template":"","meta":[],"class_list":["post-7354","product","type-product","status-publish","has-post-thumbnail","hentry","product_cat-dunya-roman"],"_links":{"self":[{"href":"https:\/\/www.ttistanbulspor.org\/index.php\/wp-json\/wp\/v2\/product\/7354","targetHints":{"allow":["GET"]}}],"collection":[{"href":"https:\/\/www.ttistanbulspor.org\/index.php\/wp-json\/wp\/v2\/product"}],"about":[{"href":"https:\/\/www.ttistanbulspor.org\/index.php\/wp-json\/wp\/v2\/types\/product"}],"replies":[{"embeddable":true,"href":"https:\/\/www.ttistanbulspor.org\/index.php\/wp-json\/wp\/v2\/comments?post=7354"}],"wp:featuredmedia":[{"embeddable":true,"href":"https:\/\/www.ttistanbulspor.org\/index.php\/wp-json\/wp\/v2\/media\/7355"}],"wp:attachment":[{"href":"https:\/\/www.ttistanbulspor.org\/index.php\/wp-json\/wp\/v2\/media?parent=7354"}],"curies":[{"name":"wp","href":"https:\/\/api.w.org\/{rel}","templated":true}]}}