{"id":7350,"date":"2019-09-30T10:44:58","date_gmt":"2019-09-30T07:44:58","guid":{"rendered":"http:\/\/www.ttistanbulspor.org\/?post_type=product&#038;p=7350"},"modified":"2019-09-30T10:45:04","modified_gmt":"2019-09-30T07:45:04","slug":"1984","status":"publish","type":"product","link":"https:\/\/www.ttistanbulspor.org\/index.php\/urun\/1984\/","title":{"rendered":"1984"},"content":{"rendered":"<p>\u0130ngiliz yazar George Orwell\u2019in 1949 y\u0131l\u0131nda yay\u0131mlanan ve k\u0131sa s\u00fcrede k\u00fclt mertebesine eri\u015fmi\u015f eseri 1984, 1949 y\u0131l\u0131nda yay\u0131mlanm\u0131\u015ft\u0131r. Distopya t\u00fcr\u00fcnde bir roman olan 1984, \u201cB\u00fcy\u00fck Birader\u201d, \u201cD\u00fc\u015f\u00fcnce Polisi\u201d, \u201c101 Numaral\u0131 Oda\u201d, \u201c2+2=5\u201d gibi \u00e7e\u015fitli terminolojileri ve kavramlar\u0131 g\u00fcn\u00fcm\u00fcz lug\u00e2t\u0131na dahil etmi\u015ftir. George Orwell kitaplar\u0131 aras\u0131nda en \u00e7ok bilinen eserdir.<\/p>\n<p>Roman\u0131n ad\u0131 \u201cAvrupa\u2019daki Son Adam\u201d ismiyle yay\u0131mlanmak istenmi\u015ftir fakat Orwell\u2019\u0131n yay\u0131nc\u0131s\u0131 ba\u015far\u0131l\u0131 bir pazarlama stratejisiyle kitab\u0131n ad\u0131n\u0131 Bin Dokuz Y\u00fcz Seksen D\u00f6rt olarak de\u011fi\u015ftirmi\u015ftir.<\/p>\n<p>Roman, II. D\u00fcnya Sava\u015f\u0131\u2019ndan sonra olu\u015fan totaliter rejimlere a\u011f\u0131r bir ele\u015ftiri niteli\u011findedir ve romandaki alegoriler ve semboller bu totaliter devletleri i\u015faret etmektedir.<\/p>\n<p>George Orwell 1984 kitap \u00f6zeti k\u0131saca belirtilmek gerekirse roman\u0131n d\u00fcnyas\u0131 \u00fc\u00e7 ayr\u0131 rejimle y\u00f6netilmektedir: Okyanusya, Avrasya ve Do\u011fu Asya&#8230; Sovyetler Birli\u011fi\u2019ni and\u0131ran Okyanusya, d\u00fc\u015f\u00fcnmeden itaat eden\u00a0 ve B\u00fcy\u00fck Birader ad\u0131nda birine ba\u011fl\u0131l\u0131klar\u0131 olan halk\u0131n ya\u015fad\u0131\u011f\u0131 devlettir. Toplumdaki t\u00fcm insanlar\u0131n hareketleri, d\u00fc\u015f\u00fcnceleri ve davran\u0131\u015flar\u0131 izlenmektedir. Bir yeralt\u0131 \u00f6rg\u00fct\u00fc olan muhalif \u00f6zellikteki Karde\u015flik ve bu \u00f6rg\u00fct\u00fcn lideri Goldstein, bu toplumun d\u00fc\u015fman\u0131 olarak g\u00f6r\u00fcl\u00fcr. Roman\u0131n ba\u015f karakteri Winston\u2019\u0131n \u00e7e\u015fitli olaylara dahil olmas\u0131yla roman, okuyucular\u0131n ak\u0131llar\u0131nda birtak\u0131m soru i\u015fareti b\u0131rakacakt\u0131r: B\u00fcy\u00fck Birader ve Goldstein ger\u00e7ekten ya\u015f\u0131yorlar m\u0131d\u0131r?<\/p>\n","protected":false},"excerpt":{"rendered":"<p>\u0130ngiliz yazar George Orwell\u2019in 1949 y\u0131l\u0131nda yay\u0131mlanan ve k\u0131sa s\u00fcrede k\u00fclt mertebesine eri\u015fmi\u015f eseri 1984, 1949 y\u0131l\u0131nda yay\u0131mlanm\u0131\u015ft\u0131r. Distopya t\u00fcr\u00fcnde bir roman olan 1984, \u201cB\u00fcy\u00fck Birader\u201d, \u201cD\u00fc\u015f\u00fcnce Polisi\u201d, \u201c101 Numaral\u0131 Oda\u201d, \u201c2+2=5\u201d gibi \u00e7e\u015fitli terminolojileri ve kavramlar\u0131 g\u00fcn\u00fcm\u00fcz lug\u00e2t\u0131na dahil etmi\u015ftir. George Orwell kitaplar\u0131 aras\u0131nda en \u00e7ok bilinen eserdir.<\/p>\n<p>Roman\u0131n ad\u0131 \u201cAvrupa\u2019daki Son Adam\u201d ismiyle yay\u0131mlanmak istenmi\u015ftir fakat Orwell\u2019\u0131n yay\u0131nc\u0131s\u0131 ba\u015far\u0131l\u0131 bir pazarlama stratejisiyle kitab\u0131n ad\u0131n\u0131 Bin Dokuz Y\u00fcz Seksen D\u00f6rt olarak de\u011fi\u015ftirmi\u015ftir.<\/p>\n<p>Roman, II. D\u00fcnya Sava\u015f\u0131\u2019ndan sonra olu\u015fan totaliter rejimlere a\u011f\u0131r bir ele\u015ftiri niteli\u011findedir ve romandaki alegoriler ve semboller bu totaliter devletleri i\u015faret etmektedir.<\/p>\n<p>George Orwell 1984 kitap \u00f6zeti k\u0131saca belirtilmek gerekirse roman\u0131n d\u00fcnyas\u0131 \u00fc\u00e7 ayr\u0131 rejimle y\u00f6netilmektedir: Okyanusya, Avrasya ve Do\u011fu Asya&#8230; Sovyetler Birli\u011fi\u2019ni and\u0131ran Okyanusya, d\u00fc\u015f\u00fcnmeden itaat eden\u00a0 ve B\u00fcy\u00fck Birader ad\u0131nda birine ba\u011fl\u0131l\u0131klar\u0131 olan halk\u0131n ya\u015fad\u0131\u011f\u0131 devlettir. Toplumdaki t\u00fcm insanlar\u0131n hareketleri, d\u00fc\u015f\u00fcnceleri ve davran\u0131\u015flar\u0131 izlenmektedir. Bir yeralt\u0131 \u00f6rg\u00fct\u00fc olan muhalif \u00f6zellikteki Karde\u015flik ve bu \u00f6rg\u00fct\u00fcn lideri Goldstein, bu toplumun d\u00fc\u015fman\u0131 olarak g\u00f6r\u00fcl\u00fcr. Roman\u0131n ba\u015f karakteri Winston\u2019\u0131n \u00e7e\u015fitli olaylara dahil olmas\u0131yla roman, okuyucular\u0131n ak\u0131llar\u0131nda birtak\u0131m soru i\u015fareti b\u0131rakacakt\u0131r: B\u00fcy\u00fck Birader ve Goldstein ger\u00e7ekten ya\u015f\u0131yorlar m\u0131d\u0131r?<\/p>\n","protected":false},"featured_media":7351,"comment_status":"open","ping_status":"closed","template":"","meta":[],"class_list":["post-7350","product","type-product","status-publish","has-post-thumbnail","hentry","product_cat-dunya-roman"],"_links":{"self":[{"href":"https:\/\/www.ttistanbulspor.org\/index.php\/wp-json\/wp\/v2\/product\/7350","targetHints":{"allow":["GET"]}}],"collection":[{"href":"https:\/\/www.ttistanbulspor.org\/index.php\/wp-json\/wp\/v2\/product"}],"about":[{"href":"https:\/\/www.ttistanbulspor.org\/index.php\/wp-json\/wp\/v2\/types\/product"}],"replies":[{"embeddable":true,"href":"https:\/\/www.ttistanbulspor.org\/index.php\/wp-json\/wp\/v2\/comments?post=7350"}],"wp:featuredmedia":[{"embeddable":true,"href":"https:\/\/www.ttistanbulspor.org\/index.php\/wp-json\/wp\/v2\/media\/7351"}],"wp:attachment":[{"href":"https:\/\/www.ttistanbulspor.org\/index.php\/wp-json\/wp\/v2\/media?parent=7350"}],"curies":[{"name":"wp","href":"https:\/\/api.w.org\/{rel}","templated":true}]}}