{"id":7323,"date":"2019-09-30T09:15:21","date_gmt":"2019-09-30T06:15:21","guid":{"rendered":"http:\/\/www.ttistanbulspor.org\/?post_type=product&#038;p=7323"},"modified":"2019-09-30T09:15:55","modified_gmt":"2019-09-30T06:15:55","slug":"mevlana","status":"publish","type":"product","link":"https:\/\/www.ttistanbulspor.org\/index.php\/urun\/mevlana\/","title":{"rendered":"Mevlana"},"content":{"rendered":"<p>Yaydan f\u0131rlayan ok gibidir a\u011f\u0131zdan \u00e7\u0131k\u0131nca bir s\u00f6z. Ve hi\u00e7 geri d\u00f6nm\u00fc\u015f de\u011fildir at\u0131ld\u0131kta sonra bir ok.<\/p>\n<p>Seli ba\u015f\u0131ndan ba\u011flar ileriyi g\u00f6ren ki\u015fi. Ve ge\u00e7ti\u011fi yerleri harap eder ba\u015ftan ba\u011flan\u0131lmayan sel.<br \/>\nNe t\u00fckenmez hazinesin sen ey dil ve ne devas\u0131z bir dert!<\/p>\n<p>&nbsp;<\/p>\n<ul>\n<li>Anadolu Cel\u00e2leddin<\/li>\n<li>Dinle Neyden<\/li>\n<li>Ambardaki Fareler<\/li>\n<li>S\u0131r odur ki gizli gerek<\/li>\n<li>Dili kontrol edebilmek<\/li>\n<li>Lokman ile efendisi<\/li>\n<li>Al\u00e7al ki y\u00fckselebilesin<\/li>\n<li>Ak\u0131l ile ruh<\/li>\n<li>Bir iksirdir sab\u0131r<\/li>\n<li>\u0130ki bedende tek g\u00f6n\u00fcl<\/li>\n<\/ul>\n<p>&nbsp;<\/p>\n","protected":false},"excerpt":{"rendered":"<p>Yaydan f\u0131rlayan ok gibidir a\u011f\u0131zdan \u00e7\u0131k\u0131nca bir s\u00f6z. Ve hi\u00e7 geri d\u00f6nm\u00fc\u015f de\u011fildir at\u0131ld\u0131kta sonra bir ok.<\/p>\n<p>Seli ba\u015f\u0131ndan ba\u011flar ileriyi g\u00f6ren ki\u015fi. Ve ge\u00e7ti\u011fi yerleri harap eder ba\u015ftan ba\u011flan\u0131lmayan sel.<br \/>\nNe t\u00fckenmez hazinesin sen ey dil ve ne devas\u0131z bir dert!<\/p>\n<p>&nbsp;<\/p>\n<ul>\n<li>Anadolu Cel\u00e2leddin<\/li>\n<li>Dinle Neyden<\/li>\n<li>Ambardaki Fareler<\/li>\n<li>S\u0131r odur ki gizli gerek<\/li>\n<li>Dili kontrol edebilmek<\/li>\n<li>Lokman ile efendisi<\/li>\n<li>Al\u00e7al ki y\u00fckselebilesin<\/li>\n<li>Ak\u0131l ile ruh<\/li>\n<li>Bir iksirdir sab\u0131r<\/li>\n<li>\u0130ki bedende tek g\u00f6n\u00fcl<\/li>\n<\/ul>\n","protected":false},"featured_media":7324,"comment_status":"open","ping_status":"closed","template":"","meta":[],"class_list":["post-7323","product","type-product","status-publish","has-post-thumbnail","hentry","product_cat-tasavvuf"],"_links":{"self":[{"href":"https:\/\/www.ttistanbulspor.org\/index.php\/wp-json\/wp\/v2\/product\/7323","targetHints":{"allow":["GET"]}}],"collection":[{"href":"https:\/\/www.ttistanbulspor.org\/index.php\/wp-json\/wp\/v2\/product"}],"about":[{"href":"https:\/\/www.ttistanbulspor.org\/index.php\/wp-json\/wp\/v2\/types\/product"}],"replies":[{"embeddable":true,"href":"https:\/\/www.ttistanbulspor.org\/index.php\/wp-json\/wp\/v2\/comments?post=7323"}],"wp:featuredmedia":[{"embeddable":true,"href":"https:\/\/www.ttistanbulspor.org\/index.php\/wp-json\/wp\/v2\/media\/7324"}],"wp:attachment":[{"href":"https:\/\/www.ttistanbulspor.org\/index.php\/wp-json\/wp\/v2\/media?parent=7323"}],"curies":[{"name":"wp","href":"https:\/\/api.w.org\/{rel}","templated":true}]}}