{"id":7308,"date":"2019-09-30T08:26:33","date_gmt":"2019-09-30T05:26:33","guid":{"rendered":"http:\/\/www.ttistanbulspor.org\/?post_type=product&#038;p=7308"},"modified":"2019-09-30T08:26:47","modified_gmt":"2019-09-30T05:26:47","slug":"kirk-ambar","status":"publish","type":"product","link":"https:\/\/www.ttistanbulspor.org\/index.php\/urun\/kirk-ambar\/","title":{"rendered":"K\u0131rk Ambar"},"content":{"rendered":"<p>&#8220;K\u0131rk Ambar&#8221; bir mefhumlar kamusu, derbeder ve da\u011f\u0131n\u0131k bir ansiklopedi, Cemil Meri\u00e7&#8217;in deyi\u015fiyle, &#8220;kurmak istedi\u011fi abidenin birka\u00e7 s\u00fctunuyla birka\u00e7 odas\u0131&#8221;. Eser iki ba\u011f\u0131ms\u0131z b\u00f6l\u00fcmden olu\u015fuyor: R\u00fcmuz-\u00fcl Edeb ve Leh\u00e7e-t-\u00fcl Hakay\u0131k. Her b\u00f6l\u00fcm ba\u015fl\u0131 ba\u015f\u0131na bir kitap olacak kadar hacimli. O y\u00fczden &#8220;K\u0131rk Ambar&#8221;\u0131n iki ayr\u0131 b\u00f6l\u00fcm\u00fcn\u00fc, eseri bask\u0131ya haz\u0131rlayan Mahmut Ali Meri\u00e7&#8217;in d\u00fczenlemesiyle, iki ayr\u0131 cilt halinde yay\u0131ml\u0131yoruz. Bu birinci cilt, d\u00fcnya edebiyat\u0131ndan klasi\u011fe, h\u00fcmanizmden edebiyat sosyolojisine, roman\u0131n ro1an\u0131ndan edebiyat tarihinin tarihine uzanan bir \u00e7izgide T\u00fcrk okuyucusunu d\u00fc\u015f\u00fcnceye davet ediyor.<\/p>\n","protected":false},"excerpt":{"rendered":"<p>&#8220;K\u0131rk Ambar&#8221; bir mefhumlar kamusu, derbeder ve da\u011f\u0131n\u0131k bir ansiklopedi, Cemil Meri\u00e7&#8217;in deyi\u015fiyle, &#8220;kurmak istedi\u011fi abidenin birka\u00e7 s\u00fctunuyla birka\u00e7 odas\u0131&#8221;. Eser iki ba\u011f\u0131ms\u0131z b\u00f6l\u00fcmden olu\u015fuyor: R\u00fcmuz-\u00fcl Edeb ve Leh\u00e7e-t-\u00fcl Hakay\u0131k. Her b\u00f6l\u00fcm ba\u015fl\u0131 ba\u015f\u0131na bir kitap olacak kadar hacimli. O y\u00fczden &#8220;K\u0131rk Ambar&#8221;\u0131n iki ayr\u0131 b\u00f6l\u00fcm\u00fcn\u00fc, eseri bask\u0131ya haz\u0131rlayan Mahmut Ali Meri\u00e7&#8217;in d\u00fczenlemesiyle, iki ayr\u0131 cilt halinde yay\u0131ml\u0131yoruz. Bu birinci cilt, d\u00fcnya edebiyat\u0131ndan klasi\u011fe, h\u00fcmanizmden edebiyat sosyolojisine, roman\u0131n ro1an\u0131ndan edebiyat tarihinin tarihine uzanan bir \u00e7izgide T\u00fcrk okuyucusunu d\u00fc\u015f\u00fcnceye davet ediyor.<\/p>\n","protected":false},"featured_media":7309,"comment_status":"open","ping_status":"closed","template":"","meta":[],"class_list":["post-7308","product","type-product","status-publish","has-post-thumbnail","hentry","product_cat-sosyoloji"],"_links":{"self":[{"href":"https:\/\/www.ttistanbulspor.org\/index.php\/wp-json\/wp\/v2\/product\/7308","targetHints":{"allow":["GET"]}}],"collection":[{"href":"https:\/\/www.ttistanbulspor.org\/index.php\/wp-json\/wp\/v2\/product"}],"about":[{"href":"https:\/\/www.ttistanbulspor.org\/index.php\/wp-json\/wp\/v2\/types\/product"}],"replies":[{"embeddable":true,"href":"https:\/\/www.ttistanbulspor.org\/index.php\/wp-json\/wp\/v2\/comments?post=7308"}],"wp:featuredmedia":[{"embeddable":true,"href":"https:\/\/www.ttistanbulspor.org\/index.php\/wp-json\/wp\/v2\/media\/7309"}],"wp:attachment":[{"href":"https:\/\/www.ttistanbulspor.org\/index.php\/wp-json\/wp\/v2\/media?parent=7308"}],"curies":[{"name":"wp","href":"https:\/\/api.w.org\/{rel}","templated":true}]}}