{"id":7292,"date":"2019-09-25T15:27:28","date_gmt":"2019-09-25T12:27:28","guid":{"rendered":"http:\/\/www.ttistanbulspor.org\/?post_type=product&#038;p=7292"},"modified":"2019-09-25T15:27:29","modified_gmt":"2019-09-25T12:27:29","slug":"matmazel-noraliyanin-koltugu","status":"publish","type":"product","link":"https:\/\/www.ttistanbulspor.org\/index.php\/urun\/matmazel-noraliyanin-koltugu\/","title":{"rendered":"MATMAZEL NORAL\u0130YA&#8217;NIN KOLTU\u011eU"},"content":{"rendered":"<p>Kar\u015f\u0131la\u015ft\u0131\u011f\u0131 bir tak\u0131m ola\u011fan\u00fcst\u00fc olaylar\u0131 benimsedi\u011fi materyalist ve pozitivist felsefenin ilkeleriyle a\u00e7\u0131klayamayan, \u015f\u00fcphe, teredd\u00fct ve bunal\u0131mlar i\u00e7inde k\u0131vranan Ferit, t\u0131p fak\u00fcltesini b\u0131rak\u0131p felsefe b\u00f6l\u00fcm\u00fcne ge\u00e7en fakat i\u00e7inde bulundu\u011fu m\u00fctereddit ruh hali sebebiyle buraya da d\u00fczenli olarak gitmeyen bir \u00fcniversite \u00f6\u011frencisidir. Ferit, Y\u00fcksekkald\u0131r\u0131m&#8217;da i\u00e7inde birbirinden garip insanlar\u0131n ya\u015fad\u0131\u011f\u0131 bir pansiyonda kalmaktad\u0131r. Pansiyonda kald\u0131\u011f\u0131 alt\u0131 g\u00fcn boyunca kar\u015f\u0131la\u015ft\u0131\u011f\u0131 ola\u011fan\u00fcst\u00fc olaylar ve k\u0131z arkada\u015f\u0131 Selma ile aras\u0131nda ge\u00e7en tart\u0131\u015fmalar, ciddi bir psikolojik bunal\u0131mdan ge\u00e7en Ferit&#8217;in durumunu daha da k\u00f6t\u00fcle\u015ftirir. Pansiyonda tan\u0131\u015ft\u0131\u011f\u0131 Aziz, bu s\u0131k\u0131nt\u0131l\u0131 g\u00fcnlerinde Ferit&#8217;in en b\u00fcy\u00fck destek\u00e7isi olur. Teyzesinin gizemli bir \u015fekilde \u00f6l\u00fcm\u00fc ile y\u00fckl\u00fc bir mirasa kavu\u015fan Ferit, ya\u015fad\u0131\u011f\u0131 travmay\u0131 atlatabilmek i\u00e7in Aziz&#8217;in tavsiyesiyle Ada&#8217;da bir ev kiralar. Bu ev bir y\u0131l \u00f6nce \u00f6lm\u00fc\u015f, gizemli bir kad\u0131n olan Matmazel Noraliya&#8217;ya aittir. Peyami Safa&#8217;n\u0131n, kaleme ald\u0131\u011f\u0131 romanlar\u0131 i\u00e7inde en fazla be\u011fendi\u011fini ifade etti\u011fi roman\u0131 Matmazel Noraliya&#8217;n\u0131n Koltu\u011fu, anlat\u0131m tekni\u011fi ve olay \u00f6rg\u00fcs\u00fc bak\u0131m\u0131ndan b\u00fct\u00fcn ele\u015ftirmenlerce T\u00fcrk edebiyat\u0131n\u0131n en ciddi psikolojik roman\u0131 olarak kabul edilmektedir.<\/p>\n","protected":false},"excerpt":{"rendered":"<p>Kar\u015f\u0131la\u015ft\u0131\u011f\u0131 bir tak\u0131m ola\u011fan\u00fcst\u00fc olaylar\u0131 benimsedi\u011fi materyalist ve pozitivist felsefenin ilkeleriyle a\u00e7\u0131klayamayan, \u015f\u00fcphe, teredd\u00fct ve bunal\u0131mlar i\u00e7inde k\u0131vranan Ferit, t\u0131p fak\u00fcltesini b\u0131rak\u0131p felsefe b\u00f6l\u00fcm\u00fcne ge\u00e7en fakat i\u00e7inde bulundu\u011fu m\u00fctereddit ruh hali sebebiyle buraya da d\u00fczenli olarak gitmeyen bir \u00fcniversite \u00f6\u011frencisidir. Ferit, Y\u00fcksekkald\u0131r\u0131m&#8217;da i\u00e7inde birbirinden garip insanlar\u0131n ya\u015fad\u0131\u011f\u0131 bir pansiyonda kalmaktad\u0131r. Pansiyonda kald\u0131\u011f\u0131 alt\u0131 g\u00fcn boyunca kar\u015f\u0131la\u015ft\u0131\u011f\u0131 ola\u011fan\u00fcst\u00fc olaylar ve k\u0131z arkada\u015f\u0131 Selma ile aras\u0131nda ge\u00e7en tart\u0131\u015fmalar, ciddi bir psikolojik bunal\u0131mdan ge\u00e7en Ferit&#8217;in durumunu daha da k\u00f6t\u00fcle\u015ftirir. Pansiyonda tan\u0131\u015ft\u0131\u011f\u0131 Aziz, bu s\u0131k\u0131nt\u0131l\u0131 g\u00fcnlerinde Ferit&#8217;in en b\u00fcy\u00fck destek\u00e7isi olur. Teyzesinin gizemli bir \u015fekilde \u00f6l\u00fcm\u00fc ile y\u00fckl\u00fc bir mirasa kavu\u015fan Ferit, ya\u015fad\u0131\u011f\u0131 travmay\u0131 atlatabilmek i\u00e7in Aziz&#8217;in tavsiyesiyle Ada&#8217;da bir ev kiralar. Bu ev bir y\u0131l \u00f6nce \u00f6lm\u00fc\u015f, gizemli bir kad\u0131n olan Matmazel Noraliya&#8217;ya aittir. Peyami Safa&#8217;n\u0131n, kaleme ald\u0131\u011f\u0131 romanlar\u0131 i\u00e7inde en fazla be\u011fendi\u011fini ifade etti\u011fi roman\u0131 Matmazel Noraliya&#8217;n\u0131n Koltu\u011fu, anlat\u0131m tekni\u011fi ve olay \u00f6rg\u00fcs\u00fc bak\u0131m\u0131ndan b\u00fct\u00fcn ele\u015ftirmenlerce T\u00fcrk edebiyat\u0131n\u0131n en ciddi psikolojik roman\u0131 olarak kabul edilmektedir.<\/p>\n","protected":false},"featured_media":7293,"comment_status":"open","ping_status":"closed","template":"","meta":[],"class_list":["post-7292","product","type-product","status-publish","has-post-thumbnail","hentry","product_cat-turk-klasik"],"_links":{"self":[{"href":"https:\/\/www.ttistanbulspor.org\/index.php\/wp-json\/wp\/v2\/product\/7292","targetHints":{"allow":["GET"]}}],"collection":[{"href":"https:\/\/www.ttistanbulspor.org\/index.php\/wp-json\/wp\/v2\/product"}],"about":[{"href":"https:\/\/www.ttistanbulspor.org\/index.php\/wp-json\/wp\/v2\/types\/product"}],"replies":[{"embeddable":true,"href":"https:\/\/www.ttistanbulspor.org\/index.php\/wp-json\/wp\/v2\/comments?post=7292"}],"wp:featuredmedia":[{"embeddable":true,"href":"https:\/\/www.ttistanbulspor.org\/index.php\/wp-json\/wp\/v2\/media\/7293"}],"wp:attachment":[{"href":"https:\/\/www.ttistanbulspor.org\/index.php\/wp-json\/wp\/v2\/media?parent=7292"}],"curies":[{"name":"wp","href":"https:\/\/api.w.org\/{rel}","templated":true}]}}