{"id":7280,"date":"2019-09-25T14:18:54","date_gmt":"2019-09-25T11:18:54","guid":{"rendered":"http:\/\/www.ttistanbulspor.org\/?post_type=product&#038;p=7280"},"modified":"2019-09-25T14:19:06","modified_gmt":"2019-09-25T11:19:06","slug":"1453-konstantinopolistanbul","status":"publish","type":"product","link":"https:\/\/www.ttistanbulspor.org\/index.php\/urun\/1453-konstantinopolistanbul\/","title":{"rendered":"1453 Konstantinopolistanbul"},"content":{"rendered":"<div id=\"description_text\" class=\"readmore-js-section readmore-js-expanded\">\u201cKonstantinopolis\u2019in al\u0131n\u0131\u015f\u0131, Osmanl\u0131lar i\u00e7in zaferle biten bir sava\u015f\u0131n ola\u011fan bir sonucu olarak kabul edildi. Nas\u0131l al\u0131nd\u0131\u011f\u0131n\u0131 anlatamad\u0131 veya gerek g\u00f6rmedi ve baz\u0131 ger\u00e7ekler do\u011fal olarak karanl\u0131kta kald\u0131.<\/p>\n<p>\u015eehir al\u0131nd\u0131. Sultan II. Mehmed sur kap\u0131lar\u0131ndan birinden \u015fehre girdi. Latinlerin Bizansl\u0131lara, Bizansl\u0131lar\u0131n Latinlere yapt\u0131\u011f\u0131n\u0131 yapmad\u0131. Konstantinopolis Osmanl\u0131 Devleti\u2019nin yeni ba\u015fkenti oldu.<\/p>\n<p>Bizans \u0130mparatoru Constantine XI. Palaelogus, \u015fehrin ileri gelenlerinin b\u00fct\u00fcn bask\u0131lar\u0131na ra\u011fmen \u015fehrini asla terk etmedi. Cesaretini ve inanc\u0131n\u0131 hi\u00e7 kaybetmedi. Sava\u015ft\u0131 ve \u015fehrini savunurken kahramanca \u00f6ld\u00fc.<\/p>\n<p>\u015eehirden ka\u00e7anlar fethin tarihini yazd\u0131lar.En \u00f6nemli bilgiler, bizzat sava\u015f\u0131 ya\u015fay\u0131p ka\u00e7anlar taraf\u0131ndan verildi. Kendi anlat\u0131mlar\u0131yla, ger\u00e7eklere seslerini \u00e7\u0131karmadan. Birer an\u0131 olarak. Nas\u0131l anlatmak istedilerse \u00f6yle. Yazmak isteyenler de bu bilgileri kullanarak fethi, kendilerine g\u00f6re yorumlad\u0131lar. Konstantinopolis\u2019in bug\u00fcnk\u00fc halini bile g\u00f6rmeden kar\u015f\u0131la\u015ft\u0131rmalar yapt\u0131lar.Mant\u0131\u011f\u0131 unuttular.En \u00f6nemlisi ku\u015fatman\u0131n ger\u00e7ekle\u015fti\u011fi Orta\u00e7a\u011f\u2019\u0131 g\u00f6z ard\u0131 ettiler.<\/p>\n<p>Bu kitap bilimsel bir kitap de\u011fildir. Bir ara\u015ft\u0131rmad\u0131r. Yazarlar\u0131n yorumlar\u0131na yer verilmemi\u015f Orta\u00e7a\u011f\u2019\u0131n \u015fartlar\u0131 g\u00f6z \u00f6n\u00fcne al\u0131narak olaylar\u0131n ak\u0131\u015f\u0131 sa\u011flanm\u0131\u015ft\u0131r.\u201d<\/p>\n<p>Ali Erkmen<\/p><\/div>\n","protected":false},"excerpt":{"rendered":"<div id=\"description_text\" class=\"readmore-js-section readmore-js-expanded\">\u201cKonstantinopolis\u2019in al\u0131n\u0131\u015f\u0131, Osmanl\u0131lar i\u00e7in zaferle biten bir sava\u015f\u0131n ola\u011fan bir sonucu olarak kabul edildi. Nas\u0131l al\u0131nd\u0131\u011f\u0131n\u0131 anlatamad\u0131 veya gerek g\u00f6rmedi ve baz\u0131 ger\u00e7ekler do\u011fal olarak karanl\u0131kta kald\u0131.<\/p>\n<p>\u015eehir al\u0131nd\u0131. Sultan II. Mehmed sur kap\u0131lar\u0131ndan birinden \u015fehre girdi. Latinlerin Bizansl\u0131lara, Bizansl\u0131lar\u0131n Latinlere yapt\u0131\u011f\u0131n\u0131 yapmad\u0131. Konstantinopolis Osmanl\u0131 Devleti\u2019nin yeni ba\u015fkenti oldu.<\/p>\n<p>Bizans \u0130mparatoru Constantine XI. Palaelogus, \u015fehrin ileri gelenlerinin b\u00fct\u00fcn bask\u0131lar\u0131na ra\u011fmen \u015fehrini asla terk etmedi. Cesaretini ve inanc\u0131n\u0131 hi\u00e7 kaybetmedi. Sava\u015ft\u0131 ve \u015fehrini savunurken kahramanca \u00f6ld\u00fc.<\/p>\n<p>\u015eehirden ka\u00e7anlar fethin tarihini yazd\u0131lar.En \u00f6nemli bilgiler, bizzat sava\u015f\u0131 ya\u015fay\u0131p ka\u00e7anlar taraf\u0131ndan verildi. Kendi anlat\u0131mlar\u0131yla, ger\u00e7eklere seslerini \u00e7\u0131karmadan. Birer an\u0131 olarak. Nas\u0131l anlatmak istedilerse \u00f6yle. Yazmak isteyenler de bu bilgileri kullanarak fethi, kendilerine g\u00f6re yorumlad\u0131lar. Konstantinopolis\u2019in bug\u00fcnk\u00fc halini bile g\u00f6rmeden kar\u015f\u0131la\u015ft\u0131rmalar yapt\u0131lar.Mant\u0131\u011f\u0131 unuttular.En \u00f6nemlisi ku\u015fatman\u0131n ger\u00e7ekle\u015fti\u011fi Orta\u00e7a\u011f\u2019\u0131 g\u00f6z ard\u0131 ettiler.<\/p>\n<p>Bu kitap bilimsel bir kitap de\u011fildir. Bir ara\u015ft\u0131rmad\u0131r. Yazarlar\u0131n yorumlar\u0131na yer verilmemi\u015f Orta\u00e7a\u011f\u2019\u0131n \u015fartlar\u0131 g\u00f6z \u00f6n\u00fcne al\u0131narak olaylar\u0131n ak\u0131\u015f\u0131 sa\u011flanm\u0131\u015ft\u0131r.\u201d<\/p>\n<p>Ali Erkmen<\/p><\/div>\n","protected":false},"featured_media":7281,"comment_status":"open","ping_status":"closed","template":"","meta":[],"class_list":["post-7280","product","type-product","status-publish","has-post-thumbnail","hentry","product_cat-tarih"],"_links":{"self":[{"href":"https:\/\/www.ttistanbulspor.org\/index.php\/wp-json\/wp\/v2\/product\/7280","targetHints":{"allow":["GET"]}}],"collection":[{"href":"https:\/\/www.ttistanbulspor.org\/index.php\/wp-json\/wp\/v2\/product"}],"about":[{"href":"https:\/\/www.ttistanbulspor.org\/index.php\/wp-json\/wp\/v2\/types\/product"}],"replies":[{"embeddable":true,"href":"https:\/\/www.ttistanbulspor.org\/index.php\/wp-json\/wp\/v2\/comments?post=7280"}],"wp:featuredmedia":[{"embeddable":true,"href":"https:\/\/www.ttistanbulspor.org\/index.php\/wp-json\/wp\/v2\/media\/7281"}],"wp:attachment":[{"href":"https:\/\/www.ttistanbulspor.org\/index.php\/wp-json\/wp\/v2\/media?parent=7280"}],"curies":[{"name":"wp","href":"https:\/\/api.w.org\/{rel}","templated":true}]}}