{"id":7276,"date":"2019-09-25T13:59:11","date_gmt":"2019-09-25T10:59:11","guid":{"rendered":"http:\/\/www.ttistanbulspor.org\/?post_type=product&#038;p=7276"},"modified":"2019-09-25T14:04:20","modified_gmt":"2019-09-25T11:04:20","slug":"dogunun-limanlari","status":"publish","type":"product","link":"https:\/\/www.ttistanbulspor.org\/index.php\/urun\/dogunun-limanlari\/","title":{"rendered":"DO\u011eU&#8217;NUN L\u0130MANLARI"},"content":{"rendered":"<p>&#8220;Adana&#8217;da ayaklanmalar olmu\u015ftu. Kalabal\u0131k, Ermeni mahallesini ya\u011fmalam\u0131\u015ft\u0131. Alt\u0131 y\u0131l sonra \u00e7ok daha b\u00fcy\u00fck \u00e7apta olacaklar\u0131n provas\u0131 gibi bir \u015feydi. Ama bu bile deh\u015fetti. Y\u00fczlerce \u00f6l\u00fc. Belki de binlerce.&#8221; Can \u00e7eki\u015fen Osmanl\u0131 \u0130mparatorlu\u011fu ve Beyrut ile Fransa aras\u0131nda ya\u015fam\u0131 s\u00fcr\u00fcklenen \u0130syan. Do\u011funun Limanlar\u0131 bu y\u00fczy\u0131l\u0131n ba\u015f\u0131n\u0131, bir insan\u0131n trajik tarihinin i\u00e7inden anlat\u0131yor.Amin Maalouf son roman\u0131 &#8216;Do\u011funun Limanlar\u0131&#8217; ile yine YKY&#8217;de.<\/p>\n","protected":false},"excerpt":{"rendered":"<p>&#8220;Adana&#8217;da ayaklanmalar olmu\u015ftu. Kalabal\u0131k, Ermeni mahallesini ya\u011fmalam\u0131\u015ft\u0131. Alt\u0131 y\u0131l sonra \u00e7ok daha b\u00fcy\u00fck \u00e7apta olacaklar\u0131n provas\u0131 gibi bir \u015feydi. Ama bu bile deh\u015fetti. Y\u00fczlerce \u00f6l\u00fc. Belki de binlerce.&#8221; Can \u00e7eki\u015fen Osmanl\u0131 \u0130mparatorlu\u011fu ve Beyrut ile Fransa aras\u0131nda ya\u015fam\u0131 s\u00fcr\u00fcklenen \u0130syan. Do\u011funun Limanlar\u0131 bu y\u00fczy\u0131l\u0131n ba\u015f\u0131n\u0131, bir insan\u0131n trajik tarihinin i\u00e7inden anlat\u0131yor.Amin Maalouf son roman\u0131 &#8216;Do\u011funun Limanlar\u0131&#8217; ile yine YKY&#8217;de.<\/p>\n","protected":false},"featured_media":7279,"comment_status":"open","ping_status":"closed","template":"","meta":[],"class_list":["post-7276","product","type-product","status-publish","has-post-thumbnail","hentry","product_cat-dunya-roman"],"_links":{"self":[{"href":"https:\/\/www.ttistanbulspor.org\/index.php\/wp-json\/wp\/v2\/product\/7276","targetHints":{"allow":["GET"]}}],"collection":[{"href":"https:\/\/www.ttistanbulspor.org\/index.php\/wp-json\/wp\/v2\/product"}],"about":[{"href":"https:\/\/www.ttistanbulspor.org\/index.php\/wp-json\/wp\/v2\/types\/product"}],"replies":[{"embeddable":true,"href":"https:\/\/www.ttistanbulspor.org\/index.php\/wp-json\/wp\/v2\/comments?post=7276"}],"wp:featuredmedia":[{"embeddable":true,"href":"https:\/\/www.ttistanbulspor.org\/index.php\/wp-json\/wp\/v2\/media\/7279"}],"wp:attachment":[{"href":"https:\/\/www.ttistanbulspor.org\/index.php\/wp-json\/wp\/v2\/media?parent=7276"}],"curies":[{"name":"wp","href":"https:\/\/api.w.org\/{rel}","templated":true}]}}