{"id":7272,"date":"2019-09-25T11:33:42","date_gmt":"2019-09-25T08:33:42","guid":{"rendered":"http:\/\/www.ttistanbulspor.org\/?post_type=product&#038;p=7272"},"modified":"2019-09-25T11:33:44","modified_gmt":"2019-09-25T08:33:44","slug":"cocukluk-adasi","status":"publish","type":"product","link":"https:\/\/www.ttistanbulspor.org\/index.php\/urun\/cocukluk-adasi\/","title":{"rendered":"\u00c7OCUKLUK ADASI"},"content":{"rendered":"<p><b>&#8220;\u00c7ocuklu\u011fum denen bu kuyunun dibinde ku\u015fkusuz o, annem, anneci\u011fim vard\u0131. Beni kurtarm\u0131\u015ft\u0131.&#8221;<\/b><\/p>\n<p>Knausgaardmania Amerika&#8217;da &#8220;\u00c7ocukluk Adas\u0131&#8221; ile ba\u015flad\u0131 ve etkileri t\u00fcm d\u00fcnyada hissedilen kuvvetli bir edebi f\u0131rt\u0131naya d\u00f6n\u00fc\u015ft\u00fc. \u00c7ocukluk Adas\u0131, hep geri d\u00f6nmek istedi\u011fimiz \u00e7ocukluk zamanlar\u0131n\u0131 anlat\u0131yor. Knausgaard, bilinmeyen zamanlar\u0131n b\u00fcy\u00fcs\u00fcne ve g\u00fczelli\u011fine g\u00f6t\u00fcr\u00fcyor bizleri. \u00d6zlemleriyle hepimize seslenen bir \u00e7ocu\u011fa hayat veriyor: hepimizin i\u00e7indeki \u00e7ocu\u011fa.<\/p>\n<p>&#8220;Yirmi birinci y\u00fczy\u0131l\u0131n en b\u00fcy\u00fck edebiyat olay\u0131 olmaya aday.&#8221;<br \/>\n-Guardian-<\/p>\n<p>&#8220;Herkes bir tutam Knausgaard istiyor.&#8221;<br \/>\n-Vice-<\/p>\n<p>&#8220;Selfie \u00e7a\u011f\u0131n\u0131n ba\u015fyap\u0131t\u0131.&#8221;<br \/>\n-Guardian-<\/p>\n","protected":false},"excerpt":{"rendered":"<p>&#8220;Uzun hat\u0131ralar\u0131n\u0131 kaleme d\u00f6kt\u00fck\u00e7e giderek Wordsworth-vari bir \u00fcslup kazanan Knausgaard i\u00e7in hayat\u0131n ger\u00e7e\u011fi, her \u015feyin kayna\u011f\u0131 ve s\u0131cakl\u0131\u011f\u0131 \u00e7ocukluk; ondan uzakla\u015fmak zorunda kalmak, ki hepimiz bunu yapmak zorunday\u0131z, g\u00fcne\u015ften uzakla\u015fmaya e\u015fde\u011fer. Kavgam okuyucular\u0131 \u00e7ocuklu\u011fa d\u00f6nd\u00fcr\u00fcyor (bilhassa da Knausgaard&#8217;\u0131n 1970&#8217;lerin Norve\u00e7&#8217;indeki \u00e7ocuklu\u011funa) ve bizleri art\u0131k \u00e7ok uzaklarda kalan o s\u0131z\u0131larla (m\u0131s\u0131r gevre\u011fi, babam\u0131z\u0131n k\u00f6t\u00fc mizac\u0131ndan korkmak, haval\u0131 bir \u00e7anta veya yeni bir mayo al\u0131nca hissettiklerimiz, okulda ge\u00e7irilen bir g\u00fcn\u00fcn getirdi\u011fi korku ve mutluluklar) ku\u015fat\u0131yor. Ve sanki okuyucular\u0131na \u015f\u00f6yle sesleniyor: Bunu g\u00f6r\u00fcn, hissedin ve her bir saniyesini hat\u0131rlay\u0131n ki kavray\u0131\u015f\u0131n\u0131zdan kurtulmaya ba\u015flad\u0131\u011f\u0131 anda onu yeniden ele ge\u00e7irin.&#8221;<\/p>\n","protected":false},"featured_media":7273,"comment_status":"open","ping_status":"closed","template":"","meta":[],"class_list":["post-7272","product","type-product","status-publish","has-post-thumbnail","hentry","product_cat-dunya-roman"],"_links":{"self":[{"href":"https:\/\/www.ttistanbulspor.org\/index.php\/wp-json\/wp\/v2\/product\/7272","targetHints":{"allow":["GET"]}}],"collection":[{"href":"https:\/\/www.ttistanbulspor.org\/index.php\/wp-json\/wp\/v2\/product"}],"about":[{"href":"https:\/\/www.ttistanbulspor.org\/index.php\/wp-json\/wp\/v2\/types\/product"}],"replies":[{"embeddable":true,"href":"https:\/\/www.ttistanbulspor.org\/index.php\/wp-json\/wp\/v2\/comments?post=7272"}],"wp:featuredmedia":[{"embeddable":true,"href":"https:\/\/www.ttistanbulspor.org\/index.php\/wp-json\/wp\/v2\/media\/7273"}],"wp:attachment":[{"href":"https:\/\/www.ttistanbulspor.org\/index.php\/wp-json\/wp\/v2\/media?parent=7272"}],"curies":[{"name":"wp","href":"https:\/\/api.w.org\/{rel}","templated":true}]}}