{"id":7270,"date":"2019-09-25T11:30:31","date_gmt":"2019-09-25T08:30:31","guid":{"rendered":"http:\/\/www.ttistanbulspor.org\/?post_type=product&#038;p=7270"},"modified":"2019-09-25T11:30:32","modified_gmt":"2019-09-25T08:30:32","slug":"kavgam","status":"publish","type":"product","link":"https:\/\/www.ttistanbulspor.org\/index.php\/urun\/kavgam\/","title":{"rendered":"KAVGAM"},"content":{"rendered":"<p><b>&#8220;Kalp i\u00e7in hayat basittir: Atabildi\u011fi kadar atar. Sonra durur.&#8221;<\/b><\/p>\n<p>Hi\u00e7bir s\u0131r b\u0131rakmayan bir d\u00fcr\u00fcstl\u00fckle yaz\u0131yor Knausgaard. O yazd\u0131k\u00e7a nefesler tutuluyor, heyecandan kalp \u00e7ok kereler duracak gibi oluyor. Onun ya\u015fam\u0131na giriyor, kendi kalbinizden \u00e7ok ama \u00e7ok uzaklara gidiyorsunuz ama bir anda orada sadece kendi kalbinizin att\u0131\u011f\u0131n\u0131 duyuyorsunuz. Knausgaard Kavgam&#8217;da e\u015fsiz bir ustal\u0131kla bize ya\u015famlar\u0131m\u0131z\u0131 geri veriyor.<\/p>\n<p>&#8216;Karl Ove&#8217;nin kayda de\u011fer yetene\u011fi ki bu yetenek bug\u00fcnlerde ender bulunuyor, tamamen anda ve kendi varl\u0131\u011f\u0131n\u0131n fark\u0131nda olmas\u0131. Her detay s\u00fcsleme ve g\u00f6steri\u015ften uzak bir bi\u00e7imde ortaya konuyor, sanki yazmak ve ya\u015famak e\u015fzamanl\u0131 oluyormu\u015f gibi. Sizi tamamen i\u00e7ine \u00e7ekiyor. Onun hayat\u0131n\u0131 onunla birlikte ya\u015f\u0131yorsunuz.&#8217;<br \/>\n-Zadie Smith, New York Review of Books-<\/p>\n<p>Kavgam&#8217;\u0131n ilk iki cildinde s\u0131tma ate\u015fine tutulmu\u015f gibi oldum. 4 g\u00fcn boyunca okumaktan ba\u015fka \u00e7ok az \u015fey yapt\u0131m, e-postalar\u0131m\u0131 cevaplamad\u0131m, k\u00f6pe\u011fimi y\u00fcr\u00fcy\u00fc\u015fe \u00e7\u0131karmad\u0131m, bula\u015f\u0131klar lavaboda y\u0131\u011f\u0131ld\u0131. Anlat\u0131n\u0131n \u0131\u015f\u0131klar\u0131 sizi oldu\u011funuz yere m\u0131hl\u0131yor, t\u0131pk\u0131 otoban\u0131n ortas\u0131nda kalakalm\u0131\u015f bir hayvan gibi.&#8217;<br \/>\n-Dwight Garner, The New York Times-<\/p>\n<p>&#8216;Kavgam, Knausgaard&#8217;\u0131n s\u0131ra d\u0131\u015f\u0131 6 ciltlik roman\u0131 t\u00fcm bilinen ticari reklamlar\u0131 alt \u00fcst ederek yazar\u0131n\u0131 bir rock y\u0131ld\u0131z\u0131 haline getirdi. Sadece Norve\u00e7&#8217;te 450.000 adet sat\u0131ld\u0131, her 9 yeti\u015fkinden biri Kavgam&#8217;\u0131 okudu.&#8217;<br \/>\n-Emma Brockes, The Guardian-<\/p>\n<p>&#8216;B\u0131rakam\u0131yorum, b\u0131rakmak istiyorum, b\u0131rakam\u0131yorum, sadece bir sayfa daha, sonra ak\u015fam yeme\u011fini haz\u0131rlayaca\u011f\u0131m, bir sayfa daha\u2026&#8217;<br \/>\n-V\u00e4sterbottens-kuriren, \u0130sve\u00e7-<\/p>\n","protected":false},"excerpt":{"rendered":"<p><b>Karl Ove Knausgaard (1968)<\/b><br \/>\nNorve\u00e7 Oslo&#8217;da do\u011fmu\u015f olan yazar Karl Ove Knausgaard, t\u00fcm d\u00fcnyada edebi bir sars\u0131nt\u0131 yaratan Kavgam adl\u0131 6 kitaptan olu\u015fan romanlar serisi ile tan\u0131nmaktad\u0131r. Kavgam&#8217;\u0131n ilk kitab\u0131 2009&#8217;da bas\u0131ld\u0131ktan hemen sonra be\u015f milyon n\u00fcfuslu Norve\u00e7te b\u00fcy\u00fck bir sansasyon yaratarak yar\u0131m milyonluk bir sat\u0131\u015f hacmine ula\u015fm\u0131\u015ft\u0131r. Serinin etkileri dalga dalga yay\u0131larak Amerika ve Avrupa&#8217;y\u0131 derinden sarsm\u0131\u015ft\u0131r. Kavgam k\u0131sa bir s\u00fcre i\u00e7inde 22 dile \u00e7evrilmi\u015f ve Knausgaard&#8217;\u0131 d\u00fcnyan\u0131n en s\u0131rad\u0131\u015f\u0131 edebiyat fenomeni haline getirmi\u015ftir. Yazar \u015fu an \u0130sve\u00e7 \u00d6sterlen&#8217;de yine bir yazar olan e\u015fi Linda Bostr\u00f6m Knausgaard ve 4 \u00e7ocu\u011fu ile birlikte ya\u015famaktad\u0131r.<\/p>\n","protected":false},"featured_media":7271,"comment_status":"open","ping_status":"closed","template":"","meta":[],"class_list":["post-7270","product","type-product","status-publish","has-post-thumbnail","hentry","product_cat-dunya-roman"],"_links":{"self":[{"href":"https:\/\/www.ttistanbulspor.org\/index.php\/wp-json\/wp\/v2\/product\/7270","targetHints":{"allow":["GET"]}}],"collection":[{"href":"https:\/\/www.ttistanbulspor.org\/index.php\/wp-json\/wp\/v2\/product"}],"about":[{"href":"https:\/\/www.ttistanbulspor.org\/index.php\/wp-json\/wp\/v2\/types\/product"}],"replies":[{"embeddable":true,"href":"https:\/\/www.ttistanbulspor.org\/index.php\/wp-json\/wp\/v2\/comments?post=7270"}],"wp:featuredmedia":[{"embeddable":true,"href":"https:\/\/www.ttistanbulspor.org\/index.php\/wp-json\/wp\/v2\/media\/7271"}],"wp:attachment":[{"href":"https:\/\/www.ttistanbulspor.org\/index.php\/wp-json\/wp\/v2\/media?parent=7270"}],"curies":[{"name":"wp","href":"https:\/\/api.w.org\/{rel}","templated":true}]}}