{"id":7268,"date":"2019-09-25T11:27:48","date_gmt":"2019-09-25T08:27:48","guid":{"rendered":"http:\/\/www.ttistanbulspor.org\/?post_type=product&#038;p=7268"},"modified":"2019-09-25T11:27:54","modified_gmt":"2019-09-25T08:27:54","slug":"asik-bir-adam","status":"publish","type":"product","link":"https:\/\/www.ttistanbulspor.org\/index.php\/urun\/asik-bir-adam\/","title":{"rendered":"A\u015eIK B\u0130R ADAM"},"content":{"rendered":"<p><b>&#8220;S\u0131r\u0131ls\u0131klam \u00e2\u015f\u0131k olmu\u015ftum ve her \u015fey m\u00fcmk\u00fcnd\u00fc. Her \u015fey anlam y\u00fckl\u00fcyd\u00fc.&#8221;<\/b><\/p>\n<p>Knausgaard&#8217;\u0131n Kavgam&#8217;\u0131 art\u0131k milyonlar\u0131n kavgas\u0131 oldu, Hepimizin Kavgas\u0131na d\u00f6n\u00fc\u015ft\u00fc. \u00c2\u015f\u0131k Bir Adam&#8217;da yeni ba\u015flang\u0131\u00e7lar, \u00e2\u015fk ve dostluk i\u00e7in verdi\u011fi ola\u011fan\u00fcst\u00fc m\u00fccadeleye g\u00f6t\u00fcr\u00fcyor bizi Knausgaard. Kalbi and\u0131ran bir mavi bulutun s\u0131rt\u0131nda Linda&#8217;ya \u00e2\u015f\u0131k oluyorken buluyoruz kendimizi. Knausgaard ya\u015fam kadar gizemli, ya\u015fam kadar ger\u00e7ek bu kitapta e\u015fsiz bir d\u00fcr\u00fcstl\u00fckle bize mutluluklar\u0131m\u0131z\u0131 geri veriyor.<\/p>\n<p>&#8220;Ya\u015fam\u0131n kendisi gibi in\u015fa edilmi\u015f ve ya\u015fam\u0131n kendisi kadar ger\u00e7ek. A\u015f\u0131k Bir adam kendimizi nas\u0131l yaratt\u0131\u011f\u0131m\u0131za ve iyile\u015ftirdi\u011fimize dair cesur bir ke\u015fif.&#8221;<br \/>\n-Stuart Evers Observer-<\/p>\n<p>&#8220;\u0130nan\u0131lmaz, akl\u0131m\u0131 ba\u015f\u0131mdan ald\u0131, ba\u011f\u0131ml\u0131s\u0131 oldum. Bir sonrakine hemen \u015fimdi ihtiyac\u0131m var\u2026&#8221;<br \/>\n-Zadie Smith-<\/p>\n<p>&#8220;Knausgaard kendini zorlayarak daha \u00f6nce yap\u0131lmam\u0131\u015f bir \u015fey yapt\u0131 ve otobiyografik roman\u0131n ses duvar\u0131n\u0131 a\u015ft\u0131. Her sinir ucunu ate\u015flerken okuyucular\u0131 ya\u015faman\u0131n ne kadar harika bir his oldu\u011funu anlamaya davet ediyor&#8221;<br \/>\n-Jeffrey Eugenides, New York Times-<\/p>\n","protected":false},"excerpt":{"rendered":"<p>&#8220;Peki di\u011fer yazarlar\u0131n Knausgaard&#8217;\u0131 g\u00f6klere \u00e7\u0131kar\u0131p, onu edebi \u00f6nc\u00fcleri ilan etmesine neden olan nedir? Bunun cevab\u0131 hayat\u0131n\u0131n amac\u0131na odaklanma yo\u011funlu\u011funda yatmaktad\u0131r. Yazarla okur aras\u0131ndaki duvarda delik a\u00e7\u0131yor, di\u011fer romanlar\u0131 yapmac\u0131k, &#8216;uydurma&#8217;, alakas\u0131z g\u00f6sterecek bir mikro-ger\u00e7ek\u00e7ilik ve duygusal do\u011fruluk bi\u00e7imine ge\u00e7iyor&#8230; \u0130ster bir bebe\u011fin do\u011fum g\u00fcn\u00fc partisinde yeti\u015fkinlerin yabanc\u0131l\u0131k duygusuna kap\u0131ld\u0131\u011f\u0131n\u0131, ister y\u0131lba\u015f\u0131nda alkol almaya \u00e7al\u0131\u015fan bir ergenin an\u0131lar\u0131n\u0131 yazs\u0131n, Knausgaard ola\u011fan\u00fcst\u00fc duygusal ayr\u0131nt\u0131lara girmeye haz\u0131rlan\u0131yor&#8230; etkileri t\u00fcm\u00fcyle hipnotize edici.&#8221;<br \/>\n-Andrew Anthony, The Observer-<\/p>\n<p>&#8220;[Kavgam] hayatta olman\u0131n canl\u0131, ezici hissini sayfada tekrarl\u0131yor&#8230; tatmin edici ve dokunakl\u0131.&#8221;<br \/>\n-The National (UAE)-<br \/>\n&#8220;Neden alt\u0131 ciltlik, 3600 sayfal\u0131k Norve\u00e7\u00e7e bir roman yazan bir adam hakk\u0131ndaki alt\u0131 ciltlik, 3600 sayfal\u0131k Norve\u00e7\u00e7e bir roman\u0131 okuyas\u0131n\u0131z ki? K\u0131sa cevab\u0131, bunun ola\u011fan\u00fcst\u00fc iyi oldu\u011fu ve kendinizi durduramad\u0131\u011f\u0131n\u0131z, durdurmak da istemedi\u011finiz olabilir&#8230; Kar\u015f\u0131 koyulamayacak kadar g\u00fczel.&#8221;<br \/>\n-Leland de la Durantaye, The New York Times Book Review-<\/p>\n<p>&#8220;Yeni babalar mutlaka okumal\u0131&#8221;<br \/>\n-Richard Godwin, Evening Standard-<\/p>\n<p>&#8220;Ba\u015fka hi\u00e7bir \u015feye benzemeyen bir okuma deneyimi. Ger\u00e7ekleri anlatmakta \u00f6ylesine korkusuz, \u00f6ylesine ya\u015fam kadar ger\u00e7ek. Ya\u015fad\u0131\u011f\u0131n\u0131 hissetmenin ne demek oldu\u011fu anlatan epik bir \u00e7al\u0131\u015fma.&#8221;<br \/>\n-Carys Davies Metro-<\/p>\n<p>&#8220;A\u015f\u0131r\u0131 do\u011fall\u0131\u011f\u0131 m\u00fcmk\u00fcn olabilece\u011fini d\u00fc\u015f\u00fcnd\u00fc\u011f\u00fcm\u00fczden \u00e7ok daha yo\u011fun bir ger\u00e7eklik yarat\u0131yor. T\u00fcm itiraflar\u0131 g\u00f6lgede b\u0131rakan bir itiraf roman\u0131.&#8221;<br \/>\n-Times Literary Supplement (UK)-<\/p>\n<p>&#8220;Knausgaard insan varolu\u015funun i\u00e7 merkezine sesleniyor. Kimilerine \u00fcn getiren, kimilerineyse getirmeyen ve g\u00fcn\u00fcm\u00fcz yazarlar\u0131 aras\u0131nda Knausgaard&#8217;dan daha iyisinin bulunmad\u0131\u011f\u0131 bir giri\u015fimle kar\u015f\u0131 kar\u015f\u0131yay\u0131z.&#8221;<br \/>\n-The New Statesman-<br \/>\n(Tan\u0131t\u0131m B\u00fclteninden)<\/p>\n","protected":false},"featured_media":7269,"comment_status":"open","ping_status":"closed","template":"","meta":[],"class_list":["post-7268","product","type-product","status-publish","has-post-thumbnail","hentry","product_cat-dunya-roman"],"_links":{"self":[{"href":"https:\/\/www.ttistanbulspor.org\/index.php\/wp-json\/wp\/v2\/product\/7268","targetHints":{"allow":["GET"]}}],"collection":[{"href":"https:\/\/www.ttistanbulspor.org\/index.php\/wp-json\/wp\/v2\/product"}],"about":[{"href":"https:\/\/www.ttistanbulspor.org\/index.php\/wp-json\/wp\/v2\/types\/product"}],"replies":[{"embeddable":true,"href":"https:\/\/www.ttistanbulspor.org\/index.php\/wp-json\/wp\/v2\/comments?post=7268"}],"wp:featuredmedia":[{"embeddable":true,"href":"https:\/\/www.ttistanbulspor.org\/index.php\/wp-json\/wp\/v2\/media\/7269"}],"wp:attachment":[{"href":"https:\/\/www.ttistanbulspor.org\/index.php\/wp-json\/wp\/v2\/media?parent=7268"}],"curies":[{"name":"wp","href":"https:\/\/api.w.org\/{rel}","templated":true}]}}