{"id":7264,"date":"2019-09-25T11:10:28","date_gmt":"2019-09-25T08:10:28","guid":{"rendered":"http:\/\/www.ttistanbulspor.org\/?post_type=product&#038;p=7264"},"modified":"2019-09-25T11:10:30","modified_gmt":"2019-09-25T08:10:30","slug":"casus","status":"publish","type":"product","link":"https:\/\/www.ttistanbulspor.org\/index.php\/urun\/casus\/","title":{"rendered":"CASUS"},"content":{"rendered":"<p>Yanl\u0131\u015f devirde do\u011fmu\u015f bir kad\u0131n\u0131m ben, hi\u00e7bir \u015fey d\u00fczeltemez bunu. Gelecekte hat\u0131rlanacak m\u0131y\u0131m, bilmiyorum ama \u015fayet hat\u0131rlan\u0131rsam ma\u011fdur bir kad\u0131n olarak de\u011fil, cesur ad\u0131mlar atm\u0131\u015f ve \u00f6demesi gereken bedeli korkmadan \u00f6demi\u015f biri olarak g\u00f6r\u00fclmek istiyorum.<\/p>\n<p>Mata Hari&#8217;nin tek su\u00e7u \u00f6zg\u00fcr bir kad\u0131n olmakt\u0131: S\u0131n\u0131rlar ve s\u0131n\u0131rlamalarla dolu bir d\u00fcnyada kaderine boyun e\u011fmeyen bir kad\u0131n&#8230;<\/p>\n<p>Paulo Coelho, 20. y\u00fczy\u0131l ba\u015f\u0131nda casuslukla su\u00e7lanarak idama mahk\u00fbm edilen Mata Hari ile avukat\u0131 aras\u0131ndaki yaz\u0131\u015fmalardan yola \u00e7\u0131karak kurgulad\u0131\u011f\u0131 Casus&#8217;ta bu ola\u011fan\u00fcst\u00fc ki\u015fili\u011fi bir roman kahraman\u0131na d\u00f6n\u00fc\u015ft\u00fcrerek hayat\u0131n ve a\u015fk\u0131n gizemlerini sorguluyor.<\/p>\n","protected":false},"excerpt":{"rendered":"<p>Yanl\u0131\u015f devirde do\u011fmu\u015f bir kad\u0131n\u0131m ben, hi\u00e7bir \u015fey d\u00fczeltemez bunu. Gelecekte hat\u0131rlanacak m\u0131y\u0131m, bilmiyorum ama \u015fayet hat\u0131rlan\u0131rsam ma\u011fdur bir kad\u0131n olarak de\u011fil, cesur ad\u0131mlar atm\u0131\u015f ve \u00f6demesi gereken bedeli korkmadan \u00f6demi\u015f biri olarak g\u00f6r\u00fclmek istiyorum.<\/p>\n<p>Mata Hari&#8217;nin tek su\u00e7u \u00f6zg\u00fcr bir kad\u0131n olmakt\u0131: S\u0131n\u0131rlar ve s\u0131n\u0131rlamalarla dolu bir d\u00fcnyada kaderine boyun e\u011fmeyen bir kad\u0131n&#8230;<\/p>\n<p>Paulo Coelho, 20. y\u00fczy\u0131l ba\u015f\u0131nda casuslukla su\u00e7lanarak idama mahk\u00fbm edilen Mata Hari ile avukat\u0131 aras\u0131ndaki yaz\u0131\u015fmalardan yola \u00e7\u0131karak kurgulad\u0131\u011f\u0131 Casus&#8217;ta bu ola\u011fan\u00fcst\u00fc ki\u015fili\u011fi bir roman kahraman\u0131na d\u00f6n\u00fc\u015ft\u00fcrerek hayat\u0131n ve a\u015fk\u0131n gizemlerini sorguluyor.<\/p>\n","protected":false},"featured_media":7265,"comment_status":"open","ping_status":"closed","template":"","meta":[],"class_list":["post-7264","product","type-product","status-publish","has-post-thumbnail","hentry","product_cat-dunya-roman"],"_links":{"self":[{"href":"https:\/\/www.ttistanbulspor.org\/index.php\/wp-json\/wp\/v2\/product\/7264","targetHints":{"allow":["GET"]}}],"collection":[{"href":"https:\/\/www.ttistanbulspor.org\/index.php\/wp-json\/wp\/v2\/product"}],"about":[{"href":"https:\/\/www.ttistanbulspor.org\/index.php\/wp-json\/wp\/v2\/types\/product"}],"replies":[{"embeddable":true,"href":"https:\/\/www.ttistanbulspor.org\/index.php\/wp-json\/wp\/v2\/comments?post=7264"}],"wp:featuredmedia":[{"embeddable":true,"href":"https:\/\/www.ttistanbulspor.org\/index.php\/wp-json\/wp\/v2\/media\/7265"}],"wp:attachment":[{"href":"https:\/\/www.ttistanbulspor.org\/index.php\/wp-json\/wp\/v2\/media?parent=7264"}],"curies":[{"name":"wp","href":"https:\/\/api.w.org\/{rel}","templated":true}]}}