{"id":7262,"date":"2019-09-25T11:04:56","date_gmt":"2019-09-25T08:04:56","guid":{"rendered":"http:\/\/www.ttistanbulspor.org\/?post_type=product&#038;p=7262"},"modified":"2019-09-30T08:03:43","modified_gmt":"2019-09-30T05:03:43","slug":"oksuzler-tireni","status":"publish","type":"product","link":"https:\/\/www.ttistanbulspor.org\/index.php\/urun\/oksuzler-tireni\/","title":{"rendered":"\u00d6KS\u00dcZLER TREN\u0130"},"content":{"rendered":"<p>Bazen i\u00e7inizdeki \u00e7ocuk ge\u00e7mi\u015finizde hapsolur ve siz o \u00e7ocu\u011fu kurtarmak i\u00e7in t\u00fcm umutlara s\u0131ms\u0131k\u0131 sar\u0131l\u0131rs\u0131n\u0131z\u2026<\/p>\n<p>Binlerce \u00e7ocuk d\u00fc\u015f\u00fcn\u00fcn, ya ailesini hi\u00e7 tan\u0131mam\u0131\u015f ya da ailesini kaybetmi\u015f. Kimsesiz \u00e7ocuklar\u0131 d\u00fc\u015f\u00fcn\u00fcn, g\u00fclen g\u00f6zleriyle size bakan. Tek istedikleri s\u0131cak bir yuvayken, tek umutlar\u0131 ise onlar\u0131 bilinmeyen geleceklerine ta\u015f\u0131yan \u00d6ks\u00fczler Treni&#8217;dir.<\/p>\n<p>1929 y\u0131l\u0131 Amerika&#8217;s\u0131nda Vivian Daly de o trende yolculuk eden \u00e7ocuklardan sadece biridir. K\u00fc\u00e7\u00fck ya\u015fta hayat\u0131n zorluklar\u0131yla kar\u015f\u0131la\u015fan Vivian, bir \u015fekilde kaderine y\u00f6n vermek zorundad\u0131r. Bunu ger\u00e7ekle\u015ftirme g\u00fcc\u00fcn\u00fc de ona nereden geldi\u011fini hat\u0131rlatan aile yadig\u00e2r\u0131 kolyesinde bulacakt\u0131r\u2026<\/p>\n<p>On yedi ya\u015f\u0131ndaki Molly Ayer, son \u015fans\u0131n\u0131 da t\u00fcketmek \u00fczere oldu\u011funun fark\u0131ndad\u0131r. Ona bakmakla y\u00fck\u00fcml\u00fc olan aileyle aras\u0131 iyice a\u00e7\u0131lan Molly&#8217;nin tek \u015fans\u0131, kamu hizmeti ad\u0131na doksan bir ya\u015f\u0131ndaki ya\u015fl\u0131 bir kad\u0131n\u0131n \u00e7at\u0131 kat\u0131n\u0131 temizlemeye ba\u011fl\u0131d\u0131r. Molly bu i\u015fi g\u00f6n\u00fcls\u00fczce yapacak olsa da asl\u0131nda o ya\u015fl\u0131 kad\u0131nla ne kadar \u00e7ok ortak y\u00f6nleri oldu\u011funu ya\u015fayarak \u00f6\u011frenecek ve ge\u00e7mi\u015fte hapsolan ruhlar\u0131n\u0131 \u00f6zg\u00fcr b\u0131rakma yollar\u0131n\u0131 onunla birlikte ke\u015ffedecektir.<\/p>\n<p>\u00d6ks\u00fczler Treni ikinci \u015fanslar\u0131, beklenmedik dostluklar\u0131 ve bizi kim oldu\u011fumuzu ke\u015ffetmekten al\u0131koyan s\u0131rlar\u0131 bar\u0131nd\u0131ran muhte\u015fem bir roman.<\/p>\n<p>&#8220;S\u00fcr\u00fckleyici\u2026 Bir eve ait olma hissini arayan iki kad\u0131n\u0131n y\u00fcrek burkan hik\u00e2yesi.&#8221;<br \/>\n-Publishers Weekly-<\/p>\n","protected":false},"excerpt":{"rendered":"<p>Bazen i\u00e7inizdeki \u00e7ocuk ge\u00e7mi\u015finizde hapsolur ve siz o \u00e7ocu\u011fu kurtarmak i\u00e7in t\u00fcm umutlara s\u0131ms\u0131k\u0131 sar\u0131l\u0131rs\u0131n\u0131z\u2026<\/p>\n<p>Binlerce \u00e7ocuk d\u00fc\u015f\u00fcn\u00fcn, ya ailesini hi\u00e7 tan\u0131mam\u0131\u015f ya da ailesini kaybetmi\u015f. Kimsesiz \u00e7ocuklar\u0131 d\u00fc\u015f\u00fcn\u00fcn, g\u00fclen g\u00f6zleriyle size bakan. Tek istedikleri s\u0131cak bir yuvayken, tek umutlar\u0131 ise onlar\u0131 bilinmeyen geleceklerine ta\u015f\u0131yan \u00d6ks\u00fczler Treni&#8217;dir.<\/p>\n<p>1929 y\u0131l\u0131 Amerika&#8217;s\u0131nda Vivian Daly de o trende yolculuk eden \u00e7ocuklardan sadece biridir. K\u00fc\u00e7\u00fck ya\u015fta hayat\u0131n zorluklar\u0131yla kar\u015f\u0131la\u015fan Vivian, bir \u015fekilde kaderine y\u00f6n vermek zorundad\u0131r. Bunu ger\u00e7ekle\u015ftirme g\u00fcc\u00fcn\u00fc de ona nereden geldi\u011fini hat\u0131rlatan aile yadig\u00e2r\u0131 kolyesinde bulacakt\u0131r\u2026<\/p>\n<p>On yedi ya\u015f\u0131ndaki Molly Ayer, son \u015fans\u0131n\u0131 da t\u00fcketmek \u00fczere oldu\u011funun fark\u0131ndad\u0131r. Ona bakmakla y\u00fck\u00fcml\u00fc olan aileyle aras\u0131 iyice a\u00e7\u0131lan Molly&#8217;nin tek \u015fans\u0131, kamu hizmeti ad\u0131na doksan bir ya\u015f\u0131ndaki ya\u015fl\u0131 bir kad\u0131n\u0131n \u00e7at\u0131 kat\u0131n\u0131 temizlemeye ba\u011fl\u0131d\u0131r. Molly bu i\u015fi g\u00f6n\u00fcls\u00fczce yapacak olsa da asl\u0131nda o ya\u015fl\u0131 kad\u0131nla ne kadar \u00e7ok ortak y\u00f6nleri oldu\u011funu ya\u015fayarak \u00f6\u011frenecek ve ge\u00e7mi\u015fte hapsolan ruhlar\u0131n\u0131 \u00f6zg\u00fcr b\u0131rakma yollar\u0131n\u0131 onunla birlikte ke\u015ffedecektir.<\/p>\n<p>\u00d6ks\u00fczler Treni ikinci \u015fanslar\u0131, beklenmedik dostluklar\u0131 ve bizi kim oldu\u011fumuzu ke\u015ffetmekten al\u0131koyan s\u0131rlar\u0131 bar\u0131nd\u0131ran muhte\u015fem bir roman.<\/p>\n<p>&#8220;S\u00fcr\u00fckleyici\u2026 Bir eve ait olma hissini arayan iki kad\u0131n\u0131n y\u00fcrek burkan hik\u00e2yesi.&#8221;<br \/>\n-Publishers Weekly-<\/p>\n","protected":false},"featured_media":7263,"comment_status":"open","ping_status":"closed","template":"","meta":[],"class_list":["post-7262","product","type-product","status-publish","has-post-thumbnail","hentry","product_cat-dunya-roman"],"_links":{"self":[{"href":"https:\/\/www.ttistanbulspor.org\/index.php\/wp-json\/wp\/v2\/product\/7262","targetHints":{"allow":["GET"]}}],"collection":[{"href":"https:\/\/www.ttistanbulspor.org\/index.php\/wp-json\/wp\/v2\/product"}],"about":[{"href":"https:\/\/www.ttistanbulspor.org\/index.php\/wp-json\/wp\/v2\/types\/product"}],"replies":[{"embeddable":true,"href":"https:\/\/www.ttistanbulspor.org\/index.php\/wp-json\/wp\/v2\/comments?post=7262"}],"wp:featuredmedia":[{"embeddable":true,"href":"https:\/\/www.ttistanbulspor.org\/index.php\/wp-json\/wp\/v2\/media\/7263"}],"wp:attachment":[{"href":"https:\/\/www.ttistanbulspor.org\/index.php\/wp-json\/wp\/v2\/media?parent=7262"}],"curies":[{"name":"wp","href":"https:\/\/api.w.org\/{rel}","templated":true}]}}