{"id":7260,"date":"2019-09-25T11:00:00","date_gmt":"2019-09-25T08:00:00","guid":{"rendered":"http:\/\/www.ttistanbulspor.org\/?post_type=product&#038;p=7260"},"modified":"2019-09-25T11:00:08","modified_gmt":"2019-09-25T08:00:08","slug":"olu-evinden-anilar","status":"publish","type":"product","link":"https:\/\/www.ttistanbulspor.org\/index.php\/urun\/olu-evinden-anilar\/","title":{"rendered":"\u00d6l\u00fc Evinden An\u0131lar"},"content":{"rendered":"<p>1821 &#8211; 1881 y\u0131llar\u0131 aras\u0131nda ya\u015fayan B\u00fcy\u00fck Rus Romanc\u0131s\u0131 Dostoyevski&#8217;nin ya\u015fam\u0131nda Sibirya&#8217;daki hapislik y\u0131llar\u0131n\u0131n \u00e7ok \u00f6nemli bir yeri vard\u0131r. 1849 &#8211; 1854 y\u0131llar\u0131 aras\u0131nda Sibirya&#8217;n\u0131n Omsk b\u00f6lgesindeki bu hapislik Dostoyevski&#8217;ye, horlanan ve ezilen insanlar\u0131 yak\u0131ndan tan\u0131ma, anlama ve inceleme olana\u011f\u0131yla birlikte, zengin bir malzeme kayna\u011f\u0131 da vermi\u015ftir. Dostoyevski, bu y\u0131llar\u0131n\u0131n an\u0131lar\u0131n\u0131 1861-1862&#8217;de Vremya dergisinde \u00d6l\u00fc Evinden An\u0131lar ad\u0131yla yay\u0131mlay\u0131nca \u00fcn\u00fcn\u00fc yenilemekle kalmam\u0131\u015f, Turgenyev ve Tolstoy&#8217;un \u00f6vg\u00fclerini de alm\u0131\u015ft\u0131r. Bir yazar\u0131n hapislik ya\u015fam\u0131n\u0131n canl\u0131 bir anlat\u0131m\u0131 olan \u00d6l\u00fc Evinden An\u0131lar, toplum d\u0131\u015f\u0131na itilmi\u015f insanlar\u0131n ac\u0131lar\u0131n\u0131 anlatan bir Dostoyevski ba\u015fyap\u0131t\u0131d\u0131r.<\/p>\n","protected":false},"excerpt":{"rendered":"<p>1821 &#8211; 1881 y\u0131llar\u0131 aras\u0131nda ya\u015fayan B\u00fcy\u00fck Rus Romanc\u0131s\u0131 Dostoyevski&#8217;nin ya\u015fam\u0131nda Sibirya&#8217;daki hapislik y\u0131llar\u0131n\u0131n \u00e7ok \u00f6nemli bir yeri vard\u0131r. 1849 &#8211; 1854 y\u0131llar\u0131 aras\u0131nda Sibirya&#8217;n\u0131n Omsk b\u00f6lgesindeki bu hapislik Dostoyevski&#8217;ye, horlanan ve ezilen insanlar\u0131 yak\u0131ndan tan\u0131ma, anlama ve inceleme olana\u011f\u0131yla birlikte, zengin bir malzeme kayna\u011f\u0131 da vermi\u015ftir. Dostoyevski, bu y\u0131llar\u0131n\u0131n an\u0131lar\u0131n\u0131 1861-1862&#8217;de Vremya dergisinde \u00d6l\u00fc Evinden An\u0131lar ad\u0131yla yay\u0131mlay\u0131nca \u00fcn\u00fcn\u00fc yenilemekle kalmam\u0131\u015f, Turgenyev ve Tolstoy&#8217;un \u00f6vg\u00fclerini de alm\u0131\u015ft\u0131r. Bir yazar\u0131n hapislik ya\u015fam\u0131n\u0131n canl\u0131 bir anlat\u0131m\u0131 olan \u00d6l\u00fc Evinden An\u0131lar, toplum d\u0131\u015f\u0131na itilmi\u015f insanlar\u0131n ac\u0131lar\u0131n\u0131 anlatan bir Dostoyevski ba\u015fyap\u0131t\u0131d\u0131r.<\/p>\n","protected":false},"featured_media":7261,"comment_status":"open","ping_status":"closed","template":"","meta":[],"class_list":["post-7260","product","type-product","status-publish","has-post-thumbnail","hentry","product_cat-dunya-klasik"],"_links":{"self":[{"href":"https:\/\/www.ttistanbulspor.org\/index.php\/wp-json\/wp\/v2\/product\/7260","targetHints":{"allow":["GET"]}}],"collection":[{"href":"https:\/\/www.ttistanbulspor.org\/index.php\/wp-json\/wp\/v2\/product"}],"about":[{"href":"https:\/\/www.ttistanbulspor.org\/index.php\/wp-json\/wp\/v2\/types\/product"}],"replies":[{"embeddable":true,"href":"https:\/\/www.ttistanbulspor.org\/index.php\/wp-json\/wp\/v2\/comments?post=7260"}],"wp:featuredmedia":[{"embeddable":true,"href":"https:\/\/www.ttistanbulspor.org\/index.php\/wp-json\/wp\/v2\/media\/7261"}],"wp:attachment":[{"href":"https:\/\/www.ttistanbulspor.org\/index.php\/wp-json\/wp\/v2\/media?parent=7260"}],"curies":[{"name":"wp","href":"https:\/\/api.w.org\/{rel}","templated":true}]}}