{"id":7246,"date":"2019-09-25T09:17:09","date_gmt":"2019-09-25T06:17:09","guid":{"rendered":"http:\/\/www.ttistanbulspor.org\/?post_type=product&#038;p=7246"},"modified":"2019-09-25T09:17:13","modified_gmt":"2019-09-25T06:17:13","slug":"kuyu-ve-sarkac","status":"publish","type":"product","link":"https:\/\/www.ttistanbulspor.org\/index.php\/urun\/kuyu-ve-sarkac\/","title":{"rendered":"KUYU VE SARKA\u00c7"},"content":{"rendered":"<p>Edgar Allan Poe, edebiyat tarihine yazd\u0131klar\u0131yla oldu\u011fu kadar ya\u015fam\u00f6yk\u00fcs\u00fcyle de damgas\u0131n\u0131 vurmu\u015ftur. Yoklukla, kay\u0131plarla, hastal\u0131klarla, alkolle ve sanr\u0131larla cebelle\u015fmesine ra\u011fmen, belki de tam bu y\u00fczden hem d\u00fcnya edebiyat\u0131 hem de Bat\u0131 k\u00fclt\u00fcr\u00fc \u00fczerinde derin bir etki b\u0131rakan ola\u011fan\u00fcst\u00fc \u00f6yk\u00fcler ve \u015fiirler yazm\u0131\u015ft\u0131r. Psikolojik gerilim unsurunu kusursuzla\u015ft\u0131rm\u0131\u015f, dedektiflik \u00f6yk\u00fcs\u00fcn\u00fc ke\u015ffetmi\u015f ve okuru kendi do\u011fa\u00fcst\u00fc \u00e2lemine g\u00f6t\u00fcrmeyi her seferinde ba\u015farm\u0131\u015ft\u0131r. \u201c\u015eehrazat\u2019\u0131n Bin \u0130kinci Masal\u0131\u201d, \u201cMorgue Soka\u011f\u0131 Cinayetleri\u201d, \u201cGammaz Y\u00fcrek\u201d, \u201cUsher Evi\u2019nin \u00c7\u00f6k\u00fc\u015f\u00fc\u201d, \u201cKara Kedi\u201d gibi bu s\u0131ra d\u0131\u015f\u0131 k\u00fclliyat\u0131n en \u00f6nemli \u00f6rneklerini i\u00e7eren Kuyu ve Sarka\u00e7 isimli bu derlemede deh\u015fet, delilik, \u015fiddet ve do\u011fa\u00fcst\u00fc g\u00fc\u00e7ler h\u00fck\u00fcm s\u00fcr\u00fcyor. Poe\u2019nun k\u00e2h fantastik k\u00e2h gotik k\u00e2h gizemli \u00f6\u011feler i\u00e7eren ama hep ustal\u0131kla kaleme ald\u0131\u011f\u0131 \u00f6yk\u00fclerinden olu\u015fan Kuyu ve Sarka\u00e7, yazar\u0131n e\u015fsiz dilini ve insan\u0131n i\u00e7inde, pusuda bekleyen karanl\u0131\u011f\u0131 ortaya koyma becerisini sergiliyor.<\/p>\n","protected":false},"excerpt":{"rendered":"<p>Edgar Allan Poe, edebiyat tarihine yazd\u0131klar\u0131yla oldu\u011fu kadar ya\u015fam\u00f6yk\u00fcs\u00fcyle de damgas\u0131n\u0131 vurmu\u015ftur. Yoklukla, kay\u0131plarla, hastal\u0131klarla, alkolle ve sanr\u0131larla cebelle\u015fmesine ra\u011fmen, belki de tam bu y\u00fczden hem d\u00fcnya edebiyat\u0131 hem de Bat\u0131 k\u00fclt\u00fcr\u00fc \u00fczerinde derin bir etki b\u0131rakan ola\u011fan\u00fcst\u00fc \u00f6yk\u00fcler ve \u015fiirler yazm\u0131\u015ft\u0131r. Psikolojik gerilim unsurunu kusursuzla\u015ft\u0131rm\u0131\u015f, dedektiflik \u00f6yk\u00fcs\u00fcn\u00fc ke\u015ffetmi\u015f ve okuru kendi do\u011fa\u00fcst\u00fc \u00e2lemine g\u00f6t\u00fcrmeyi her seferinde ba\u015farm\u0131\u015ft\u0131r. \u201c\u015eehrazat\u2019\u0131n Bin \u0130kinci Masal\u0131\u201d, \u201cMorgue Soka\u011f\u0131 Cinayetleri\u201d, \u201cGammaz Y\u00fcrek\u201d, \u201cUsher Evi\u2019nin \u00c7\u00f6k\u00fc\u015f\u00fc\u201d, \u201cKara Kedi\u201d gibi bu s\u0131ra d\u0131\u015f\u0131 k\u00fclliyat\u0131n en \u00f6nemli \u00f6rneklerini i\u00e7eren Kuyu ve Sarka\u00e7 isimli bu derlemede deh\u015fet, delilik, \u015fiddet ve do\u011fa\u00fcst\u00fc g\u00fc\u00e7ler h\u00fck\u00fcm s\u00fcr\u00fcyor. Poe\u2019nun k\u00e2h fantastik k\u00e2h gotik k\u00e2h gizemli \u00f6\u011feler i\u00e7eren ama hep ustal\u0131kla kaleme ald\u0131\u011f\u0131 \u00f6yk\u00fclerinden olu\u015fan Kuyu ve Sarka\u00e7, yazar\u0131n e\u015fsiz dilini ve insan\u0131n i\u00e7inde, pusuda bekleyen karanl\u0131\u011f\u0131 ortaya koyma becerisini sergiliyor.<\/p>\n","protected":false},"featured_media":7247,"comment_status":"open","ping_status":"closed","template":"","meta":[],"class_list":["post-7246","product","type-product","status-publish","has-post-thumbnail","hentry","product_cat-dunya-klasik"],"_links":{"self":[{"href":"https:\/\/www.ttistanbulspor.org\/index.php\/wp-json\/wp\/v2\/product\/7246","targetHints":{"allow":["GET"]}}],"collection":[{"href":"https:\/\/www.ttistanbulspor.org\/index.php\/wp-json\/wp\/v2\/product"}],"about":[{"href":"https:\/\/www.ttistanbulspor.org\/index.php\/wp-json\/wp\/v2\/types\/product"}],"replies":[{"embeddable":true,"href":"https:\/\/www.ttistanbulspor.org\/index.php\/wp-json\/wp\/v2\/comments?post=7246"}],"wp:featuredmedia":[{"embeddable":true,"href":"https:\/\/www.ttistanbulspor.org\/index.php\/wp-json\/wp\/v2\/media\/7247"}],"wp:attachment":[{"href":"https:\/\/www.ttistanbulspor.org\/index.php\/wp-json\/wp\/v2\/media?parent=7246"}],"curies":[{"name":"wp","href":"https:\/\/api.w.org\/{rel}","templated":true}]}}