{"id":7217,"date":"2019-09-25T08:18:27","date_gmt":"2019-09-25T05:18:27","guid":{"rendered":"http:\/\/www.ttistanbulspor.org\/?post_type=product&#038;p=7217"},"modified":"2019-09-25T08:18:40","modified_gmt":"2019-09-25T05:18:40","slug":"siir-uzerine-notlar","status":"publish","type":"product","link":"https:\/\/www.ttistanbulspor.org\/index.php\/urun\/siir-uzerine-notlar\/","title":{"rendered":"\u015e\u0130\u0130R \u00dcZER\u0130NE NOTLAR"},"content":{"rendered":"<p>\u015eiir \u00dczerine Notlar, T\u00fcrk \u015fiirini olu\u015fturan tek tek \u015fairlerin bir araya getirildi\u011fi bir anatomik harita&#8230; Da\u011flarca&#8217;dan Murathan Mungan&#8217;a, Ha\u015fim&#8217;den Enis Batur&#8217;a, ge\u00e7mi\u015fi ve bug\u00fcn\u00fcyle, T\u00fcrk \u015fiiri i\u00e7in ince elenip s\u0131k\u0131 dokunmu\u015f yaz\u0131lar&#8230;<\/p>\n","protected":false},"excerpt":{"rendered":"<p>\u015eiir \u00dczerine Notlar, T\u00fcrk \u015fiirini olu\u015fturan tek tek \u015fairlerin bir araya getirildi\u011fi bir anatomik harita&#8230; Da\u011flarca&#8217;dan Murathan Mungan&#8217;a, Ha\u015fim&#8217;den Enis Batur&#8217;a, ge\u00e7mi\u015fi ve bug\u00fcn\u00fcyle, T\u00fcrk \u015fiiri i\u00e7in ince elenip s\u0131k\u0131 dokunmu\u015f yaz\u0131lar&#8230;<\/p>\n","protected":false},"featured_media":7218,"comment_status":"open","ping_status":"closed","template":"","meta":[],"class_list":["post-7217","product","type-product","status-publish","has-post-thumbnail","hentry","product_cat-turk-siiri"],"_links":{"self":[{"href":"https:\/\/www.ttistanbulspor.org\/index.php\/wp-json\/wp\/v2\/product\/7217","targetHints":{"allow":["GET"]}}],"collection":[{"href":"https:\/\/www.ttistanbulspor.org\/index.php\/wp-json\/wp\/v2\/product"}],"about":[{"href":"https:\/\/www.ttistanbulspor.org\/index.php\/wp-json\/wp\/v2\/types\/product"}],"replies":[{"embeddable":true,"href":"https:\/\/www.ttistanbulspor.org\/index.php\/wp-json\/wp\/v2\/comments?post=7217"}],"wp:featuredmedia":[{"embeddable":true,"href":"https:\/\/www.ttistanbulspor.org\/index.php\/wp-json\/wp\/v2\/media\/7218"}],"wp:attachment":[{"href":"https:\/\/www.ttistanbulspor.org\/index.php\/wp-json\/wp\/v2\/media?parent=7217"}],"curies":[{"name":"wp","href":"https:\/\/api.w.org\/{rel}","templated":true}]}}