{"id":7215,"date":"2019-09-25T08:10:41","date_gmt":"2019-09-25T05:10:41","guid":{"rendered":"http:\/\/www.ttistanbulspor.org\/?post_type=product&#038;p=7215"},"modified":"2019-09-25T08:10:43","modified_gmt":"2019-09-25T05:10:43","slug":"kirmizi-karanfil","status":"publish","type":"product","link":"https:\/\/www.ttistanbulspor.org\/index.php\/urun\/kirmizi-karanfil\/","title":{"rendered":"KIRMIZI KARANF\u0130L"},"content":{"rendered":"<p>\u015eiir, insanla insan, insanla d\u00fcnya aras\u0131ndakini se\u00e7erek bir ba\u015fka d\u00fczleme aktar\u0131r ve yeniden kurar. Bir \u00f6zel dil olmakla birlikte \u015fiir bir ileti\u015fim arac\u0131d\u0131r. Nesnel dayana\u011f\u0131 olan co\u015fkulu bir s\u00f6ylemdir. Kimi kez do\u011fru giden bir oktur. Yeniden d\u00fczenlenmesi gereken ya\u015fama, d\u00fcnyaya usla kar\u015f\u0131 \u00e7\u0131k\u0131\u015ft\u0131r. Ba\u015fkald\u0131r\u0131d\u0131r.&#8221;<br \/>\nG\u00fclten AKIN<\/p>\n","protected":false},"excerpt":{"rendered":"<p>\u015eiir, insanla insan, insanla d\u00fcnya aras\u0131ndakini se\u00e7erek bir ba\u015fka d\u00fczleme aktar\u0131r ve yeniden kurar. Bir \u00f6zel dil olmakla birlikte \u015fiir bir ileti\u015fim arac\u0131d\u0131r. Nesnel dayana\u011f\u0131 olan co\u015fkulu bir s\u00f6ylemdir. Kimi kez do\u011fru giden bir oktur. Yeniden d\u00fczenlenmesi gereken ya\u015fama, d\u00fcnyaya usla kar\u015f\u0131 \u00e7\u0131k\u0131\u015ft\u0131r. Ba\u015fkald\u0131r\u0131d\u0131r.&#8221;<br \/>\nG\u00fclten AKIN<\/p>\n","protected":false},"featured_media":7216,"comment_status":"open","ping_status":"closed","template":"","meta":[],"class_list":["post-7215","product","type-product","status-publish","has-post-thumbnail","hentry","product_cat-turk-siiri"],"_links":{"self":[{"href":"https:\/\/www.ttistanbulspor.org\/index.php\/wp-json\/wp\/v2\/product\/7215","targetHints":{"allow":["GET"]}}],"collection":[{"href":"https:\/\/www.ttistanbulspor.org\/index.php\/wp-json\/wp\/v2\/product"}],"about":[{"href":"https:\/\/www.ttistanbulspor.org\/index.php\/wp-json\/wp\/v2\/types\/product"}],"replies":[{"embeddable":true,"href":"https:\/\/www.ttistanbulspor.org\/index.php\/wp-json\/wp\/v2\/comments?post=7215"}],"wp:featuredmedia":[{"embeddable":true,"href":"https:\/\/www.ttistanbulspor.org\/index.php\/wp-json\/wp\/v2\/media\/7216"}],"wp:attachment":[{"href":"https:\/\/www.ttistanbulspor.org\/index.php\/wp-json\/wp\/v2\/media?parent=7215"}],"curies":[{"name":"wp","href":"https:\/\/api.w.org\/{rel}","templated":true}]}}