{"id":7201,"date":"2019-09-24T14:57:05","date_gmt":"2019-09-24T11:57:05","guid":{"rendered":"http:\/\/www.ttistanbulspor.org\/?post_type=product&#038;p=7201"},"modified":"2019-09-24T14:57:32","modified_gmt":"2019-09-24T11:57:32","slug":"hazan-gizem-ve-siir","status":"publish","type":"product","link":"https:\/\/www.ttistanbulspor.org\/index.php\/urun\/hazan-gizem-ve-siir\/","title":{"rendered":"HAZAN G\u0130ZEM VE \u015e\u0130\u0130R"},"content":{"rendered":"<p>HAZAN G\u0130ZEM VE \u015e\u0130\u0130R \/ \u0130THAFLI \u0130MZALI, ENVER HERG\u00dcLER taraf\u0131ndan kaleme al\u0131nm\u0131\u015ft\u0131r. Kitap 2000 y\u0131l\u0131nda UMUT MATBAACILIK taraf\u0131ndan [\u0130STANBUL] yay\u0131nlanm\u0131\u015ft\u0131r. HAZAN G\u0130ZEM VE \u015e\u0130\u0130R \/ \u0130THAFLI \u0130MZALI adl\u0131 eser T\u00fcrk\u00e7e dilindedir.<\/p>\n","protected":false},"excerpt":{"rendered":"<p>HAZAN G\u0130ZEM VE \u015e\u0130\u0130R \/ \u0130THAFLI \u0130MZALI, ENVER HERG\u00dcLER taraf\u0131ndan kaleme al\u0131nm\u0131\u015ft\u0131r. Kitap 2000 y\u0131l\u0131nda UMUT MATBAACILIK taraf\u0131ndan [\u0130STANBUL] yay\u0131nlanm\u0131\u015ft\u0131r. HAZAN G\u0130ZEM VE \u015e\u0130\u0130R \/ \u0130THAFLI \u0130MZALI adl\u0131 eser T\u00fcrk\u00e7e dilindedir.<\/p>\n","protected":false},"featured_media":7202,"comment_status":"open","ping_status":"closed","template":"","meta":[],"class_list":["post-7201","product","type-product","status-publish","has-post-thumbnail","hentry","product_cat-siir"],"_links":{"self":[{"href":"https:\/\/www.ttistanbulspor.org\/index.php\/wp-json\/wp\/v2\/product\/7201","targetHints":{"allow":["GET"]}}],"collection":[{"href":"https:\/\/www.ttistanbulspor.org\/index.php\/wp-json\/wp\/v2\/product"}],"about":[{"href":"https:\/\/www.ttistanbulspor.org\/index.php\/wp-json\/wp\/v2\/types\/product"}],"replies":[{"embeddable":true,"href":"https:\/\/www.ttistanbulspor.org\/index.php\/wp-json\/wp\/v2\/comments?post=7201"}],"wp:featuredmedia":[{"embeddable":true,"href":"https:\/\/www.ttistanbulspor.org\/index.php\/wp-json\/wp\/v2\/media\/7202"}],"wp:attachment":[{"href":"https:\/\/www.ttistanbulspor.org\/index.php\/wp-json\/wp\/v2\/media?parent=7201"}],"curies":[{"name":"wp","href":"https:\/\/api.w.org\/{rel}","templated":true}]}}