{"id":7183,"date":"2019-09-24T13:53:13","date_gmt":"2019-09-24T10:53:13","guid":{"rendered":"http:\/\/www.ttistanbulspor.org\/?post_type=product&#038;p=7183"},"modified":"2019-09-24T13:53:23","modified_gmt":"2019-09-24T10:53:23","slug":"gelenek-ve-yenilenme","status":"publish","type":"product","link":"https:\/\/www.ttistanbulspor.org\/index.php\/urun\/gelenek-ve-yenilenme\/","title":{"rendered":"Gelenek ve Yenilenme"},"content":{"rendered":"<p>\u201cGelenek ve Yenilenme\u201d Hasan Hanef\u00ee\u2019nin \u00e7a\u011fda\u015f \u0130slam d\u00fc\u015f\u00fcncesinde ger\u00e7ekle\u015ftirmeye \u00e7al\u0131\u015ft\u0131\u011f\u0131 projenin ad\u0131d\u0131r.<br \/>\nHasan Hanef\u00ee\u2019nin bu projesi, kadim gelenekte zaman i\u00e7inde ortaya \u00e7\u0131kan meseleleri a\u015farak \u00e7a\u011fda\u015f d\u00fcnyan\u0131n problemlerine \u00e7\u00f6z\u00fcm arama \u00e7abas\u0131d\u0131r.<br \/>\n\u2018Gelenek ve yenilenme\u2019nin amac\u0131, asr\u0131m\u0131za h\u00e2kim olan d\u00fc\u015f\u00fcnsel dura\u011fanl\u0131k h\u00e2line bir son vermektir.<br \/>\nGelenek ve yenilenme\u2019nin misyonu, eski se\u00e7enekleri yinelemek, hatta bundan da \u00f6te yeni se\u00e7enekler ortaya koymak ve bunlardan asr\u0131n gereklerine en uygun olan\u0131 tercih etmektir.<br \/>\n\u2018Gelenek ve yenilenme\u2019 eskinin teorik olarak \u0131slah\u0131 anlam\u0131na de\u011fil, bunun da \u00f6tesinde geri kalm\u0131\u015fl\u0131k nedenlerini psikolojik k\u00f6kleri itibar\u0131yla ortadan kald\u0131rmak suretiyle realitenin k\u00f6kl\u00fc bir de\u011fi\u015fime t\u00e2bi tutulmas\u0131 anlam\u0131na gelir.<br \/>\nGelenek ve yenilenme\u2019 kendili\u011finden ortaya \u00e7\u0131kan bir medeniyet ameliyesidir ve g\u00f6revi de yeni bir yorum ortaya koymakt\u0131r.<\/p>\n","protected":false},"excerpt":{"rendered":"<p>\u201cGelenek ve Yenilenme\u201d Hasan Hanef\u00ee\u2019nin \u00e7a\u011fda\u015f \u0130slam d\u00fc\u015f\u00fcncesinde ger\u00e7ekle\u015ftirmeye \u00e7al\u0131\u015ft\u0131\u011f\u0131 projenin ad\u0131d\u0131r.<br \/>\nHasan Hanef\u00ee\u2019nin bu projesi, kadim gelenekte zaman i\u00e7inde ortaya \u00e7\u0131kan meseleleri a\u015farak \u00e7a\u011fda\u015f d\u00fcnyan\u0131n problemlerine \u00e7\u00f6z\u00fcm arama \u00e7abas\u0131d\u0131r.<br \/>\n\u2018Gelenek ve yenilenme\u2019nin amac\u0131, asr\u0131m\u0131za h\u00e2kim olan d\u00fc\u015f\u00fcnsel dura\u011fanl\u0131k h\u00e2line bir son vermektir.<br \/>\nGelenek ve yenilenme\u2019nin misyonu, eski se\u00e7enekleri yinelemek, hatta bundan da \u00f6te yeni se\u00e7enekler ortaya koymak ve bunlardan asr\u0131n gereklerine en uygun olan\u0131 tercih etmektir.<br \/>\n\u2018Gelenek ve yenilenme\u2019 eskinin teorik olarak \u0131slah\u0131 anlam\u0131na de\u011fil, bunun da \u00f6tesinde geri kalm\u0131\u015fl\u0131k nedenlerini psikolojik k\u00f6kleri itibar\u0131yla ortadan kald\u0131rmak suretiyle realitenin k\u00f6kl\u00fc bir de\u011fi\u015fime t\u00e2bi tutulmas\u0131 anlam\u0131na gelir.<br \/>\nGelenek ve yenilenme\u2019 kendili\u011finden ortaya \u00e7\u0131kan bir medeniyet ameliyesidir ve g\u00f6revi de yeni bir yorum ortaya koymakt\u0131r.<\/p>\n","protected":false},"featured_media":7184,"comment_status":"open","ping_status":"closed","template":"","meta":[],"class_list":["post-7183","product","type-product","status-publish","has-post-thumbnail","hentry","product_cat-islamiyet","product_cat-kultur"],"_links":{"self":[{"href":"https:\/\/www.ttistanbulspor.org\/index.php\/wp-json\/wp\/v2\/product\/7183","targetHints":{"allow":["GET"]}}],"collection":[{"href":"https:\/\/www.ttistanbulspor.org\/index.php\/wp-json\/wp\/v2\/product"}],"about":[{"href":"https:\/\/www.ttistanbulspor.org\/index.php\/wp-json\/wp\/v2\/types\/product"}],"replies":[{"embeddable":true,"href":"https:\/\/www.ttistanbulspor.org\/index.php\/wp-json\/wp\/v2\/comments?post=7183"}],"wp:featuredmedia":[{"embeddable":true,"href":"https:\/\/www.ttistanbulspor.org\/index.php\/wp-json\/wp\/v2\/media\/7184"}],"wp:attachment":[{"href":"https:\/\/www.ttistanbulspor.org\/index.php\/wp-json\/wp\/v2\/media?parent=7183"}],"curies":[{"name":"wp","href":"https:\/\/api.w.org\/{rel}","templated":true}]}}