{"id":7175,"date":"2019-09-24T11:03:19","date_gmt":"2019-09-24T08:03:19","guid":{"rendered":"http:\/\/www.ttistanbulspor.org\/?post_type=product&#038;p=7175"},"modified":"2019-09-24T11:03:33","modified_gmt":"2019-09-24T08:03:33","slug":"sputnik-sevgilim","status":"publish","type":"product","link":"https:\/\/www.ttistanbulspor.org\/index.php\/urun\/sputnik-sevgilim\/","title":{"rendered":"SPUTN\u0130K SEVG\u0130L\u0130M"},"content":{"rendered":"<p>Sen benim bir par\u00e7ams\u0131n&#8230; Ben \u00e2\u015f\u0131k oldum. \u015e\u00fcphe yok. Buz so\u011fuktur, g\u00fcl k\u0131rm\u0131z\u0131. Ve bu a\u015fk beni s\u00fcr\u00fckleyip bir yerlere g\u00f6t\u00fcrmeye \u00e7al\u0131\u015f\u0131yor; \u00f6yle g\u00fc\u00e7l\u00fc bir ak\u0131nt\u0131 ki ondan kendimi korumam neredeyse olanaks\u0131z. Ama art\u0131k d\u00f6n\u00fc\u015f yok. Kendimi bu ak\u0131nt\u0131ya b\u0131rakmak d\u0131\u015f\u0131nda bir \u015fey yapamam. Yan\u0131p k\u00fcl olsam da, yok olup gitsem de. Japonya&#8217;dan bir Yunan adas\u0131na uzanan, \u00fc\u00e7 ki\u015fiyi birbirine kenetleyen b\u00fcy\u00fcleyici bir a\u015fk\u0131n hik\u00e2yesi. Haruki Murakami&#8217;den d\u00fc\u015flerinize s\u0131zacak bir roman&#8230;<\/p>\n","protected":false},"excerpt":{"rendered":"<p>Sen benim bir par\u00e7ams\u0131n&#8230; Ben \u00e2\u015f\u0131k oldum. \u015e\u00fcphe yok. Buz so\u011fuktur, g\u00fcl k\u0131rm\u0131z\u0131. Ve bu a\u015fk beni s\u00fcr\u00fckleyip bir yerlere g\u00f6t\u00fcrmeye \u00e7al\u0131\u015f\u0131yor; \u00f6yle g\u00fc\u00e7l\u00fc bir ak\u0131nt\u0131 ki ondan kendimi korumam neredeyse olanaks\u0131z. Ama art\u0131k d\u00f6n\u00fc\u015f yok. Kendimi bu ak\u0131nt\u0131ya b\u0131rakmak d\u0131\u015f\u0131nda bir \u015fey yapamam. Yan\u0131p k\u00fcl olsam da, yok olup gitsem de. Japonya&#8217;dan bir Yunan adas\u0131na uzanan, \u00fc\u00e7 ki\u015fiyi birbirine kenetleyen b\u00fcy\u00fcleyici bir a\u015fk\u0131n hik\u00e2yesi. Haruki Murakami&#8217;den d\u00fc\u015flerinize s\u0131zacak bir roman&#8230;<\/p>\n","protected":false},"featured_media":7176,"comment_status":"open","ping_status":"closed","template":"","meta":[],"class_list":["post-7175","product","type-product","status-publish","has-post-thumbnail","hentry","product_cat-romantik"],"_links":{"self":[{"href":"https:\/\/www.ttistanbulspor.org\/index.php\/wp-json\/wp\/v2\/product\/7175","targetHints":{"allow":["GET"]}}],"collection":[{"href":"https:\/\/www.ttistanbulspor.org\/index.php\/wp-json\/wp\/v2\/product"}],"about":[{"href":"https:\/\/www.ttistanbulspor.org\/index.php\/wp-json\/wp\/v2\/types\/product"}],"replies":[{"embeddable":true,"href":"https:\/\/www.ttistanbulspor.org\/index.php\/wp-json\/wp\/v2\/comments?post=7175"}],"wp:featuredmedia":[{"embeddable":true,"href":"https:\/\/www.ttistanbulspor.org\/index.php\/wp-json\/wp\/v2\/media\/7176"}],"wp:attachment":[{"href":"https:\/\/www.ttistanbulspor.org\/index.php\/wp-json\/wp\/v2\/media?parent=7175"}],"curies":[{"name":"wp","href":"https:\/\/api.w.org\/{rel}","templated":true}]}}