{"id":7161,"date":"2019-09-24T09:57:25","date_gmt":"2019-09-24T06:57:25","guid":{"rendered":"http:\/\/www.ttistanbulspor.org\/?post_type=product&#038;p=7161"},"modified":"2019-09-24T09:57:30","modified_gmt":"2019-09-24T06:57:30","slug":"bir-yumak-mutluluk","status":"publish","type":"product","link":"https:\/\/www.ttistanbulspor.org\/index.php\/urun\/bir-yumak-mutluluk\/","title":{"rendered":"B\u0130R YUMAK MUTLULUK"},"content":{"rendered":"<p>&#8220;Macomber, ger\u00e7ek kaderlerinin pe\u015finden ko\u015fmak i\u00e7in eski hayatlar\u0131ndan vazge\u00e7en insanlar\u0131n hik\u00e2yesini \u00e7ok samimi bir dille anlat\u0131yor.&#8221;<br \/>\n-Booklist-<\/p>\n<p>&#8220;Hayatlar\u0131 birbiriyle kesi\u015fen d\u00f6rt kad\u0131n arac\u0131l\u0131\u011f\u0131yla insan ili\u015fkilerine i\u00e7ten bir bak\u0131\u015f.&#8221;<br \/>\n-Midwest Book Review-<\/p>\n<p>&#8220;Macomber m\u00fcthi\u015f bir \u00f6yk\u00fcc\u00fc\u2026 \u00c7izdi\u011fi karakterler son derece derin ve ger\u00e7ek\u00e7i.&#8221;<br \/>\n-Publishers Weekly-<\/p>\n<p>&#8220;Debbie Macomber y\u00fcre\u011fiyle yaz\u0131yor.&#8221;<br \/>\n-Library Journal-<\/p>\n<p>Kitaplar\u0131 b\u00fct\u00fcn d\u00fcnyada 140 milyondan fazla satan ve bir\u00e7ok dile \u00e7evrilen Debbie Macomber, y\u00fcrek \u0131s\u0131tan roman\u0131 K\u00fc\u00e7\u00fck Mucizeler D\u00fckk\u00e2n\u0131ndan sonra yepyeni bir sayfa a\u00e7\u0131yor.<\/p>\n<p>Ge\u00e7mi\u015fte ya\u015fad\u0131klar\u0131m bana \u015funu \u00f6\u011fretti: Hepimiz bu d\u00fcnyaya, hayat\u0131m\u0131z\u0131 en iyi \u015fekilde ya\u015famak i\u00e7in geliyoruz ve inan\u0131n bana, hayat saklanarak, umutsuzluklarla, pi\u015fmanl\u0131klarla harcanamayacak kadar k\u0131sa. Dertler ve s\u0131k\u0131nt\u0131larla bo\u011fu\u015furken her g\u00fcn, bir \u00f6ncekinin ayn\u0131s\u0131 gibi g\u00f6r\u00fcnmeye ba\u015fl\u0131yor. Oysaki her yeni g\u00fcn kendi mucizelerini de beraberinde getiriyor. Hem de en beklenmedik anlarda&#8230;<\/p>\n<p>Do\u011fdu\u011fumuz andan itibaren hepimize birer yumak iplik veriliyor; bundan mutlulu\u011fun desenlerini \u00f6rmek ise bizim elimizde\u2026<\/p>\n<p>Bu kitapla keyifli bir mola verip, hayat\u0131n karma\u015fas\u0131ndan uzakla\u015facaks\u0131n\u0131z&#8230;<\/p>\n","protected":false},"excerpt":{"rendered":"<p>Macomber, ger\u00e7ek kaderlerinin pe\u015finden ko\u015fmak i\u00e7in eski hayatlar\u0131ndan vazge\u00e7en insanlar\u0131n hik\u00e2yesini \u00e7ok samimi bir dille anlat\u0131yor.&#8221;<\/p>\n","protected":false},"featured_media":7162,"comment_status":"open","ping_status":"closed","template":"","meta":[],"class_list":["post-7161","product","type-product","status-publish","has-post-thumbnail","hentry","product_cat-romantik"],"_links":{"self":[{"href":"https:\/\/www.ttistanbulspor.org\/index.php\/wp-json\/wp\/v2\/product\/7161","targetHints":{"allow":["GET"]}}],"collection":[{"href":"https:\/\/www.ttistanbulspor.org\/index.php\/wp-json\/wp\/v2\/product"}],"about":[{"href":"https:\/\/www.ttistanbulspor.org\/index.php\/wp-json\/wp\/v2\/types\/product"}],"replies":[{"embeddable":true,"href":"https:\/\/www.ttistanbulspor.org\/index.php\/wp-json\/wp\/v2\/comments?post=7161"}],"wp:featuredmedia":[{"embeddable":true,"href":"https:\/\/www.ttistanbulspor.org\/index.php\/wp-json\/wp\/v2\/media\/7162"}],"wp:attachment":[{"href":"https:\/\/www.ttistanbulspor.org\/index.php\/wp-json\/wp\/v2\/media?parent=7161"}],"curies":[{"name":"wp","href":"https:\/\/api.w.org\/{rel}","templated":true}]}}