{"id":7157,"date":"2019-09-24T09:48:53","date_gmt":"2019-09-24T06:48:53","guid":{"rendered":"http:\/\/www.ttistanbulspor.org\/?post_type=product&#038;p=7157"},"modified":"2019-09-24T09:49:02","modified_gmt":"2019-09-24T06:49:02","slug":"bogurtlen-kisi","status":"publish","type":"product","link":"https:\/\/www.ttistanbulspor.org\/index.php\/urun\/bogurtlen-kisi\/","title":{"rendered":"B\u00d6\u011e\u00dcRTLEN KI\u015eI"},"content":{"rendered":"<p>ilkbahar. Yaz. Sonbahar. K\u0131\u015f\u2026<\/p>\n<p>Hayat\u0131n b\u00f6yle mevsimleri vard\u0131r ama ayn\u0131 zamanda s\u00fcrpriz mevsimlere de gebedir hayat. Mesela bahardan yaza ge\u00e7erken kar ya\u011fmaz m\u0131 hi\u00e7? B\u00f6\u011f\u00fcrtlenlerin \u00e7i\u00e7ek a\u00e7t\u0131\u011f\u0131 may\u0131s ay\u0131nda. Bilir misiniz, b\u00f6\u011f\u00fcrtlen k\u0131\u015f\u0131 denir mevsim d\u0131\u015f\u0131 kar ya\u011fd\u0131\u011f\u0131nda.<\/p>\n<p>B\u00f6\u011f\u00fcrtlen k\u0131\u015f\u0131 kimine pe\u015finde k\u0131\u015f\u0131n so\u011fuk ac\u0131lar\u0131n\u0131 getirir; kimine k\u0131\u015f\u0131n tatl\u0131 huzurunu. Kimini aray\u0131\u015flara iter; kimini hesapla\u015fmalardan d\u00f6nd\u00fcr\u00fcr. Kiminin sabr\u0131n\u0131 zorlar, kimini tesad\u00fcflerle s\u0131nar. B\u00f6\u011f\u00fcrtlen k\u0131\u015f\u0131 hep s\u00fcrpriz ba\u015flang\u0131\u00e7 ve sonlarla doludur\u2026   <\/p>\n<p>\u201cSarah Jio\u2019nun o bilindik saran \u00fcslubuyla; mevsimi olmad\u0131\u011f\u0131 halde bast\u0131ran k\u0131\u015f\u0131, b\u00fcy\u00fcmeden kaybedilen evlad\u0131, ya\u015famadan yitirilen a\u015fk\u0131 okuyaca\u011f\u0131n\u0131z bu kitab\u0131 bir \u00e7\u0131rp\u0131da bitirecek, etkisinden uzun s\u00fcre \u00e7\u0131kamayacaks\u0131n\u0131z.\u201d<\/p>\n<p>&#8211; Seyhan \u00c7inko,<br \/>\n \u201cAnne olmayan y\u00fcreklerde dahi sars\u0131nt\u0131 yaratacak kadar g\u00fc\u00e7l\u00fc bir roman. Sayfalar\u0131 her \u00e7evirdi\u011finizde bir insan\u0131n \u00e7aresizli\u011fi parmak u\u00e7lar\u0131n\u0131za kadar ula\u015facak. Sona erdi\u011finde ise bir annenin ezbere, tekrar tekrar bebe\u011fine s\u00f6yledi\u011fi bir ninni gibi bu hik\u00e2ye de size kendini kolay kolay unutturmayacak.\u201d<\/p>\n<p>&#8211; Ay\u015fe Ayhan, bikahvebikitap &#8211; <\/p>\n<p>\u201cSeneler, kadere dokunup kedere d\u00f6nebilir\u2026 Hayat\u0131n\u0131z bir anda alt\u00fcst olabilir, kaybolan\u0131 son nefesinize kadar umutla arars\u0131n\u0131z. B\u00f6\u011f\u00fcrtlen K\u0131\u015f\u0131\u2019yla anneli\u011fi ve \u00fcz\u00fcnt\u00fcy\u00fc i\u00e7ten i\u00e7e hissedeceksiniz\u2026\u201d<\/p>\n","protected":false},"excerpt":{"rendered":"<p>ilkbahar. Yaz. Sonbahar. K\u0131\u015f\u2026<\/p>\n<p>Hayat\u0131n b\u00f6yle mevsimleri vard\u0131r ama ayn\u0131 zamanda s\u00fcrpriz mevsimlere de gebedir hayat. Mesela bahardan yaza ge\u00e7erken kar ya\u011fmaz m\u0131 hi\u00e7? B\u00f6\u011f\u00fcrtlenlerin \u00e7i\u00e7ek a\u00e7t\u0131\u011f\u0131 may\u0131s ay\u0131nda. Bilir misiniz, b\u00f6\u011f\u00fcrtlen k\u0131\u015f\u0131 denir mevsim d\u0131\u015f\u0131 kar ya\u011fd\u0131\u011f\u0131nda.<\/p>\n<p>B\u00f6\u011f\u00fcrtlen k\u0131\u015f\u0131 kimine pe\u015finde k\u0131\u015f\u0131n so\u011fuk ac\u0131lar\u0131n\u0131 getirir; kimine k\u0131\u015f\u0131n tatl\u0131 huzurunu. Kimini aray\u0131\u015flara iter; kimini hesapla\u015fmalardan d\u00f6nd\u00fcr\u00fcr. Kiminin sabr\u0131n\u0131 zorlar, kimini tesad\u00fcflerle s\u0131nar. B\u00f6\u011f\u00fcrtlen k\u0131\u015f\u0131 hep s\u00fcrpriz ba\u015flang\u0131\u00e7 ve sonlarla doludur\u2026   <\/p>\n<p>\u201cSarah Jio\u2019nun o bilindik saran \u00fcslubuyla; mevsimi olmad\u0131\u011f\u0131 halde bast\u0131ran k\u0131\u015f\u0131, b\u00fcy\u00fcmeden kaybedilen evlad\u0131, ya\u015famadan yitirilen a\u015fk\u0131 okuyaca\u011f\u0131n\u0131z bu kitab\u0131 bir \u00e7\u0131rp\u0131da bitirecek, etkisinden uzun s\u00fcre \u00e7\u0131kamayacaks\u0131n\u0131z.\u201d<\/p>\n<p>&#8211; Seyhan \u00c7inko, seyhandan.blogspot.com.tr &#8211; <\/p>\n<p> \u201cAnne olmayan y\u00fcreklerde dahi sars\u0131nt\u0131 yaratacak kadar g\u00fc\u00e7l\u00fc bir roman. Sayfalar\u0131 her \u00e7evirdi\u011finizde bir insan\u0131n \u00e7aresizli\u011fi parmak u\u00e7lar\u0131n\u0131za kadar ula\u015facak. Sona erdi\u011finde ise bir annenin ezbere, tekrar tekrar bebe\u011fine s\u00f6yledi\u011fi bir ninni gibi bu hik\u00e2ye de size kendini kolay kolay unutturmayacak.\u201d<\/p>\n<p>&#8211; Ay\u015fe Ayhan, bikahvebikitap &#8211; <\/p>\n<p>\u201cSeneler, kadere dokunup kedere d\u00f6nebilir\u2026 Hayat\u0131n\u0131z bir anda alt\u00fcst olabilir, kaybolan\u0131 son nefesinize kadar umutla arars\u0131n\u0131z. B\u00f6\u011f\u00fcrtlen K\u0131\u015f\u0131\u2019yla anneli\u011fi ve \u00fcz\u00fcnt\u00fcy\u00fc i\u00e7ten i\u00e7e hissedeceksiniz\u2026\u201d<\/p>\n","protected":false},"featured_media":7158,"comment_status":"open","ping_status":"closed","template":"","meta":[],"class_list":["post-7157","product","type-product","status-publish","has-post-thumbnail","hentry","product_cat-romantik"],"_links":{"self":[{"href":"https:\/\/www.ttistanbulspor.org\/index.php\/wp-json\/wp\/v2\/product\/7157","targetHints":{"allow":["GET"]}}],"collection":[{"href":"https:\/\/www.ttistanbulspor.org\/index.php\/wp-json\/wp\/v2\/product"}],"about":[{"href":"https:\/\/www.ttistanbulspor.org\/index.php\/wp-json\/wp\/v2\/types\/product"}],"replies":[{"embeddable":true,"href":"https:\/\/www.ttistanbulspor.org\/index.php\/wp-json\/wp\/v2\/comments?post=7157"}],"wp:featuredmedia":[{"embeddable":true,"href":"https:\/\/www.ttistanbulspor.org\/index.php\/wp-json\/wp\/v2\/media\/7158"}],"wp:attachment":[{"href":"https:\/\/www.ttistanbulspor.org\/index.php\/wp-json\/wp\/v2\/media?parent=7157"}],"curies":[{"name":"wp","href":"https:\/\/api.w.org\/{rel}","templated":true}]}}