{"id":7141,"date":"2019-09-24T08:00:08","date_gmt":"2019-09-24T05:00:08","guid":{"rendered":"http:\/\/www.ttistanbulspor.org\/?post_type=product&#038;p=7141"},"modified":"2019-09-24T08:00:11","modified_gmt":"2019-09-24T05:00:11","slug":"dussel-varliklar-kitabi","status":"publish","type":"product","link":"https:\/\/www.ttistanbulspor.org\/index.php\/urun\/dussel-varliklar-kitabi\/","title":{"rendered":"D\u00dc\u015eSEL VARLIKLAR K\u0130TABI"},"content":{"rendered":"<p>D\u00fc\u015fsel Varl\u0131klar Kitab\u0131, Borges&#8217;in d\u00fcnya edebiyat\u0131na e\u015fine az rastlan\u0131r derinlikteki h\u00e2kimiyetini g\u00f6steren bir referans kitab\u0131. D\u00fc\u015fsel Varl\u0131klar Kitab\u0131&#8217;nda Borges, Bat\u0131 ve Do\u011fu k\u00fclt\u00fcrlerinin binlerce y\u0131ll\u0131k kolektif haf\u0131zas\u0131n\u0131 \u015fekillendiren fig\u00fcrlerin haritas\u0131n\u0131 edebiyat i\u00e7erisinden \u00e7\u0131kart\u0131yor. Kentaur&#8217;dan Sfenks&#8217;e, Cheshire Kedisi&#8217;nden Minotauros&#8217;a edebiyat ve sanat yap\u0131tlar\u0131nda silinmez izler b\u0131rakan fig\u00fcrlerin hik\u00e2yesini kendine has \u015fiirsel \u00fcsl\u00fbbuyla anlatan Borges, metinleraras\u0131 ge\u00e7i\u015flerin olanak sa\u011flad\u0131\u011f\u0131 k\u00fclt\u00fcrel al\u0131\u015fveri\u015fin insanl\u0131k tarihine katk\u0131s\u0131n\u0131 g\u00f6zler \u00f6n\u00fcne seriyor. D\u00fc\u015fsel Varl\u0131klar Kitab\u0131, s\u00f6zl\u00fc ve yaz\u0131l\u0131 k\u00fclt\u00fcr\u00fcn imge \u00f6rg\u00fcs\u00fcnde yer etmi\u015f anlat\u0131lara dair benzersiz bir k\u00fclt\u00fcr arkeolojisi. Borges, ilgi alanlar\u0131n\u0131n geni\u015fli\u011fini ve edebiyat tarihini boydan boya kat eden ele\u015ftirel dikkatini ger\u00e7ek bir ba\u015fyap\u0131tla ta\u00e7land\u0131r\u0131yor.<\/p>\n<p>D\u00fc\u015fsel Varl\u0131klar Kitab\u0131, kadim metinlerdeki yarat\u0131klar\u0131n, Orta\u00e7a\u011f Avrupas\u0131&#8217;ndaki canavarlar\u0131n, \u00c7in ve Hint mitlerinin, yerli halklar\u0131n efsanelerinin Poe&#8217;dan Kafka&#8217;ya bir\u00e7ok yazar\u0131 etkiledi\u011fini g\u00f6steren bir fantastik anlat\u0131lar se\u00e7kisi.<br \/>\n-Caspar Henderson-<\/p>\n","protected":false},"excerpt":{"rendered":"<p>D\u00fc\u015fsel Varl\u0131klar Kitab\u0131, Borges&#8217;in d\u00fcnya edebiyat\u0131na e\u015fine az rastlan\u0131r derinlikteki h\u00e2kimiyetini g\u00f6steren bir referans kitab\u0131. D\u00fc\u015fsel Varl\u0131klar Kitab\u0131&#8217;nda Borges, Bat\u0131 ve Do\u011fu k\u00fclt\u00fcrlerinin binlerce y\u0131ll\u0131k kolektif haf\u0131zas\u0131n\u0131 \u015fekillendiren fig\u00fcrlerin haritas\u0131n\u0131 edebiyat i\u00e7erisinden \u00e7\u0131kart\u0131yor. Kentaur&#8217;dan Sfenks&#8217;e, Cheshire Kedisi&#8217;nden Minotauros&#8217;a edebiyat ve sanat yap\u0131tlar\u0131nda silinmez izler b\u0131rakan fig\u00fcrlerin hik\u00e2yesini kendine has \u015fiirsel \u00fcsl\u00fbbuyla anlatan Borges, metinleraras\u0131 ge\u00e7i\u015flerin olanak sa\u011flad\u0131\u011f\u0131 k\u00fclt\u00fcrel al\u0131\u015fveri\u015fin insanl\u0131k tarihine katk\u0131s\u0131n\u0131 g\u00f6zler \u00f6n\u00fcne seriyor. D\u00fc\u015fsel Varl\u0131klar Kitab\u0131, s\u00f6zl\u00fc ve yaz\u0131l\u0131 k\u00fclt\u00fcr\u00fcn imge \u00f6rg\u00fcs\u00fcnde yer etmi\u015f anlat\u0131lara dair benzersiz bir k\u00fclt\u00fcr arkeolojisi. Borges, ilgi alanlar\u0131n\u0131n geni\u015fli\u011fini ve edebiyat tarihini boydan boya kat eden ele\u015ftirel dikkatini ger\u00e7ek bir ba\u015fyap\u0131tla ta\u00e7land\u0131r\u0131yor.<\/p>\n<p>D\u00fc\u015fsel Varl\u0131klar Kitab\u0131, kadim metinlerdeki yarat\u0131klar\u0131n, Orta\u00e7a\u011f Avrupas\u0131&#8217;ndaki canavarlar\u0131n, \u00c7in ve Hint mitlerinin, yerli halklar\u0131n efsanelerinin Poe&#8217;dan Kafka&#8217;ya bir\u00e7ok yazar\u0131 etkiledi\u011fini g\u00f6steren bir fantastik anlat\u0131lar se\u00e7kisi.<br \/>\n-Caspar Henderson-<\/p>\n","protected":false},"featured_media":7142,"comment_status":"open","ping_status":"closed","template":"","meta":[],"class_list":["post-7141","product","type-product","status-publish","has-post-thumbnail","hentry","product_cat-dunya-roman"],"_links":{"self":[{"href":"https:\/\/www.ttistanbulspor.org\/index.php\/wp-json\/wp\/v2\/product\/7141","targetHints":{"allow":["GET"]}}],"collection":[{"href":"https:\/\/www.ttistanbulspor.org\/index.php\/wp-json\/wp\/v2\/product"}],"about":[{"href":"https:\/\/www.ttistanbulspor.org\/index.php\/wp-json\/wp\/v2\/types\/product"}],"replies":[{"embeddable":true,"href":"https:\/\/www.ttistanbulspor.org\/index.php\/wp-json\/wp\/v2\/comments?post=7141"}],"wp:featuredmedia":[{"embeddable":true,"href":"https:\/\/www.ttistanbulspor.org\/index.php\/wp-json\/wp\/v2\/media\/7142"}],"wp:attachment":[{"href":"https:\/\/www.ttistanbulspor.org\/index.php\/wp-json\/wp\/v2\/media?parent=7141"}],"curies":[{"name":"wp","href":"https:\/\/api.w.org\/{rel}","templated":true}]}}