{"id":7139,"date":"2019-09-24T07:57:53","date_gmt":"2019-09-24T04:57:53","guid":{"rendered":"http:\/\/www.ttistanbulspor.org\/?post_type=product&#038;p=7139"},"modified":"2019-09-24T07:57:54","modified_gmt":"2019-09-24T04:57:54","slug":"kis-bahcesi","status":"publish","type":"product","link":"https:\/\/www.ttistanbulspor.org\/index.php\/urun\/kis-bahcesi\/","title":{"rendered":"KI\u015e BAH\u00c7ES\u0130"},"content":{"rendered":"<p>\u00c7ok satan Ate\u015fb\u00f6ce\u011fi Yolu kitab\u0131n\u0131n yazar\u0131ndan, bir anne ile k\u0131zlar\u0131 aras\u0131ndaki karma\u015f\u0131k ba\u011flara ve ge\u00e7mi\u015f ile gelecek aras\u0131ndaki y\u0131k\u0131lmaz ba\u011fa dair s\u00fcr\u00fckleyici, y\u00fcrek s\u0131zlatacak kadar etkileyici ve g\u00fczel bir roman. Bazen annenin ge\u00e7mi\u015fine bir kap\u0131 aralad\u0131\u011f\u0131nda, kendi gelece\u011fini bulursun! Meredith ve Nina Whitson birbirine taban tabana z\u0131t karakterlerdeki k\u0131z karde\u015flerdir. Biri evde kal\u0131p \u00e7ocuklar\u0131na bakm\u0131\u015f ve aile i\u015finin ba\u015f\u0131na ge\u00e7mi\u015f, di\u011feriyse hayallerinin pe\u015finden gidip d\u00fcnyay\u0131 gezmi\u015f ve \u00fcnl\u00fc bir foto muhabir olmu\u015ftur. Ancak sevgili babalar\u0131 hastaland\u0131\u011f\u0131nda bu birbirine yabanc\u0131 iki kad\u0131n, kendilerini yine bir arada, \u015fimdi bile k\u0131zlar\u0131na herhangi bir avuntu vermeyen, a\u015f\u0131r\u0131 mesafeli anneleri Anya\u2019n\u0131n yan\u0131nda bulacakt\u0131r. Anneleriyle aralar\u0131ndaki tek ba\u011f, onun, \u00e7ocukluklar\u0131nda baz\u0131 geceler k\u0131zlara anlatt\u0131\u011f\u0131 bir Rus masal\u0131d\u0131r. \u00d6l\u00fcm d\u00f6\u015fe\u011findeki babalar\u0131n\u0131nsa, hayat\u0131ndaki kad\u0131nlardan son bir arzusu vard\u0131r. Anya k\u0131zlar\u0131na bir masal anlatacakt\u0131r; y\u0131llar \u00f6nce ba\u015flad\u0131\u011f\u0131 ama hi\u00e7 bitirmedi\u011fi o masal\u0131. Hem de bu kez sonuna kadar. Bu masal daha \u00f6nce duyduklar\u0131 hi\u00e7bir \u015feye benzememektedir; altm\u0131\u015f y\u0131ldan uzun bir zaman\u0131 kapsayan, sava\u015f ma\u011fduru Leningrad\u2019da ba\u015flay\u0131p g\u00fcn\u00fcm\u00fcz Alaska\u2019s\u0131na kadar uzanan, s\u00fcr\u00fckleyici, gizemli bir a\u015fk hik\u00e2yesi. Nina\u2019n\u0131n ger\u00e7e\u011fi a\u00e7\u0131\u011fa \u00e7\u0131karma konusundaki saplant\u0131s\u0131, onlar\u0131 annelerinin ge\u00e7mi\u015flerinde, ailelerini t\u00fcm\u00fcyle sarsacak ve tamamen de\u011fi\u015ftirecek bir s\u0131r \u00f6\u011frenecekleri, beklenmedik bir yolculu\u011fa s\u00fcr\u00fckler. \u0130lk sayfas\u0131ndan son sayfas\u0131na kadar b\u00fcy\u00fcleyen K\u0131\u015f Bah\u00e7esi, hem epik bir a\u015fk hik\u00e2yesi hem de ya\u015famlar\u0131 kesi\u015fen kad\u0131nlar\u0131n detayl\u0131 bir portresi olmas\u0131 bak\u0131m\u0131ndan nadir bulunur bir eser. \u0130lham verici \u015fiirsel yaz\u0131m\u0131yla, son sayfa okunduktan uzun s\u00fcre sonra bile okuyucunun akl\u0131ndan \u00e7\u0131kmayacak. \u201cOkuyucular, anne ve k\u0131zlar yak\u0131nla\u015ft\u0131k\u00e7a hem g\u00fclmekten hem de a\u011flamaktan kendilerini alamayacaklar.\u201d -Publishers Weekl<\/p>\n","protected":false},"excerpt":{"rendered":"<p>\u00c7ok satan Ate\u015fb\u00f6ce\u011fi Yolu kitab\u0131n\u0131n yazar\u0131ndan, bir anne ile k\u0131zlar\u0131 aras\u0131ndaki karma\u015f\u0131k ba\u011flara ve ge\u00e7mi\u015f ile gelecek aras\u0131ndaki y\u0131k\u0131lmaz ba\u011fa dair s\u00fcr\u00fckleyici, y\u00fcrek s\u0131zlatacak kadar etkileyici ve g\u00fczel bir roman. Bazen annenin ge\u00e7mi\u015fine bir kap\u0131 aralad\u0131\u011f\u0131nda, kendi gelece\u011fini bulursun! Meredith ve Nina Whitson birbirine taban tabana z\u0131t karakterlerdeki k\u0131z karde\u015flerdir. Biri evde kal\u0131p \u00e7ocuklar\u0131na bakm\u0131\u015f ve aile i\u015finin ba\u015f\u0131na ge\u00e7mi\u015f, di\u011feriyse hayallerinin pe\u015finden gidip d\u00fcnyay\u0131 gezmi\u015f ve \u00fcnl\u00fc bir foto muhabir olmu\u015ftur. Ancak sevgili babalar\u0131 hastaland\u0131\u011f\u0131nda bu birbirine yabanc\u0131 iki kad\u0131n, kendilerini yine bir arada, \u015fimdi bile k\u0131zlar\u0131na herhangi bir avuntu vermeyen, a\u015f\u0131r\u0131 mesafeli anneleri Anya\u2019n\u0131n yan\u0131nda bulacakt\u0131r. Anneleriyle aralar\u0131ndaki tek ba\u011f, onun, \u00e7ocukluklar\u0131nda baz\u0131 geceler k\u0131zlara anlatt\u0131\u011f\u0131 bir Rus masal\u0131d\u0131r. \u00d6l\u00fcm d\u00f6\u015fe\u011findeki babalar\u0131n\u0131nsa, hayat\u0131ndaki kad\u0131nlardan son bir arzusu vard\u0131r. Anya k\u0131zlar\u0131na bir masal anlatacakt\u0131r; y\u0131llar \u00f6nce ba\u015flad\u0131\u011f\u0131 ama hi\u00e7 bitirmedi\u011fi o masal\u0131. Hem de bu kez sonuna kadar. Bu masal daha \u00f6nce duyduklar\u0131 hi\u00e7bir \u015feye benzememektedir; altm\u0131\u015f y\u0131ldan uzun bir zaman\u0131 kapsayan, sava\u015f ma\u011fduru Leningrad\u2019da ba\u015flay\u0131p g\u00fcn\u00fcm\u00fcz Alaska\u2019s\u0131na kadar uzanan, s\u00fcr\u00fckleyici, gizemli bir a\u015fk hik\u00e2yesi. Nina\u2019n\u0131n ger\u00e7e\u011fi a\u00e7\u0131\u011fa \u00e7\u0131karma konusundaki saplant\u0131s\u0131, onlar\u0131 annelerinin ge\u00e7mi\u015flerinde, ailelerini t\u00fcm\u00fcyle sarsacak ve tamamen de\u011fi\u015ftirecek bir s\u0131r \u00f6\u011frenecekleri, beklenmedik bir yolculu\u011fa s\u00fcr\u00fckler. \u0130lk sayfas\u0131ndan son sayfas\u0131na kadar b\u00fcy\u00fcleyen K\u0131\u015f Bah\u00e7esi, hem epik bir a\u015fk hik\u00e2yesi hem de ya\u015famlar\u0131 kesi\u015fen kad\u0131nlar\u0131n detayl\u0131 bir portresi olmas\u0131 bak\u0131m\u0131ndan nadir bulunur bir eser. \u0130lham verici \u015fiirsel yaz\u0131m\u0131yla, son sayfa okunduktan uzun s\u00fcre sonra bile okuyucunun akl\u0131ndan \u00e7\u0131kmayacak. \u201cOkuyucular, anne ve k\u0131zlar yak\u0131nla\u015ft\u0131k\u00e7a hem g\u00fclmekten hem de a\u011flamaktan kendilerini alamayacaklar.\u201d -Publishers Weekl<\/p>\n","protected":false},"featured_media":7140,"comment_status":"open","ping_status":"closed","template":"","meta":[],"class_list":["post-7139","product","type-product","status-publish","has-post-thumbnail","hentry","product_cat-dunya-roman"],"_links":{"self":[{"href":"https:\/\/www.ttistanbulspor.org\/index.php\/wp-json\/wp\/v2\/product\/7139","targetHints":{"allow":["GET"]}}],"collection":[{"href":"https:\/\/www.ttistanbulspor.org\/index.php\/wp-json\/wp\/v2\/product"}],"about":[{"href":"https:\/\/www.ttistanbulspor.org\/index.php\/wp-json\/wp\/v2\/types\/product"}],"replies":[{"embeddable":true,"href":"https:\/\/www.ttistanbulspor.org\/index.php\/wp-json\/wp\/v2\/comments?post=7139"}],"wp:featuredmedia":[{"embeddable":true,"href":"https:\/\/www.ttistanbulspor.org\/index.php\/wp-json\/wp\/v2\/media\/7140"}],"wp:attachment":[{"href":"https:\/\/www.ttistanbulspor.org\/index.php\/wp-json\/wp\/v2\/media?parent=7139"}],"curies":[{"name":"wp","href":"https:\/\/api.w.org\/{rel}","templated":true}]}}