{"id":7117,"date":"2019-09-23T14:12:38","date_gmt":"2019-09-23T11:12:38","guid":{"rendered":"http:\/\/www.ttistanbulspor.org\/?post_type=product&#038;p=7117"},"modified":"2019-09-23T14:12:42","modified_gmt":"2019-09-23T11:12:42","slug":"muhammed-m-pickthall","status":"publish","type":"product","link":"https:\/\/www.ttistanbulspor.org\/index.php\/urun\/muhammed-m-pickthall\/","title":{"rendered":"MUHAMMED M.PICKTHALL"},"content":{"rendered":"<p>19. y\u00fczy\u0131l sonlar\u0131 ile 20. y\u00fczy\u0131l ba\u015flar\u0131n\u0131n tarihi, Bat\u0131n\u0131n \u0130slam d\u00fcnyas\u0131na tam anlam\u0131yla h\u00e2kim olma \u00e7abalar\u0131n\u0131n tarihidir. Yine ayn\u0131 d\u00f6nem, Bat\u0131da \u0130slam\u2019a y\u00f6nelik bir ilginin ilk filizlerini de verecektir. \u0130slam\u2019\u0131 \u00f6nyarg\u0131s\u0131z inceleyen hakperest dima\u011flar, sonu\u00e7ta, do\u011fup b\u00fcy\u00fcd\u00fckleri toplumun \u0130slam\u2019\u0131 d\u00fc\u015fman belleyen olumsuz tavr\u0131n\u0131 a\u015f\u0131p \u0130slam\u2019\u0131n hakk\u0131n\u0131 teslim edecek; hatta i\u00e7lerinden \u0130slam\u2019\u0131 se\u00e7enler olacakt\u0131r.<\/p>\n","protected":false},"excerpt":{"rendered":"<p>19. y\u00fczy\u0131l sonlar\u0131 ile 20. y\u00fczy\u0131l ba\u015flar\u0131n\u0131n tarihi, Bat\u0131n\u0131n \u0130slam d\u00fcnyas\u0131na tam anlam\u0131yla h\u00e2kim olma \u00e7abalar\u0131n\u0131n tarihidir. Yine ayn\u0131 d\u00f6nem, Bat\u0131da \u0130slam\u2019a y\u00f6nelik bir ilginin ilk filizlerini de verecektir. \u0130slam\u2019\u0131 \u00f6nyarg\u0131s\u0131z inceleyen hakperest dima\u011flar, sonu\u00e7ta, do\u011fup b\u00fcy\u00fcd\u00fckleri toplumun \u0130slam\u2019\u0131 d\u00fc\u015fman belleyen olumsuz tavr\u0131n\u0131 a\u015f\u0131p \u0130slam\u2019\u0131n hakk\u0131n\u0131 teslim edecek; hatta i\u00e7lerinden \u0130slam\u2019\u0131 se\u00e7enler olacakt\u0131r.<\/p>\n","protected":false},"featured_media":7118,"comment_status":"open","ping_status":"closed","template":"","meta":[],"class_list":["post-7117","product","type-product","status-publish","has-post-thumbnail","hentry","product_cat-islamiyet"],"_links":{"self":[{"href":"https:\/\/www.ttistanbulspor.org\/index.php\/wp-json\/wp\/v2\/product\/7117","targetHints":{"allow":["GET"]}}],"collection":[{"href":"https:\/\/www.ttistanbulspor.org\/index.php\/wp-json\/wp\/v2\/product"}],"about":[{"href":"https:\/\/www.ttistanbulspor.org\/index.php\/wp-json\/wp\/v2\/types\/product"}],"replies":[{"embeddable":true,"href":"https:\/\/www.ttistanbulspor.org\/index.php\/wp-json\/wp\/v2\/comments?post=7117"}],"wp:featuredmedia":[{"embeddable":true,"href":"https:\/\/www.ttistanbulspor.org\/index.php\/wp-json\/wp\/v2\/media\/7118"}],"wp:attachment":[{"href":"https:\/\/www.ttistanbulspor.org\/index.php\/wp-json\/wp\/v2\/media?parent=7117"}],"curies":[{"name":"wp","href":"https:\/\/api.w.org\/{rel}","templated":true}]}}