{"id":7115,"date":"2019-09-23T14:07:05","date_gmt":"2019-09-23T11:07:05","guid":{"rendered":"http:\/\/www.ttistanbulspor.org\/?post_type=product&#038;p=7115"},"modified":"2019-09-23T14:07:09","modified_gmt":"2019-09-23T11:07:09","slug":"yasli-adam-ve-deniz","status":"publish","type":"product","link":"https:\/\/www.ttistanbulspor.org\/index.php\/urun\/yasli-adam-ve-deniz\/","title":{"rendered":"YA\u015eLI ADAM VE DEN\u0130Z"},"content":{"rendered":"<p>Ya\u015fl\u0131 Adam ve Deniz, HEMINGWAY&#8217;in en \u00f6l\u00fcms\u00fcz eserlerinden biridir. Ya\u015fl\u0131 bir K\u00fcbal\u0131 bal\u0131k\u00e7\u0131n\u0131n a\u00e7\u0131k denizde Gulf Stream&#8217;e kap\u0131lm\u0131\u015f olarak dev bir k\u0131l\u0131\u00e7bal\u0131\u011f\u0131yla olan can yak\u0131c\u0131 m\u00fccadelesini son derece sade ve kuvvetli kelimelerle anlat\u0131r. Bu hik\u00e2yesiyle Hemingway, yenilgiye kar\u015f\u0131 cesaret, kayba kar\u015f\u0131 \u015fahsi ba\u015far\u0131 temas\u0131n\u0131 kendine has modern \u00fcslubuyla yeni ba\u015ftan heykelle\u015ftirmi\u015ftir.<\/p>\n","protected":false},"excerpt":{"rendered":"<p>Ya\u015fl\u0131 Adam ve Deniz, HEMINGWAY&#8217;in en \u00f6l\u00fcms\u00fcz eserlerinden biridir. Ya\u015fl\u0131 bir K\u00fcbal\u0131 bal\u0131k\u00e7\u0131n\u0131n a\u00e7\u0131k denizde Gulf Stream&#8217;e kap\u0131lm\u0131\u015f olarak dev bir k\u0131l\u0131\u00e7bal\u0131\u011f\u0131yla olan can yak\u0131c\u0131 m\u00fccadelesini son derece sade ve kuvvetli kelimelerle anlat\u0131r. Bu hik\u00e2yesiyle Hemingway, yenilgiye kar\u015f\u0131 cesaret, kayba kar\u015f\u0131 \u015fahsi ba\u015far\u0131 temas\u0131n\u0131 kendine has modern \u00fcslubuyla yeni ba\u015ftan heykelle\u015ftirmi\u015ftir.<\/p>\n","protected":false},"featured_media":7116,"comment_status":"open","ping_status":"closed","template":"","meta":[],"class_list":["post-7115","product","type-product","status-publish","has-post-thumbnail","hentry","product_cat-dunya-klasik"],"_links":{"self":[{"href":"https:\/\/www.ttistanbulspor.org\/index.php\/wp-json\/wp\/v2\/product\/7115","targetHints":{"allow":["GET"]}}],"collection":[{"href":"https:\/\/www.ttistanbulspor.org\/index.php\/wp-json\/wp\/v2\/product"}],"about":[{"href":"https:\/\/www.ttistanbulspor.org\/index.php\/wp-json\/wp\/v2\/types\/product"}],"replies":[{"embeddable":true,"href":"https:\/\/www.ttistanbulspor.org\/index.php\/wp-json\/wp\/v2\/comments?post=7115"}],"wp:featuredmedia":[{"embeddable":true,"href":"https:\/\/www.ttistanbulspor.org\/index.php\/wp-json\/wp\/v2\/media\/7116"}],"wp:attachment":[{"href":"https:\/\/www.ttistanbulspor.org\/index.php\/wp-json\/wp\/v2\/media?parent=7115"}],"curies":[{"name":"wp","href":"https:\/\/api.w.org\/{rel}","templated":true}]}}