{"id":7111,"date":"2019-09-23T13:58:14","date_gmt":"2019-09-23T10:58:14","guid":{"rendered":"http:\/\/www.ttistanbulspor.org\/?post_type=product&#038;p=7111"},"modified":"2019-09-23T13:58:16","modified_gmt":"2019-09-23T10:58:16","slug":"yuzlesme","status":"publish","type":"product","link":"https:\/\/www.ttistanbulspor.org\/index.php\/urun\/yuzlesme\/","title":{"rendered":"Y\u00dcZLE\u015eME"},"content":{"rendered":"<p>Her \u015fey Bilge Varl\u0131k ile kar\u015f\u0131la\u015ft\u0131ktan sonra de\u011fi\u015fmeye ba\u015flam\u0131\u015ft\u0131&#8230; Beni yorgun k\u0131lan\u0131n hayattan \u00f6te takt\u0131\u011f\u0131m maskeler ve zihnim oldu\u011funu \u00f6\u011frendim&#8230; Ve hala toplumun b\u00fcy\u00fck \u00e7o\u011funlu\u011fu y\u00fczle\u015fmekten \u00e7ekindi\u011fi i\u00e7in maskeleri ile ya\u015fam\u0131 kendine zehir etmekte, cesur olan k\u00fc\u00e7\u00fck az\u0131nl\u0131k ise kendi \u00f6z\u00fcne d\u00f6nerek d\u00fcnyada kendi cennetine kucaklamakta, \u0130\u015fte tam \u015fu anda kendini bahsedilen \u00e7o\u011funlu\u011fa m\u0131, yoksa cesur olan az\u0131nl\u0131\u011fa m\u0131 ait hissedece\u011fine karar vermek \u00fczeresin. Biliyorum ki sen ya\u015fam\u0131n en g\u00fczel yerinde soluk almay\u0131 hak ediyorsun!<\/p>\n","protected":false},"excerpt":{"rendered":"<p>Her \u015fey Bilge Varl\u0131k ile kar\u015f\u0131la\u015ft\u0131ktan sonra de\u011fi\u015fmeye ba\u015flam\u0131\u015ft\u0131&#8230; Beni yorgun k\u0131lan\u0131n hayattan \u00f6te takt\u0131\u011f\u0131m maskeler ve zihnim oldu\u011funu \u00f6\u011frendim&#8230; Ve hala toplumun b\u00fcy\u00fck \u00e7o\u011funlu\u011fu y\u00fczle\u015fmekten \u00e7ekindi\u011fi i\u00e7in maskeleri ile ya\u015fam\u0131 kendine zehir etmekte, cesur olan k\u00fc\u00e7\u00fck az\u0131nl\u0131k ise kendi \u00f6z\u00fcne d\u00f6nerek d\u00fcnyada kendi cennetine kucaklamakta, \u0130\u015fte tam \u015fu anda kendini bahsedilen \u00e7o\u011funlu\u011fa m\u0131, yoksa cesur olan az\u0131nl\u0131\u011fa m\u0131 ait hissedece\u011fine karar vermek \u00fczeresin. Biliyorum ki sen ya\u015fam\u0131n en g\u00fczel yerinde soluk almay\u0131 hak ediyorsun!<\/p>\n","protected":false},"featured_media":7112,"comment_status":"open","ping_status":"closed","template":"","meta":[],"class_list":["post-7111","product","type-product","status-publish","has-post-thumbnail","hentry","product_cat-din-ve-maneviyat"],"_links":{"self":[{"href":"https:\/\/www.ttistanbulspor.org\/index.php\/wp-json\/wp\/v2\/product\/7111","targetHints":{"allow":["GET"]}}],"collection":[{"href":"https:\/\/www.ttistanbulspor.org\/index.php\/wp-json\/wp\/v2\/product"}],"about":[{"href":"https:\/\/www.ttistanbulspor.org\/index.php\/wp-json\/wp\/v2\/types\/product"}],"replies":[{"embeddable":true,"href":"https:\/\/www.ttistanbulspor.org\/index.php\/wp-json\/wp\/v2\/comments?post=7111"}],"wp:featuredmedia":[{"embeddable":true,"href":"https:\/\/www.ttistanbulspor.org\/index.php\/wp-json\/wp\/v2\/media\/7112"}],"wp:attachment":[{"href":"https:\/\/www.ttistanbulspor.org\/index.php\/wp-json\/wp\/v2\/media?parent=7111"}],"curies":[{"name":"wp","href":"https:\/\/api.w.org\/{rel}","templated":true}]}}