{"id":7103,"date":"2019-09-23T13:45:45","date_gmt":"2019-09-23T10:45:45","guid":{"rendered":"http:\/\/www.ttistanbulspor.org\/?post_type=product&#038;p=7103"},"modified":"2019-09-23T13:45:49","modified_gmt":"2019-09-23T10:45:49","slug":"kosmasaydim-yazamazdim","status":"publish","type":"product","link":"https:\/\/www.ttistanbulspor.org\/index.php\/urun\/kosmasaydim-yazamazdim\/","title":{"rendered":"KO\u015eMASAYDIM YAZAMAZDIM"},"content":{"rendered":"<p>Haruki Murakami&#8217;den bir tutku olarak ko\u015fmak ve bu tutkuyla terbiye edilen yazma eylemi \u00fczerine e\u015fsiz bir metin&#8230;<\/p>\n<p>&#8220;Murakami Bey, insan sizin gibi sa\u011fl\u0131kl\u0131 bir ya\u015fam s\u00fcr\u00fcnce zamanla roman yazamaz hale gelmez mi?&#8221;<\/p>\n<p>Arada s\u0131rada insanlar bu soruyu sorar bana. Roman yazmak, sa\u011fl\u0131ks\u0131z bir eylem; yazar olan ki\u015fi de sa\u011fl\u0131kl\u0131 olmak dedi\u011fimiz \u00e7emberden uzak bir yerde, m\u00fcmk\u00fcn oldu\u011funca sa\u011fl\u0131kl\u0131 denemeyecek bir ya\u015fam s\u00fcrmek zorundaym\u0131\u015f gibi.<\/p>\n<p>Biz roman yazmaya \u00e7al\u0131\u015ft\u0131\u011f\u0131m\u0131zda, insanl\u0131\u011f\u0131n temelinde bulunan zehir gibi bir \u015feyi istemesek de \u00e7ekip \u00e7\u0131kar\u0131r, g\u00f6r\u00fcn\u00fcr k\u0131lar\u0131z. Yazarlar az \u00e7ok bu zehre maruz kal\u0131r. Bu zehir i\u015fin i\u00e7ine girmedi\u011fi s\u00fcrece, ger\u00e7ek anlamda yarat\u0131c\u0131l\u0131k eylemi ortaya konulamaz \u00e7\u00fcnk\u00fc (tuhaf bir benzetmeyle s\u00f6yleyece\u011fim ama balonbal\u0131\u011f\u0131n\u0131n zehirli k\u0131sm\u0131n\u0131n ayn\u0131 zamanda en lezzetli k\u0131sm\u0131 olmas\u0131yla t\u0131pat\u0131p benzeyen bir durum galiba). Ama ger\u00e7ekten sa\u011fl\u0131ks\u0131z olan \u015feylerle u\u011fra\u015fmak i\u00e7in insan m\u00fcmk\u00fcn oldu\u011funca sa\u011fl\u0131kl\u0131 olmak zorundad\u0131r. Bu, benim tezim. Yani sa\u011fl\u0131ks\u0131z bir ruh bile, yine sa\u011fl\u0131kl\u0131 bir v\u00fccuda gereksinim duyar. \u0130\u015fte bu y\u00fczden, b\u00f6yle biri sanat\u00e7\u0131 olamaz, dense bile ben ko\u015fmaya devam ediyorum.<\/p>\n<p>Haruki Murakami&#8217;den bir tutku olarak ko\u015fmak ve bu tutkuyla terbiye edilen yazma eylemi \u00fczerine e\u015fsiz bir metin&#8230; Ko\u015fmasayd\u0131m Yazamazd\u0131m kendini &#8220;utanga\u00e7 biri&#8221; olarak tan\u0131mlayan yazar\u0131n belki de en ki\u015fisel kitab\u0131.<\/p>\n","protected":false},"excerpt":{"rendered":"<p>Haruki Murakami&#8217;den bir tutku olarak ko\u015fmak ve bu tutkuyla terbiye edilen yazma eylemi \u00fczerine e\u015fsiz bir metin&#8230;<\/p>\n<p>&#8220;Murakami Bey, insan sizin gibi sa\u011fl\u0131kl\u0131 bir ya\u015fam s\u00fcr\u00fcnce zamanla roman yazamaz hale gelmez mi?&#8221;<\/p>\n<p>Arada s\u0131rada insanlar bu soruyu sorar bana. Roman yazmak, sa\u011fl\u0131ks\u0131z bir eylem; yazar olan ki\u015fi de sa\u011fl\u0131kl\u0131 olmak dedi\u011fimiz \u00e7emberden uzak bir yerde, m\u00fcmk\u00fcn oldu\u011funca sa\u011fl\u0131kl\u0131 denemeyecek bir ya\u015fam s\u00fcrmek zorundaym\u0131\u015f gibi.<\/p>\n<p>Biz roman yazmaya \u00e7al\u0131\u015ft\u0131\u011f\u0131m\u0131zda, insanl\u0131\u011f\u0131n temelinde bulunan zehir gibi bir \u015feyi istemesek de \u00e7ekip \u00e7\u0131kar\u0131r, g\u00f6r\u00fcn\u00fcr k\u0131lar\u0131z. Yazarlar az \u00e7ok bu zehre maruz kal\u0131r. Bu zehir i\u015fin i\u00e7ine girmedi\u011fi s\u00fcrece, ger\u00e7ek anlamda yarat\u0131c\u0131l\u0131k eylemi ortaya konulamaz \u00e7\u00fcnk\u00fc (tuhaf bir benzetmeyle s\u00f6yleyece\u011fim ama balonbal\u0131\u011f\u0131n\u0131n zehirli k\u0131sm\u0131n\u0131n ayn\u0131 zamanda en lezzetli k\u0131sm\u0131 olmas\u0131yla t\u0131pat\u0131p benzeyen bir durum galiba). Ama ger\u00e7ekten sa\u011fl\u0131ks\u0131z olan \u015feylerle u\u011fra\u015fmak i\u00e7in insan m\u00fcmk\u00fcn oldu\u011funca sa\u011fl\u0131kl\u0131 olmak zorundad\u0131r. Bu, benim tezim. Yani sa\u011fl\u0131ks\u0131z bir ruh bile, yine sa\u011fl\u0131kl\u0131 bir v\u00fccuda gereksinim duyar. \u0130\u015fte bu y\u00fczden, b\u00f6yle biri sanat\u00e7\u0131 olamaz, dense bile ben ko\u015fmaya devam ediyorum.<\/p>\n<p>Haruki Murakami&#8217;den bir tutku olarak ko\u015fmak ve bu tutkuyla terbiye edilen yazma eylemi \u00fczerine e\u015fsiz bir metin&#8230; Ko\u015fmasayd\u0131m Yazamazd\u0131m kendini &#8220;utanga\u00e7 biri&#8221; olarak tan\u0131mlayan yazar\u0131n belki de en ki\u015fisel kitab\u0131.<\/p>\n","protected":false},"featured_media":7104,"comment_status":"open","ping_status":"closed","template":"","meta":[],"class_list":["post-7103","product","type-product","status-publish","has-post-thumbnail","hentry","product_cat-deneme-yazin"],"_links":{"self":[{"href":"https:\/\/www.ttistanbulspor.org\/index.php\/wp-json\/wp\/v2\/product\/7103","targetHints":{"allow":["GET"]}}],"collection":[{"href":"https:\/\/www.ttistanbulspor.org\/index.php\/wp-json\/wp\/v2\/product"}],"about":[{"href":"https:\/\/www.ttistanbulspor.org\/index.php\/wp-json\/wp\/v2\/types\/product"}],"replies":[{"embeddable":true,"href":"https:\/\/www.ttistanbulspor.org\/index.php\/wp-json\/wp\/v2\/comments?post=7103"}],"wp:featuredmedia":[{"embeddable":true,"href":"https:\/\/www.ttistanbulspor.org\/index.php\/wp-json\/wp\/v2\/media\/7104"}],"wp:attachment":[{"href":"https:\/\/www.ttistanbulspor.org\/index.php\/wp-json\/wp\/v2\/media?parent=7103"}],"curies":[{"name":"wp","href":"https:\/\/api.w.org\/{rel}","templated":true}]}}