{"id":7101,"date":"2019-09-23T13:42:52","date_gmt":"2019-09-23T10:42:52","guid":{"rendered":"http:\/\/www.ttistanbulspor.org\/?post_type=product&#038;p=7101"},"modified":"2019-09-23T13:42:56","modified_gmt":"2019-09-23T10:42:56","slug":"gencligim-eyvah","status":"publish","type":"product","link":"https:\/\/www.ttistanbulspor.org\/index.php\/urun\/gencligim-eyvah\/","title":{"rendered":"GEN\u00c7L\u0130\u011e\u0130M EYVAH"},"content":{"rendered":"<p>T\u00fcrkiye`deki anar\u015finin otopsisidir. Romanda, yaln\u0131z bo\u015fa giden gen\u00e7liklerin hik\u00e2yesini de\u011fil, i\u00e7ine d\u00fc\u015f\u00fcr\u00fcld\u00fc\u011f\u00fcm\u00fcz kaosun \u00e7arp\u0131c\u0131 grafi\u011fini de bulacaks\u0131n\u0131z. Y\u0131llardan beri T\u00fcrkiye`de b\u00fct\u00fcn g\u00f6revleri, \u00f6devleri ve sorumluluklar\u0131, dolay\u0131s\u0131 ile de toplum hayat\u0131m\u0131z\u0131 pasland\u0131ran kalle\u015f demagojileri sergilemektedir.<\/p>\n","protected":false},"excerpt":{"rendered":"<p>T\u00fcrkiye`deki anar\u015finin otopsisidir. Romanda, yaln\u0131z bo\u015fa giden gen\u00e7liklerin hik\u00e2yesini de\u011fil, i\u00e7ine d\u00fc\u015f\u00fcr\u00fcld\u00fc\u011f\u00fcm\u00fcz kaosun \u00e7arp\u0131c\u0131 grafi\u011fini de bulacaks\u0131n\u0131z. Y\u0131llardan beri T\u00fcrkiye`de b\u00fct\u00fcn g\u00f6revleri, \u00f6devleri ve sorumluluklar\u0131, dolay\u0131s\u0131 ile de toplum hayat\u0131m\u0131z\u0131 pasland\u0131ran kalle\u015f demagojileri sergilemektedir.<\/p>\n","protected":false},"featured_media":7102,"comment_status":"open","ping_status":"closed","template":"","meta":[],"class_list":["post-7101","product","type-product","status-publish","has-post-thumbnail","hentry","product_cat-edebiyat"],"_links":{"self":[{"href":"https:\/\/www.ttistanbulspor.org\/index.php\/wp-json\/wp\/v2\/product\/7101","targetHints":{"allow":["GET"]}}],"collection":[{"href":"https:\/\/www.ttistanbulspor.org\/index.php\/wp-json\/wp\/v2\/product"}],"about":[{"href":"https:\/\/www.ttistanbulspor.org\/index.php\/wp-json\/wp\/v2\/types\/product"}],"replies":[{"embeddable":true,"href":"https:\/\/www.ttistanbulspor.org\/index.php\/wp-json\/wp\/v2\/comments?post=7101"}],"wp:featuredmedia":[{"embeddable":true,"href":"https:\/\/www.ttistanbulspor.org\/index.php\/wp-json\/wp\/v2\/media\/7102"}],"wp:attachment":[{"href":"https:\/\/www.ttistanbulspor.org\/index.php\/wp-json\/wp\/v2\/media?parent=7101"}],"curies":[{"name":"wp","href":"https:\/\/api.w.org\/{rel}","templated":true}]}}