{"id":7086,"date":"2019-09-23T10:22:54","date_gmt":"2019-09-23T07:22:54","guid":{"rendered":"http:\/\/www.ttistanbulspor.org\/?post_type=product&#038;p=7086"},"modified":"2019-09-23T10:24:56","modified_gmt":"2019-09-23T07:24:56","slug":"ask-bir-davaya-benzer","status":"publish","type":"product","link":"https:\/\/www.ttistanbulspor.org\/index.php\/urun\/ask-bir-davaya-benzer\/","title":{"rendered":"A\u015eK B\u0130R DAVAYA BENZER"},"content":{"rendered":"<p>H. Nur Art\u0131ran, &#8220;A\u015fk Bir Davaya Benzer&#8221;de Mesnev\u00ee&#8217;den yola \u00e7\u0131karak Peygamber Efendimiz (sav), \u015eems-i Tebriz\u00ee, zikir, \u015f\u00fck\u00fcr, sab\u0131r, ibadetlerimizdeki as\u0131l gaye, g\u00f6zya\u015flar\u0131m\u0131z ac\u0131 ve \u0131st\u0131raplar\u0131m\u0131zda gizlenen ne\u015feli m\u00fcjde, az yemenin-az konu\u015fman\u0131n-az uyuman\u0131n hikmeti, Efendimize sevdirilen koku, ge\u00e7mi\u015f ve gelece\u011fimiz, \u00f6l\u00fcm ve \u00f6tesi gibi t\u00fcm hayat\u0131m\u0131z\u0131 \u015fekillendiren \u00e7ok \u00f6nemli bahisleri kaleme al\u0131yor. Mesnev\u00ee&#8217;nin \u0131\u015f\u0131\u011f\u0131nda yap\u0131lan yorumlar; ayet ve hadislerle teyit edilerek Kur&#8217;an ile Mesnev\u00ee aras\u0131ndaki ba\u011f a\u00e7\u0131k bir \u015fekilde g\u00f6zler \u00f6n\u00fcne seriliyor.<br \/>\n&#8220;Ad\u0131n\u0131 A&#8217;raf s\u00fbresi 172. ayetten ve Hz. Mevl\u00e2n\u00e2&#8217;n\u0131n bir Mesnev\u00ee beyitinden alan A\u015fk Bir Davaya Benzer isimli eser, kul olman\u0131n temelini te\u015fkil eden on sekiz b\u00f6l\u00fcmden olu\u015fmaktad\u0131r. \u0130l\u00e2h\u00ee olan bu ezel davas\u0131n\u0131n kazan\u0131lmas\u0131 \u2018A\u015eK&#8217; kelimesinin i\u00e7inde s\u0131rlanm\u0131\u015ft\u0131r. \u2018K\u00e2f, H\u00e2, Ayn, Sad&#8217; harflerinin ifade etti\u011fi led\u00fcn m\u00e2n\u00e2s\u0131 ile de kelama, sese, s\u00f6ze getirilip de\u011ferli okuyuculara arma\u011fan edilmi\u015ftir.&#8221;<\/p>\n","protected":false},"excerpt":{"rendered":"<p>H. Nur Art\u0131ran, &#8220;A\u015fk Bir Davaya Benzer&#8221;de Mesnev\u00ee&#8217;den yola \u00e7\u0131karak Peygamber Efendimiz (sav), \u015eems-i Tebriz\u00ee, zikir, \u015f\u00fck\u00fcr, sab\u0131r, ibadetlerimizdeki as\u0131l gaye, g\u00f6zya\u015flar\u0131m\u0131z ac\u0131 ve \u0131st\u0131raplar\u0131m\u0131zda gizlenen ne\u015feli m\u00fcjde, az yemenin-az konu\u015fman\u0131n-az uyuman\u0131n hikmeti, Efendimize sevdirilen koku, ge\u00e7mi\u015f ve gelece\u011fimiz, \u00f6l\u00fcm ve \u00f6tesi gibi t\u00fcm hayat\u0131m\u0131z\u0131 \u015fekillendiren \u00e7ok \u00f6nemli bahisleri kaleme al\u0131yor. Mesnev\u00ee&#8217;nin \u0131\u015f\u0131\u011f\u0131nda yap\u0131lan yorumlar; ayet ve hadislerle teyit edilerek Kur&#8217;an ile Mesnev\u00ee aras\u0131ndaki ba\u011f a\u00e7\u0131k bir \u015fekilde g\u00f6zler \u00f6n\u00fcne seriliyor.<br \/>\n&#8220;Ad\u0131n\u0131 A&#8217;raf s\u00fbresi 172. ayetten ve Hz. Mevl\u00e2n\u00e2&#8217;n\u0131n bir Mesnev\u00ee beyitinden alan A\u015fk Bir Davaya Benzer isimli eser, kul olman\u0131n temelini te\u015fkil eden on sekiz b\u00f6l\u00fcmden olu\u015fmaktad\u0131r. \u0130l\u00e2h\u00ee olan bu ezel davas\u0131n\u0131n kazan\u0131lmas\u0131 \u2018A\u015eK&#8217; kelimesinin i\u00e7inde s\u0131rlanm\u0131\u015ft\u0131r. \u2018K\u00e2f, H\u00e2, Ayn, Sad&#8217; harflerinin ifade etti\u011fi led\u00fcn m\u00e2n\u00e2s\u0131 ile de kelama, sese, s\u00f6ze getirilip de\u011ferli okuyuculara arma\u011fan edilmi\u015ftir.&#8221;<\/p>\n","protected":false},"featured_media":7087,"comment_status":"open","ping_status":"closed","template":"","meta":[],"class_list":["post-7086","product","type-product","status-publish","has-post-thumbnail","hentry","product_cat-din-mitoloji","product_cat-tasavvuf"],"_links":{"self":[{"href":"https:\/\/www.ttistanbulspor.org\/index.php\/wp-json\/wp\/v2\/product\/7086","targetHints":{"allow":["GET"]}}],"collection":[{"href":"https:\/\/www.ttistanbulspor.org\/index.php\/wp-json\/wp\/v2\/product"}],"about":[{"href":"https:\/\/www.ttistanbulspor.org\/index.php\/wp-json\/wp\/v2\/types\/product"}],"replies":[{"embeddable":true,"href":"https:\/\/www.ttistanbulspor.org\/index.php\/wp-json\/wp\/v2\/comments?post=7086"}],"wp:featuredmedia":[{"embeddable":true,"href":"https:\/\/www.ttistanbulspor.org\/index.php\/wp-json\/wp\/v2\/media\/7087"}],"wp:attachment":[{"href":"https:\/\/www.ttistanbulspor.org\/index.php\/wp-json\/wp\/v2\/media?parent=7086"}],"curies":[{"name":"wp","href":"https:\/\/api.w.org\/{rel}","templated":true}]}}