{"id":7081,"date":"2019-09-23T10:14:14","date_gmt":"2019-09-23T07:14:14","guid":{"rendered":"http:\/\/www.ttistanbulspor.org\/?post_type=product&#038;p=7081"},"modified":"2019-09-23T10:14:31","modified_gmt":"2019-09-23T07:14:31","slug":"veronika-olmek-istiyor","status":"publish","type":"product","link":"https:\/\/www.ttistanbulspor.org\/index.php\/urun\/veronika-olmek-istiyor\/","title":{"rendered":"VERON\u0130KA \u00d6LMEK \u0130ST\u0130YOR"},"content":{"rendered":"<p>&#8220;Paulo Coelho&#8217;nun ustal\u0131\u011f\u0131, herkese seslenebilmesinden kaynaklan\u0131yor. Sevecen, ama etkili bir \u00f6\u011fretmen. Kitaplar\u0131 t\u00fcm d\u00fcnyada 100 milyon satm\u0131\u015f olan Coelho&#8217;nun \u015fa\u015f\u0131rt\u0131c\u0131 \u00e7ekicili\u011finin nedeni de bu olsa gerek.&#8221;<\/p>\n<p>Veronika, her istedi\u011fine sahip g\u00f6r\u00fcnen, renkli bir ya\u015fam s\u00fcren, yak\u0131\u015f\u0131kl\u0131 erkeklerle gezip tozan gen\u00e7 bir kad\u0131n olmas\u0131na kar\u015f\u0131n, mutlu de\u011fildir. Ya\u015fam\u0131nda bir \u015feylerin eksikli\u011fini hissetmektedir. Ba\u015far\u0131s\u0131z bir intihar giri\u015fiminin ard\u0131ndan, kendine geldi\u011fi zaman bir ak\u0131l hastanesindedir. \u00dcstelik \u00e7ok k\u0131sa bir \u00f6mr\u00fc kald\u0131\u011f\u0131n\u0131 \u00f6\u011frenir. Zaten \u00f6lmek isteyen Veronika bu s\u00fcre\u00e7te, ba\u015fka d\u00fcnyalar\u0131n insanlar\u0131n\u0131 tan\u0131rken kendisini de ke\u015ffetmeye ba\u015flar\u2026<\/p>\n<p>Paulo Coelho&#8217;nun \u00fclkemize yak\u0131n bir co\u011frafyada, Bosna ve Slovenya&#8217;da ge\u00e7en Veronika \u00d6lmek \u0130stiyor adl\u0131 roman\u0131, var olu\u015fumuzun her dakikas\u0131na ya\u015fam ile \u00f6l\u00fcm aras\u0131nda bir se\u00e7im olarak yakla\u015f\u0131yor. Toplumun al\u0131\u015f\u0131lm\u0131\u015f kal\u0131plar\u0131n\u0131n d\u0131\u015f\u0131na \u00e7\u0131kan, farkl\u0131 d\u00fc\u015f\u00fcnceleri y\u00fcz\u00fcnden \u00f6nyarg\u0131lar\u0131 g\u00f6\u011f\u00fcslemek zorunda kalan insanlar\u0131 anlat\u0131yor.<\/p>\n","protected":false},"excerpt":{"rendered":"<p>&#8220;Paulo Coelho&#8217;nun ustal\u0131\u011f\u0131, herkese seslenebilmesinden kaynaklan\u0131yor. Sevecen, ama etkili bir \u00f6\u011fretmen. Kitaplar\u0131 t\u00fcm d\u00fcnyada 100 milyon satm\u0131\u015f olan Coelho&#8217;nun \u015fa\u015f\u0131rt\u0131c\u0131 \u00e7ekicili\u011finin nedeni de bu olsa gerek.&#8221;<\/p>\n<p>Veronika, her istedi\u011fine sahip g\u00f6r\u00fcnen, renkli bir ya\u015fam s\u00fcren, yak\u0131\u015f\u0131kl\u0131 erkeklerle gezip tozan gen\u00e7 bir kad\u0131n olmas\u0131na kar\u015f\u0131n, mutlu de\u011fildir. Ya\u015fam\u0131nda bir \u015feylerin eksikli\u011fini hissetmektedir. Ba\u015far\u0131s\u0131z bir intihar giri\u015fiminin ard\u0131ndan, kendine geldi\u011fi zaman bir ak\u0131l hastanesindedir. \u00dcstelik \u00e7ok k\u0131sa bir \u00f6mr\u00fc kald\u0131\u011f\u0131n\u0131 \u00f6\u011frenir. Zaten \u00f6lmek isteyen Veronika bu s\u00fcre\u00e7te, ba\u015fka d\u00fcnyalar\u0131n insanlar\u0131n\u0131 tan\u0131rken kendisini de ke\u015ffetmeye ba\u015flar\u2026<\/p>\n<p>Paulo Coelho&#8217;nun \u00fclkemize yak\u0131n bir co\u011frafyada, Bosna ve Slovenya&#8217;da ge\u00e7en Veronika \u00d6lmek \u0130stiyor adl\u0131 roman\u0131, var olu\u015fumuzun her dakikas\u0131na ya\u015fam ile \u00f6l\u00fcm aras\u0131nda bir se\u00e7im olarak yakla\u015f\u0131yor. Toplumun al\u0131\u015f\u0131lm\u0131\u015f kal\u0131plar\u0131n\u0131n d\u0131\u015f\u0131na \u00e7\u0131kan, farkl\u0131 d\u00fc\u015f\u00fcnceleri y\u00fcz\u00fcnden \u00f6nyarg\u0131lar\u0131 g\u00f6\u011f\u00fcslemek zorunda kalan insanlar\u0131 anlat\u0131yor.<\/p>\n","protected":false},"featured_media":7083,"comment_status":"open","ping_status":"closed","template":"","meta":[],"class_list":["post-7081","product","type-product","status-publish","has-post-thumbnail","hentry","product_cat-dunya-roman"],"_links":{"self":[{"href":"https:\/\/www.ttistanbulspor.org\/index.php\/wp-json\/wp\/v2\/product\/7081","targetHints":{"allow":["GET"]}}],"collection":[{"href":"https:\/\/www.ttistanbulspor.org\/index.php\/wp-json\/wp\/v2\/product"}],"about":[{"href":"https:\/\/www.ttistanbulspor.org\/index.php\/wp-json\/wp\/v2\/types\/product"}],"replies":[{"embeddable":true,"href":"https:\/\/www.ttistanbulspor.org\/index.php\/wp-json\/wp\/v2\/comments?post=7081"}],"wp:featuredmedia":[{"embeddable":true,"href":"https:\/\/www.ttistanbulspor.org\/index.php\/wp-json\/wp\/v2\/media\/7083"}],"wp:attachment":[{"href":"https:\/\/www.ttistanbulspor.org\/index.php\/wp-json\/wp\/v2\/media?parent=7081"}],"curies":[{"name":"wp","href":"https:\/\/api.w.org\/{rel}","templated":true}]}}