{"id":7056,"date":"2019-09-18T16:18:42","date_gmt":"2019-09-18T13:18:42","guid":{"rendered":"http:\/\/www.ttistanbulspor.org\/?post_type=product&#038;p=7056"},"modified":"2019-09-18T16:19:21","modified_gmt":"2019-09-18T13:19:21","slug":"manifesto-isler-nasil-dogru-yapilir","status":"publish","type":"product","link":"https:\/\/www.ttistanbulspor.org\/index.php\/urun\/manifesto-isler-nasil-dogru-yapilir\/","title":{"rendered":"MAN\u0130FESTO \u0130\u015eLER NASIL DO\u011eRU YAPILIR"},"content":{"rendered":"<p>NEW YORK TIMES BESTSELLER<br \/>\n\u201cGawande, kalemi ne\u015fter kadar keskin, konuya X \u0131\u015f\u0131nlar\u0131yla bakan bir yazar. Tan\u0131: Muhte\u015fem.\u201d TIME<br \/>\n\u201cY\u0131llardan beri bu kadar etkileyici bir kitap okumam\u0131\u015ft\u0131m. Gawande muhte\u015fem bir yazar ve bu kitab\u0131n iddial\u0131 ama\u00e7lar\u0131 var.\u201d MALCOLM GLADWELL<br \/>\n\u201cHor g\u00f6r\u00fclebilecek kadar basit bir fikir hakk\u0131nda dahiyane bir kitap.Gawande tezini o kadar ba\u015far\u0131l\u0131 savunuyor ki, kimsenin bu kitab\u0131 ikna olmadan kapatma \u015fans\u0131 yok.\u201d SEATTLE TIMES<br \/>\n\u201c\u0130\u00e7tenlikle s\u00f6yl\u00fcyorum, bu kitap d\u00fcnyaya bak\u0131\u015f\u0131m\u0131 de\u011fi\u015ftirdi.Y\u0131llard\u0131r okudu\u011fum en iyi kitap.\u201d<br \/>\nSTEVE LEVITT, NEW YORK TIMES FREAKONOMICS BLOG<br \/>\n\u201cAk\u0131la yaz\u0131lm\u0131\u015f, tecr\u00fcbe ile s\u0131nanm\u0131\u015f.\u201d WASHINGTON POST<\/p>\n","protected":false},"excerpt":{"rendered":"<p>Daha uzun s\u00fcre e\u011fitim g\u00f6r\u00fcyor, daha fazla uzmanla\u015f\u0131yor, daha ileri teknoloji kulla\u00acn\u0131yor ama yine de hata yap\u0131yoruz. Ve bunun nedeni son derece basit: art\u0131k sahip ol\u00acdu\u011fumuz bilgi hacmi ve karma\u015f\u0131kl\u0131k d\u00fczeyi, bireyler olarak bu bilgiyi tutarl\u0131, do\u011fru ve g\u00fcvenli bi\u00e7imde iletme becerimizi a\u015fm\u0131\u015f durumda.<br \/>\nTime dergisi taraf\u0131ndan 2010\u2019da d\u00fcnyan\u0131n en etkili 100 insan\u0131 aras\u0131nda g\u00f6sterilen Atul Gawande, daha iyisini ba\u015farabilece\u011fimiz g\u00f6r\u00fc\u015f\u00fcn\u00fc savunuyor ve \u00e7\u00f6z\u00fcm ola\u00acrak bize olabilecek en m\u00fctevaz\u0131 yolu g\u00f6steriyor: kontrol listesi. Gawande, ger\u00e7ek hayattan ak\u0131l almaz \u00f6yk\u00fcler e\u015fli\u011finde, kontrol listelerinin, u\u00e7aklar\u0131 u\u00e7urmaktan ileri derecede incelikli teknik gerektiren g\u00f6kdelenler in\u015fa etmeye dek, yapt\u0131\u011f\u0131m\u0131z en zor i\u015flerden baz\u0131lar\u0131n\u0131 nas\u0131l alt\u0131ndan kalk\u0131labilir hale getirdi\u011fini a\u00e7\u0131kl\u0131yor. Kendi deneyi\u00acmine dayanarak, doksan saniyelik bir kontrol listesinin, d\u00fcnyan\u0131n d\u00f6rt bir yan\u0131ndaki sekiz hastanede, hemen b\u00fct\u00fcn cerrahi giri\u015fim t\u00fcrlerinde, \u00f6l\u00fcmleri ve komplikasyon\u00aclar\u0131, ek maliyet getirmeksizin, \u00fc\u00e7te biri a\u015fan oranda azaltmay\u0131 nas\u0131l ba\u015farabildi\u011fini g\u00f6zler \u00f6n\u00fcne seriyor.<br \/>\nChecklist Manifesto, ya\u015fam\u0131m\u0131zdaki karma\u015f\u0131kl\u0131\u011f\u0131n do\u011fas\u0131n\u0131 irdeleyen, merak etti\u00acren ve eyleme ge\u00e7irten bir kitap. \u0130\u015fini do\u011fru yapmak isteyen herkes i\u00e7in&#8230;<\/p>\n","protected":false},"featured_media":7058,"comment_status":"open","ping_status":"closed","template":"","meta":[],"class_list":["post-7056","product","type-product","status-publish","has-post-thumbnail","hentry","product_cat-kisisel-gelisim"],"_links":{"self":[{"href":"https:\/\/www.ttistanbulspor.org\/index.php\/wp-json\/wp\/v2\/product\/7056","targetHints":{"allow":["GET"]}}],"collection":[{"href":"https:\/\/www.ttistanbulspor.org\/index.php\/wp-json\/wp\/v2\/product"}],"about":[{"href":"https:\/\/www.ttistanbulspor.org\/index.php\/wp-json\/wp\/v2\/types\/product"}],"replies":[{"embeddable":true,"href":"https:\/\/www.ttistanbulspor.org\/index.php\/wp-json\/wp\/v2\/comments?post=7056"}],"wp:featuredmedia":[{"embeddable":true,"href":"https:\/\/www.ttistanbulspor.org\/index.php\/wp-json\/wp\/v2\/media\/7058"}],"wp:attachment":[{"href":"https:\/\/www.ttistanbulspor.org\/index.php\/wp-json\/wp\/v2\/media?parent=7056"}],"curies":[{"name":"wp","href":"https:\/\/api.w.org\/{rel}","templated":true}]}}