{"id":7052,"date":"2019-09-18T15:17:04","date_gmt":"2019-09-18T12:17:04","guid":{"rendered":"http:\/\/www.ttistanbulspor.org\/?post_type=product&#038;p=7052"},"modified":"2019-09-18T15:19:12","modified_gmt":"2019-09-18T12:19:12","slug":"kabil","status":"publish","type":"product","link":"https:\/\/www.ttistanbulspor.org\/index.php\/urun\/kabil\/","title":{"rendered":"KAB\u0130L"},"content":{"rendered":"<p class=\"BasicParagraph\">jos\u00e9 Saramago\u00a0 \u00f6l\u00fcm\u00fcnden \u00f6nce yazd\u0131\u011f\u0131 ve yay\u0131mland\u0131\u011f\u0131 \u00fclkelerde b\u00fcy\u00fck tart\u0131\u015fmalara yol a\u00e7an son roman\u0131nda insanl\u0131\u011f\u0131n kutsal kitaplardaki ba\u015flang\u0131c\u0131na geri d\u00f6n\u00fcyor.<\/p>\n<p class=\"BasicParagraph\">Adem ile Havva\u2019n\u0131n o\u011flu, karde\u015f katili, \u201cs\u00fcrg\u00fcn ve gezgin\u201d Kabil\u2019le \u00e7\u0131k\u0131lan bu yolculuk, Eski Ahit\u2019in lo\u015f ve tekinsiz diyarlar\u0131nda, zaman ve mek\u00e2n kavramlar\u0131n\u0131 alt\u00fcst ederek, s\u00fcre\u011fen bir \u015fimdiki zaman i\u00e7inde, edebiyatla felsefenin kesi\u015fti\u011fi dar alanlarda dola\u015ft\u0131r\u0131yor okuru.<\/p>\n<p class=\"BasicParagraph\">Su\u00e7, ceza, adalet, nefret, ihtiras gibi insana \u00f6zg\u00fc kavramlar ile sava\u015flar, katliamlar, cinayetler, boyun e\u011fmeler ve isyanlar gibi insana \u00f6zg\u00fc eylemler aras\u0131nda gidip gelirken, \u0130brahim\u2019den Nuh\u2019a, Adem ile Havva\u2019dan Ey\u00fcb\u2019e, Lilith\u2019e kadar b\u00fct\u00fcn kadim \u015fahsiyetler de beklenmedik anlarda ve yerlerde kar\u015f\u0131m\u0131za \u00e7\u0131k\u0131p insanl\u0131k panoramas\u0131n\u0131 tamaml\u0131yorlar.<\/p>\n","protected":false},"excerpt":{"rendered":"<p class=\"BasicParagraph\">jos\u00e9 Saramago\u00a0 \u00f6l\u00fcm\u00fcnden \u00f6nce yazd\u0131\u011f\u0131 ve yay\u0131mland\u0131\u011f\u0131 \u00fclkelerde b\u00fcy\u00fck tart\u0131\u015fmalara yol a\u00e7an son roman\u0131nda insanl\u0131\u011f\u0131n kutsal kitaplardaki ba\u015flang\u0131c\u0131na geri d\u00f6n\u00fcyor.<\/p>\n<p class=\"BasicParagraph\">Adem ile Havva\u2019n\u0131n o\u011flu, karde\u015f katili, \u201cs\u00fcrg\u00fcn ve gezgin\u201d Kabil\u2019le \u00e7\u0131k\u0131lan bu yolculuk, Eski Ahit\u2019in lo\u015f ve tekinsiz diyarlar\u0131nda, zaman ve mek\u00e2n kavramlar\u0131n\u0131 alt\u00fcst ederek, s\u00fcre\u011fen bir \u015fimdiki zaman i\u00e7inde, edebiyatla felsefenin kesi\u015fti\u011fi dar alanlarda dola\u015ft\u0131r\u0131yor okuru.<\/p>\n<p class=\"BasicParagraph\">Su\u00e7, ceza, adalet, nefret, ihtiras gibi insana \u00f6zg\u00fc kavramlar ile sava\u015flar, katliamlar, cinayetler, boyun e\u011fmeler ve isyanlar gibi insana \u00f6zg\u00fc eylemler aras\u0131nda gidip gelirken, \u0130brahim\u2019den Nuh\u2019a, Adem ile Havva\u2019dan Ey\u00fcb\u2019e, Lilith\u2019e kadar b\u00fct\u00fcn kadim \u015fahsiyetler de beklenmedik anlarda ve yerlerde kar\u015f\u0131m\u0131za \u00e7\u0131k\u0131p insanl\u0131k panoramas\u0131n\u0131 tamaml\u0131yorlar.<\/p>\n","protected":false},"featured_media":7053,"comment_status":"open","ping_status":"closed","template":"","meta":[],"class_list":["post-7052","product","type-product","status-publish","has-post-thumbnail","hentry","product_cat-dunya-roman"],"_links":{"self":[{"href":"https:\/\/www.ttistanbulspor.org\/index.php\/wp-json\/wp\/v2\/product\/7052","targetHints":{"allow":["GET"]}}],"collection":[{"href":"https:\/\/www.ttistanbulspor.org\/index.php\/wp-json\/wp\/v2\/product"}],"about":[{"href":"https:\/\/www.ttistanbulspor.org\/index.php\/wp-json\/wp\/v2\/types\/product"}],"replies":[{"embeddable":true,"href":"https:\/\/www.ttistanbulspor.org\/index.php\/wp-json\/wp\/v2\/comments?post=7052"}],"wp:featuredmedia":[{"embeddable":true,"href":"https:\/\/www.ttistanbulspor.org\/index.php\/wp-json\/wp\/v2\/media\/7053"}],"wp:attachment":[{"href":"https:\/\/www.ttistanbulspor.org\/index.php\/wp-json\/wp\/v2\/media?parent=7052"}],"curies":[{"name":"wp","href":"https:\/\/api.w.org\/{rel}","templated":true}]}}