{"id":7049,"date":"2019-09-18T15:12:39","date_gmt":"2019-09-18T12:12:39","guid":{"rendered":"http:\/\/www.ttistanbulspor.org\/?post_type=product&#038;p=7049"},"modified":"2019-09-18T15:12:57","modified_gmt":"2019-09-18T12:12:57","slug":"bizansiyya","status":"publish","type":"product","link":"https:\/\/www.ttistanbulspor.org\/index.php\/urun\/bizansiyya\/","title":{"rendered":"Bizansiyya"},"content":{"rendered":"<p>\u015eair L\u00e2le M\u00fcld\u00fcr&#8217;\u00fcn neredeyse on be\u015f y\u0131ld\u0131r yazmakta oldu\u011fu roman\u0131 Bizansiyya YKY&#8217;den \u00e7\u0131kt\u0131. \u00d6zkurmaca \u00f6zellikleri ta\u015f\u0131yan roman yeni bir zaman\u0131 yeni bir mek\u00e2nda ger\u00e7ekle\u015ftirme iddias\u0131 ta\u015f\u0131yor. Bizans\u2019la Konstantiniyye\u2019nin birle\u015fiminden do\u011fan Bizansiyya, bug\u00fcn\u00fcn \u0130stanbul&#8217;unda ya\u015fanan, yar\u0131 \u00fctopik ama kanl\u0131 canl\u0131, hedonist bir \u015fehir: &#8220;Kanl\u0131 trajediler, entrikalar ve frenlenmemi\u015f ihtiraslar \u00fclkesi.&#8221;<\/p>\n<p>Yeni bir d\u00fcnyan\u0131n, dolay\u0131s\u0131yla yeni bir hayat\u0131n izini s\u00fcren M\u00fcld\u00fcr, \u015fim\u015fek h\u0131z\u0131yla hareket eden bir bilin\u00e7le, okuru kendi \u00e2leminin karma\u015fas\u0131nda gezdiriyor. G\u00fcnl\u00fcklerden, notlardan olu\u015fan, bir bak\u0131ma &#8220;defterlerin anar\u015fik g\u00fczelli\u011fi&#8221;nden kurtulup gelen, poetik ve \u00e7\u0131lg\u0131n bir roman Bizansiyya.<\/p>\n","protected":false},"excerpt":{"rendered":"<p>\u015eair L\u00e2le M\u00fcld\u00fcr&#8217;\u00fcn neredeyse on be\u015f y\u0131ld\u0131r yazmakta oldu\u011fu roman\u0131 Bizansiyya YKY&#8217;den \u00e7\u0131kt\u0131. \u00d6zkurmaca \u00f6zellikleri ta\u015f\u0131yan roman yeni bir zaman\u0131 yeni bir mek\u00e2nda ger\u00e7ekle\u015ftirme iddias\u0131 ta\u015f\u0131yor. Bizans\u2019la Konstantiniyye\u2019nin birle\u015fiminden do\u011fan Bizansiyya, bug\u00fcn\u00fcn \u0130stanbul&#8217;unda ya\u015fanan, yar\u0131 \u00fctopik ama kanl\u0131 canl\u0131, hedonist bir \u015fehir: &#8220;Kanl\u0131 trajediler, entrikalar ve frenlenmemi\u015f ihtiraslar \u00fclkesi.&#8221;<\/p>\n<p>Yeni bir d\u00fcnyan\u0131n, dolay\u0131s\u0131yla yeni bir hayat\u0131n izini s\u00fcren M\u00fcld\u00fcr, \u015fim\u015fek h\u0131z\u0131yla hareket eden bir bilin\u00e7le, okuru kendi \u00e2leminin karma\u015fas\u0131nda gezdiriyor. G\u00fcnl\u00fcklerden, notlardan olu\u015fan, bir bak\u0131ma &#8220;defterlerin anar\u015fik g\u00fczelli\u011fi&#8221;nden kurtulup gelen, poetik ve \u00e7\u0131lg\u0131n bir roman Bizansiyya.<\/p>\n","protected":false},"featured_media":7051,"comment_status":"open","ping_status":"closed","template":"","meta":[],"class_list":["post-7049","product","type-product","status-publish","has-post-thumbnail","hentry","product_cat-edebiyat"],"_links":{"self":[{"href":"https:\/\/www.ttistanbulspor.org\/index.php\/wp-json\/wp\/v2\/product\/7049","targetHints":{"allow":["GET"]}}],"collection":[{"href":"https:\/\/www.ttistanbulspor.org\/index.php\/wp-json\/wp\/v2\/product"}],"about":[{"href":"https:\/\/www.ttistanbulspor.org\/index.php\/wp-json\/wp\/v2\/types\/product"}],"replies":[{"embeddable":true,"href":"https:\/\/www.ttistanbulspor.org\/index.php\/wp-json\/wp\/v2\/comments?post=7049"}],"wp:featuredmedia":[{"embeddable":true,"href":"https:\/\/www.ttistanbulspor.org\/index.php\/wp-json\/wp\/v2\/media\/7051"}],"wp:attachment":[{"href":"https:\/\/www.ttistanbulspor.org\/index.php\/wp-json\/wp\/v2\/media?parent=7049"}],"curies":[{"name":"wp","href":"https:\/\/api.w.org\/{rel}","templated":true}]}}