{"id":7047,"date":"2019-09-18T15:00:57","date_gmt":"2019-09-18T12:00:57","guid":{"rendered":"http:\/\/www.ttistanbulspor.org\/?post_type=product&#038;p=7047"},"modified":"2019-09-18T15:01:24","modified_gmt":"2019-09-18T12:01:24","slug":"iki-sehrin-hikayesi","status":"publish","type":"product","link":"https:\/\/www.ttistanbulspor.org\/index.php\/urun\/iki-sehrin-hikayesi\/","title":{"rendered":"\u0130K\u0130 \u015eEHR\u0130N H\u0130KAYES\u0130"},"content":{"rendered":"<p>Charles Dickens\u2019\u0131n \u00a0iki tarihi roman\u0131ndan biri olan \u0130ki \u015eehrin Hik\u00e2yesi, 1859\u2019da yaz\u0131ld\u0131, yani Frans\u0131z devriminden yirmi y\u0131l sonra. \u0130ki \u015eehrin Hik\u00e2yesi, Frans\u0131z Devrimi \u00f6ncesinde ve sonras\u0131nda Londra ve Paris\u2019te bir grup karakterin ya\u015fad\u0131klar\u0131 olaylar \u00e7evresinde geli\u015fir. 1775 y\u0131l\u0131n\u0131n so\u011fuk bir kas\u0131m ak\u015fam\u0131nda ba\u015flar ve sonras\u0131nda haks\u0131z yere 18 y\u0131l Bastille\u2019de \u00a0hapsolduktan sonra kurtulan Dr. Manette ve k\u0131z\u0131 Lucie\u2019yle tan\u0131\u015f\u0131r\u0131z. Tam huzurlu bir hayat ya\u015fayacaklarken Frans\u0131z Devrimi patlak verir. 1792 y\u0131l\u0131 geldi\u011findeyse bir zamanlar \u00f6lenler art\u0131k \u00f6ld\u00fcrmekte, Paris ter\u00f6r d\u00f6nemini ya\u015famaktad\u0131r.<\/p>\n","protected":false},"excerpt":{"rendered":"<p>Charles Dickens\u2019\u0131n \u00a0iki tarihi roman\u0131ndan biri olan \u0130ki \u015eehrin Hik\u00e2yesi, 1859\u2019da yaz\u0131ld\u0131, yani Frans\u0131z devriminden yirmi y\u0131l sonra. \u0130ki \u015eehrin Hik\u00e2yesi, Frans\u0131z Devrimi \u00f6ncesinde ve sonras\u0131nda Londra ve Paris\u2019te bir grup karakterin ya\u015fad\u0131klar\u0131 olaylar \u00e7evresinde geli\u015fir. 1775 y\u0131l\u0131n\u0131n so\u011fuk bir kas\u0131m ak\u015fam\u0131nda ba\u015flar ve sonras\u0131nda haks\u0131z yere 18 y\u0131l Bastille\u2019de \u00a0hapsolduktan sonra kurtulan Dr. Manette ve k\u0131z\u0131 Lucie\u2019yle tan\u0131\u015f\u0131r\u0131z. Tam huzurlu bir hayat ya\u015fayacaklarken Frans\u0131z Devrimi patlak verir. 1792 y\u0131l\u0131 geldi\u011findeyse bir zamanlar \u00f6lenler art\u0131k \u00f6ld\u00fcrmekte, Paris ter\u00f6r d\u00f6nemini ya\u015famaktad\u0131r.<\/p>\n","protected":false},"featured_media":7048,"comment_status":"open","ping_status":"closed","template":"","meta":[],"class_list":["post-7047","product","type-product","status-publish","has-post-thumbnail","hentry","product_cat-dunya-klasik"],"_links":{"self":[{"href":"https:\/\/www.ttistanbulspor.org\/index.php\/wp-json\/wp\/v2\/product\/7047","targetHints":{"allow":["GET"]}}],"collection":[{"href":"https:\/\/www.ttistanbulspor.org\/index.php\/wp-json\/wp\/v2\/product"}],"about":[{"href":"https:\/\/www.ttistanbulspor.org\/index.php\/wp-json\/wp\/v2\/types\/product"}],"replies":[{"embeddable":true,"href":"https:\/\/www.ttistanbulspor.org\/index.php\/wp-json\/wp\/v2\/comments?post=7047"}],"wp:featuredmedia":[{"embeddable":true,"href":"https:\/\/www.ttistanbulspor.org\/index.php\/wp-json\/wp\/v2\/media\/7048"}],"wp:attachment":[{"href":"https:\/\/www.ttistanbulspor.org\/index.php\/wp-json\/wp\/v2\/media?parent=7047"}],"curies":[{"name":"wp","href":"https:\/\/api.w.org\/{rel}","templated":true}]}}