{"id":7043,"date":"2019-09-18T14:42:32","date_gmt":"2019-09-18T11:42:32","guid":{"rendered":"http:\/\/www.ttistanbulspor.org\/?post_type=product&#038;p=7043"},"modified":"2019-09-18T14:42:55","modified_gmt":"2019-09-18T11:42:55","slug":"huzursuzlugun-kitabi","status":"publish","type":"product","link":"https:\/\/www.ttistanbulspor.org\/index.php\/urun\/huzursuzlugun-kitabi\/","title":{"rendered":"Huzursuzlu\u011fun Kitab\u0131"},"content":{"rendered":"<p>20. y\u00fczy\u0131l Portekiz edebiyat\u0131n\u0131n b\u00fcy\u00fck ismi Fernando Pessoa, sa\u011fl\u0131\u011f\u0131nda yay\u0131nlanan yap\u0131tlar\u0131 olduysa da, esas olarak \u00f6l\u00fcm\u00fcnden sonra, yaz\u0131lar\u0131n\u0131 toplad\u0131\u011f\u0131 sand\u0131\u011f\u0131n bulunmas\u0131yla \u00fcn kazand\u0131. Yakla\u015f\u0131k 27 bin sayfaya yay\u0131lan, farkl\u0131 t\u00fcrlerde eserler veren yazar, bunlar\u0131n b\u00fcy\u00fck bir k\u0131sm\u0131n\u0131 kendi ad\u0131yla de\u011fil, birer ya\u015fam\u00f6yk\u00fcs\u00fcyle, ki\u015filikle, hatta edebi duru\u015f ve tarzla donatt\u0131\u011f\u0131 70 ayr\u0131 kurmaca yazar\u0131n, d\u0131\u015fkimli\u011fin ad\u0131yla imzalam\u0131\u015ft\u0131; k\u00f6t\u00fc bir Portekizce\u2019yle ilkel do\u011fa \u015fiirleri yazan Alberto Caeiro, pagan dinlere inanan hekim Ricardo Reis, &#8220;i\u00e7inde bir Yunan \u015fairi bar\u0131nd\u0131ran Whitman&#8221; diye tarif edilen Alvaro de Campos gibi&#8230; Bu kurmaca yazarlardan biri olan Bernardo Soares, Pessoa\u2019n\u0131n &#8220;yar\u0131-d\u0131\u015fkimlik&#8221; olarak niteledi\u011fi, ona \u00e7ok yak\u0131n bir karakterdi ve Huzursuzlu\u011fun Kitab\u0131\u2019n\u0131n yazar\u0131 olarak yarat\u0131lm\u0131\u015ft\u0131. Soares, g\u00fcnd\u00fczleri bir kuma\u015f ma\u011fazas\u0131nda \u00e7al\u0131\u015fan, geceleri ya\u011fmurun sesinde, ayak seslerinde yaln\u0131zl\u0131\u011f\u0131n\u0131 duyumsayan bir Lizbonluydu.<\/p>\n","protected":false},"excerpt":{"rendered":"<p>20. y\u00fczy\u0131l Portekiz edebiyat\u0131n\u0131n b\u00fcy\u00fck ismi Fernando Pessoa, sa\u011fl\u0131\u011f\u0131nda yay\u0131nlanan yap\u0131tlar\u0131 olduysa da, esas olarak \u00f6l\u00fcm\u00fcnden sonra, yaz\u0131lar\u0131n\u0131 toplad\u0131\u011f\u0131 sand\u0131\u011f\u0131n bulunmas\u0131yla \u00fcn kazand\u0131. Yakla\u015f\u0131k 27 bin sayfaya yay\u0131lan, farkl\u0131 t\u00fcrlerde eserler veren yazar, bunlar\u0131n b\u00fcy\u00fck bir k\u0131sm\u0131n\u0131 kendi ad\u0131yla de\u011fil, birer ya\u015fam\u00f6yk\u00fcs\u00fcyle, ki\u015filikle, hatta edebi duru\u015f ve tarzla donatt\u0131\u011f\u0131 70 ayr\u0131 kurmaca yazar\u0131n, d\u0131\u015fkimli\u011fin ad\u0131yla imzalam\u0131\u015ft\u0131; k\u00f6t\u00fc bir Portekizce\u2019yle ilkel do\u011fa \u015fiirleri yazan Alberto Caeiro, pagan dinlere inanan hekim Ricardo Reis, &#8220;i\u00e7inde bir Yunan \u015fairi bar\u0131nd\u0131ran Whitman&#8221; diye tarif edilen Alvaro de Campos gibi&#8230; Bu kurmaca yazarlardan biri olan Bernardo Soares, Pessoa\u2019n\u0131n &#8220;yar\u0131-d\u0131\u015fkimlik&#8221; olarak niteledi\u011fi, ona \u00e7ok yak\u0131n bir karakterdi ve Huzursuzlu\u011fun Kitab\u0131\u2019n\u0131n yazar\u0131 olarak yarat\u0131lm\u0131\u015ft\u0131. Soares, g\u00fcnd\u00fczleri bir kuma\u015f ma\u011fazas\u0131nda \u00e7al\u0131\u015fan, geceleri ya\u011fmurun sesinde, ayak seslerinde yaln\u0131zl\u0131\u011f\u0131n\u0131 duyumsayan bir Lizbonluydu.<\/p>\n","protected":false},"featured_media":7044,"comment_status":"open","ping_status":"closed","template":"","meta":[],"class_list":["post-7043","product","type-product","status-publish","has-post-thumbnail","hentry","product_cat-anlati"],"_links":{"self":[{"href":"https:\/\/www.ttistanbulspor.org\/index.php\/wp-json\/wp\/v2\/product\/7043","targetHints":{"allow":["GET"]}}],"collection":[{"href":"https:\/\/www.ttistanbulspor.org\/index.php\/wp-json\/wp\/v2\/product"}],"about":[{"href":"https:\/\/www.ttistanbulspor.org\/index.php\/wp-json\/wp\/v2\/types\/product"}],"replies":[{"embeddable":true,"href":"https:\/\/www.ttistanbulspor.org\/index.php\/wp-json\/wp\/v2\/comments?post=7043"}],"wp:featuredmedia":[{"embeddable":true,"href":"https:\/\/www.ttistanbulspor.org\/index.php\/wp-json\/wp\/v2\/media\/7044"}],"wp:attachment":[{"href":"https:\/\/www.ttistanbulspor.org\/index.php\/wp-json\/wp\/v2\/media?parent=7043"}],"curies":[{"name":"wp","href":"https:\/\/api.w.org\/{rel}","templated":true}]}}