{"id":7040,"date":"2019-09-18T14:29:15","date_gmt":"2019-09-18T11:29:15","guid":{"rendered":"http:\/\/www.ttistanbulspor.org\/?post_type=product&#038;p=7040"},"modified":"2019-09-18T14:31:26","modified_gmt":"2019-09-18T11:31:26","slug":"super-iyi-gunler","status":"publish","type":"product","link":"https:\/\/www.ttistanbulspor.org\/index.php\/urun\/super-iyi-gunler\/","title":{"rendered":"S\u00dcPER \u0130Y\u0130 G\u00dcNLER"},"content":{"rendered":"<p>\u0130nsanlar kafam\u0131 kar\u0131\u015ft\u0131r\u0131yor.<br \/>\nBunun iki temel nedeni var.<br \/>\n\u0130lk neden, insanlar\u0131n hi\u00e7 kelime kullanmadan bir s\u00fcr\u00fc \u015fey s\u00f6ylemeleri. Siobham, tek ka\u015f\u0131n\u0131 kald\u0131rman\u0131n bir s\u00fcr\u00fc anlama gelebilece\u011fini s\u00f6yl\u00fcyor. Bu ifade &#8220;Seninle seks yapmak istiyorum.&#8221; anlam\u0131na gelebilirmi\u015f, ayr\u0131ca &#8220;Biraz \u00f6nce s\u00f6yledi\u011fim \u015feyin aptalca oldu\u011funu d\u00fc\u015f\u00fcn\u00fcyorum.&#8221; demek de olabilirmi\u015f.<br \/>\nBu komik bir kitap olmayacak. Espri yapmas\u0131n\u0131 bilmiyorum \u00e7\u00fcnk\u00fc onlar\u0131 anlam\u0131yorum.<br \/>\nEsrarengiz bir cinayet ve bu cinayeti ayd\u0131nlatmaya \u00e7al\u0131\u015fan, d\u00fcnyan\u0131n en dikkatli dedektifi: Christopher John Francis Boone. 15 ya\u015f\u0131ndaki dedektifimiz, ya\u015fad\u0131\u011f\u0131 sokaktan \u00f6teye tek ba\u015f\u0131na hi\u00e7 gitmemi\u015f ama astronot olmak istiyor, d\u00fcnya \u00fczerindeki b\u00fct\u00fcn \u00fclkeleri ve onlar\u0131n ba\u015fkentlerini sayabiliyor bir de 7.507&#8217;ye kadar b\u00fct\u00fcn asal say\u0131lar\u0131&#8230;<br \/>\n\u0130ngiltere&#8217;de yay\u0131mland\u0131\u011f\u0131 g\u00fcnden itibaren sat\u0131\u015f rekorlar\u0131 k\u0131ran ve bug\u00fcne kadar 15 dile \u00e7evrilerek 32 \u00fclkede okuyucuyla bulu\u015fan S\u00fcper \u0130yi G\u00fcnler sizin de favoriniz olacak.<\/p>\n","protected":false},"excerpt":{"rendered":"<p>\u0130nsanlar kafam\u0131 kar\u0131\u015ft\u0131r\u0131yor.<br \/>\nBunun iki temel nedeni var.<br \/>\n\u0130lk neden, insanlar\u0131n hi\u00e7 kelime kullanmadan bir s\u00fcr\u00fc \u015fey s\u00f6ylemeleri. Siobham, tek ka\u015f\u0131n\u0131 kald\u0131rman\u0131n bir s\u00fcr\u00fc anlama gelebilece\u011fini s\u00f6yl\u00fcyor. Bu ifade &#8220;Seninle seks yapmak istiyorum.&#8221; anlam\u0131na gelebilirmi\u015f, ayr\u0131ca &#8220;Biraz \u00f6nce s\u00f6yledi\u011fim \u015feyin aptalca oldu\u011funu d\u00fc\u015f\u00fcn\u00fcyorum.&#8221; demek de olabilirmi\u015f.<br \/>\nBu komik bir kitap olmayacak. Espri yapmas\u0131n\u0131 bilmiyorum \u00e7\u00fcnk\u00fc onlar\u0131 anlam\u0131yorum.<br \/>\nEsrarengiz bir cinayet ve bu cinayeti ayd\u0131nlatmaya \u00e7al\u0131\u015fan, d\u00fcnyan\u0131n en dikkatli dedektifi: Christopher John Francis Boone. 15 ya\u015f\u0131ndaki dedektifimiz, ya\u015fad\u0131\u011f\u0131 sokaktan \u00f6teye tek ba\u015f\u0131na hi\u00e7 gitmemi\u015f ama astronot olmak istiyor, d\u00fcnya \u00fczerindeki b\u00fct\u00fcn \u00fclkeleri ve onlar\u0131n ba\u015fkentlerini sayabiliyor bir de 7.507&#8217;ye kadar b\u00fct\u00fcn asal say\u0131lar\u0131&#8230;<br \/>\n\u0130ngiltere&#8217;de yay\u0131mland\u0131\u011f\u0131 g\u00fcnden itibaren sat\u0131\u015f rekorlar\u0131 k\u0131ran ve bug\u00fcne kadar 15 dile \u00e7evrilerek 32 \u00fclkede okuyucuyla bulu\u015fan S\u00fcper \u0130yi G\u00fcnler sizin de favoriniz olacak.<\/p>\n","protected":false},"featured_media":7041,"comment_status":"open","ping_status":"closed","template":"","meta":[],"class_list":["post-7040","product","type-product","status-publish","has-post-thumbnail","hentry","product_cat-dunya-roman"],"_links":{"self":[{"href":"https:\/\/www.ttistanbulspor.org\/index.php\/wp-json\/wp\/v2\/product\/7040","targetHints":{"allow":["GET"]}}],"collection":[{"href":"https:\/\/www.ttistanbulspor.org\/index.php\/wp-json\/wp\/v2\/product"}],"about":[{"href":"https:\/\/www.ttistanbulspor.org\/index.php\/wp-json\/wp\/v2\/types\/product"}],"replies":[{"embeddable":true,"href":"https:\/\/www.ttistanbulspor.org\/index.php\/wp-json\/wp\/v2\/comments?post=7040"}],"wp:featuredmedia":[{"embeddable":true,"href":"https:\/\/www.ttistanbulspor.org\/index.php\/wp-json\/wp\/v2\/media\/7041"}],"wp:attachment":[{"href":"https:\/\/www.ttistanbulspor.org\/index.php\/wp-json\/wp\/v2\/media?parent=7040"}],"curies":[{"name":"wp","href":"https:\/\/api.w.org\/{rel}","templated":true}]}}