{"id":7028,"date":"2019-09-18T13:49:13","date_gmt":"2019-09-18T10:49:13","guid":{"rendered":"http:\/\/www.ttistanbulspor.org\/?post_type=product&#038;p=7028"},"modified":"2019-09-18T16:03:28","modified_gmt":"2019-09-18T13:03:28","slug":"milenaya-mektuplar-2","status":"publish","type":"product","link":"https:\/\/www.ttistanbulspor.org\/index.php\/urun\/milenaya-mektuplar-2\/","title":{"rendered":"MILENAYA MEKTUPLAR"},"content":{"rendered":"<p>ranz Kafka,(d. 3 Temmuz 1883 \u2013 \u00f6. 3 Haziran 1924) modern d\u00fcnya edebiyat\u0131n\u0131n ikonik ve \u00f6zg\u00fcn yazarlar\u0131ndan biridir. Temmuz 1883\u00b4te Prag\u2019da ufak moda e\u015fyalar satan bir d\u00fckkan i\u015fleten Hermann ve Julie Kafka\u00b4n\u0131n 6 \u00e7ocu\u011funun ilki olarak d\u00fcnyaya gelmi\u015ftir. \u0130ki erkek karde\u015fi daha bebekken \u00f6lm\u00fc\u015ft\u00fcr. 3 k\u0131z karde\u015fi de kendinden uzun ya\u015fam\u0131\u015ft\u0131r. Hukuk okumu\u015f, bo\u015f zamanlar\u0131nda yazmaya ba\u015flam\u0131\u015ft\u0131r. Yaz\u0131lar\u0131, ilk olarak Betrachtung, 1912 y\u0131l\u0131ndan itibaren yay\u0131mlanmaya ba\u015flam\u0131\u015ft\u0131r. Kafka\u00b4n\u0131n duygusal deneyimleri ve ailesiyle olan ili\u015fkileri eserlerinde \u00f6zellikle g\u00fcnl\u00fck ve mektuplar\u0131nda ifade bulmu\u015ftur. Babaya Mektup\u00b4ta (Almanca: Brief an den Vater) Kafka\u00b4n\u0131n bak\u0131\u015f a\u00e7\u0131s\u0131ndan babas\u0131yla olan ili\u015fkisi g\u00f6z\u00fckmektedir. Hayatta oldu\u011fu s\u00fcre i\u00e7erisinde 7 kitap yazm\u0131\u015ft\u0131r, bunlar\u0131n yan\u0131nda 3 tamamlanmam\u0131\u015f roman ve bir\u00e7ok mektup ve g\u00fcnl\u00fck b\u0131rakm\u0131\u015ft\u0131r gerisinde. Kafka yak\u0131n arkada\u015f\u0131 Max Brod\u00b4dan \u00f6ld\u00fc\u011f\u00fcnde t\u00fcm bu eserlerini yakmas\u0131n\u0131 istemi\u015ftir. Max Brod\u00b4un Kafka\u00b4n\u0131n bu iste\u011fini yerine getirmemesi sayesinde bug\u00fcn bu eserleri okuma \u015fans\u0131na sahibiz. Kafka t\u00fcm eserlerini Almanca yazm\u0131\u015ft\u0131r. Kafka modernist yazar olarak g\u00f6r\u00fclmektedir. Eserlerinde su\u00e7, \u00f6zg\u00fcrl\u00fck, yabanc\u0131la\u015fma ve sorumluluk ayr\u0131ca otoriteye bireysel kar\u015f\u0131 koyma gibi temalar\u0131 i\u015flemi\u015ftir. Kafka\u2019n\u0131n en tan\u0131nm\u0131\u015f eserleri Dava, \u015eato ve D\u00f6n\u00fc\u015f\u00fcm \u00b4d\u00fcr. Kafka\u00b4n\u0131n 3 Haziran 1924\u00b4teki \u00f6l\u00fcm\u00fcn\u00fcn sebebi kalp yetmezli\u011fi olarak g\u00f6r\u00fclse de v\u00fccudunu y\u0131pratan as\u0131l sebep ilerlemi\u015f kanseridir.<\/p>\n","protected":false},"excerpt":{"rendered":"<p>ranz Kafka,(d. 3 Temmuz 1883 \u2013 \u00f6. 3 Haziran 1924) modern d\u00fcnya edebiyat\u0131n\u0131n ikonik ve \u00f6zg\u00fcn yazarlar\u0131ndan biridir. Temmuz 1883\u00b4te Prag\u2019da ufak moda e\u015fyalar satan bir d\u00fckkan i\u015fleten Hermann ve Julie Kafka\u00b4n\u0131n 6 \u00e7ocu\u011funun ilki olarak d\u00fcnyaya gelmi\u015ftir. \u0130ki erkek karde\u015fi daha bebekken \u00f6lm\u00fc\u015ft\u00fcr. 3 k\u0131z karde\u015fi de kendinden uzun ya\u015fam\u0131\u015ft\u0131r. Hukuk okumu\u015f, bo\u015f zamanlar\u0131nda yazmaya ba\u015flam\u0131\u015ft\u0131r. Yaz\u0131lar\u0131, ilk olarak Betrachtung, 1912 y\u0131l\u0131ndan itibaren yay\u0131mlanmaya ba\u015flam\u0131\u015ft\u0131r. Kafka\u00b4n\u0131n duygusal deneyimleri ve ailesiyle olan ili\u015fkileri eserlerinde \u00f6zellikle g\u00fcnl\u00fck ve mektuplar\u0131nda ifade bulmu\u015ftur. Babaya Mektup\u00b4ta (Almanca: Brief an den Vater) Kafka\u00b4n\u0131n bak\u0131\u015f a\u00e7\u0131s\u0131ndan babas\u0131yla olan ili\u015fkisi g\u00f6z\u00fckmektedir. Hayatta oldu\u011fu s\u00fcre i\u00e7erisinde 7 kitap yazm\u0131\u015ft\u0131r, bunlar\u0131n yan\u0131nda 3 tamamlanmam\u0131\u015f roman ve bir\u00e7ok mektup ve g\u00fcnl\u00fck b\u0131rakm\u0131\u015ft\u0131r gerisinde. Kafka yak\u0131n arkada\u015f\u0131 Max Brod\u00b4dan \u00f6ld\u00fc\u011f\u00fcnde t\u00fcm bu eserlerini yakmas\u0131n\u0131 istemi\u015ftir. Max Brod\u00b4un Kafka\u00b4n\u0131n bu iste\u011fini yerine getirmemesi sayesinde bug\u00fcn bu eserleri okuma \u015fans\u0131na sahibiz. Kafka t\u00fcm eserlerini Almanca yazm\u0131\u015ft\u0131r. Kafka modernist yazar olarak g\u00f6r\u00fclmektedir. Eserlerinde su\u00e7, \u00f6zg\u00fcrl\u00fck, yabanc\u0131la\u015fma ve sorumluluk ayr\u0131ca otoriteye bireysel kar\u015f\u0131 koyma gibi temalar\u0131 i\u015flemi\u015ftir. Kafka\u2019n\u0131n en tan\u0131nm\u0131\u015f eserleri Dava, \u015eato ve D\u00f6n\u00fc\u015f\u00fcm \u00b4d\u00fcr. Kafka\u00b4n\u0131n 3 Haziran 1924\u00b4teki \u00f6l\u00fcm\u00fcn\u00fcn sebebi kalp yetmezli\u011fi olarak g\u00f6r\u00fclse de v\u00fccudunu y\u0131pratan as\u0131l sebep ilerlemi\u015f kanseridir.<\/p>\n","protected":false},"featured_media":7029,"comment_status":"open","ping_status":"closed","template":"","meta":[],"class_list":["post-7028","product","type-product","status-publish","has-post-thumbnail","hentry","product_cat-turk-mektup"],"_links":{"self":[{"href":"https:\/\/www.ttistanbulspor.org\/index.php\/wp-json\/wp\/v2\/product\/7028","targetHints":{"allow":["GET"]}}],"collection":[{"href":"https:\/\/www.ttistanbulspor.org\/index.php\/wp-json\/wp\/v2\/product"}],"about":[{"href":"https:\/\/www.ttistanbulspor.org\/index.php\/wp-json\/wp\/v2\/types\/product"}],"replies":[{"embeddable":true,"href":"https:\/\/www.ttistanbulspor.org\/index.php\/wp-json\/wp\/v2\/comments?post=7028"}],"wp:featuredmedia":[{"embeddable":true,"href":"https:\/\/www.ttistanbulspor.org\/index.php\/wp-json\/wp\/v2\/media\/7029"}],"wp:attachment":[{"href":"https:\/\/www.ttistanbulspor.org\/index.php\/wp-json\/wp\/v2\/media?parent=7028"}],"curies":[{"name":"wp","href":"https:\/\/api.w.org\/{rel}","templated":true}]}}