{"id":7022,"date":"2019-09-18T13:34:38","date_gmt":"2019-09-18T10:34:38","guid":{"rendered":"http:\/\/www.ttistanbulspor.org\/?post_type=product&#038;p=7022"},"modified":"2019-09-18T13:35:17","modified_gmt":"2019-09-18T10:35:17","slug":"tasarruf-rehberi-2","status":"publish","type":"product","link":"https:\/\/www.ttistanbulspor.org\/index.php\/urun\/tasarruf-rehberi-2\/","title":{"rendered":"TASARRUF REHBER\u0130"},"content":{"rendered":"<p>T\u00fcrkiye&#8217; nin en \u00f6nemli s\u0131k\u0131nt\u0131lar\u0131ndan biri hi\u00e7 ku\u015fkusuz bilin\u00e7siz t\u00fcketim ve israf al\u0131\u015fkanl\u0131\u011f\u0131d\u0131r.Ge\u00e7mi\u015fte ya\u015fanan ekonomik krizlerden hi\u00e7 ders al\u0131nmam\u0131\u015f olmal\u0131 ki, \u00fclkemizde g\u00f6steri\u015f ve israf sosyal bir boyut kazanm\u0131\u015ft\u0131r. Bu defa b\u00fct\u00fcn d\u00fcnyada oldu\u011fu gibi k\u00fcresel ekonomik kriz T\u00fcrkiye&#8217;yi de etkisi alt\u0131na alm\u0131\u015f; kimilerini derinden etkilemekte, kimilerini ise bir hayli tedirgin etmektedir.H\u00fck\u00fcmet yetkililerince al\u0131nacak tedbirler d\u0131\u015f\u0131nda bizlerinde bireysel olarak yapaca\u011f\u0131 tek \u015fey&#8221; \u0130SRAF&#8217;A DUR!&#8221; demek; T\u00fcketim al\u0131\u015fkanl\u0131klar\u0131m\u0131z\u0131, de\u011fi\u015ftirerek hayat\u0131n her noktas\u0131nda tasarruflu ya\u015famakt\u0131r.Bir y\u0131l i\u00e7erisinde kulland\u0131\u011f\u0131m\u0131z bar\u0131nma, beslenme, sa\u011fl\u0131k e\u011fitim, ileti\u015fim ve tatil gibi 343 \u00e7e\u015fit nesne, do\u011fru t\u00fcketilmedi\u011fi i\u00e7in T\u00fcrkiye de her y\u0131l hane ba\u015f\u0131na 8.000.00 liram\u0131z \u00e7\u00f6pe gitmektedir.Ayr\u0131ca yerine konulmas\u0131, geri d\u00f6nd\u00fcr\u00fclmesi, depolanmas\u0131 ve sat\u0131n al\u0131nmas\u0131 m\u00fcmk\u00fcn olmayan zaman\u0131m\u0131z\u0131 da \u0130SRAF etmekteyiz. Gelece\u011fizimizi emanet edece\u011fimiz gen\u00e7lik, k\u00fcresel ekonomide \u00f6nemli bir hissedar ve yak\u0131n gelecekteki de\u011fi\u015fimlerin itici g\u00fcc\u00fc olacaklard\u0131r.<br \/>\nBu durumda bizlerin asli g\u00f6revi yeni nesle do\u011fru t\u00fcketim bilincinin kazand\u0131r\u0131lmas\u0131d\u0131r.Titizlikle haz\u0131rlanm\u0131\u015f olan bu kitap, etik al\u0131\u015f veri\u015f modellerinin ve \u00e7evreye sayg\u0131 bilincinin geli\u015ftirilmesi, \u00fcretim ve t\u00fcketim al\u0131\u015fkanl\u0131klar\u0131n\u0131n tasarrufa y\u00f6nlendirici, zaman\u0131n nas\u0131l de\u011ferlendirilece\u011fine katk\u0131 sa\u011flamak amac\u0131yla haz\u0131rlanm\u0131\u015ft\u0131r..Her nimetin ihtiya\u00e7tan fazla t\u00fcketilmesi dinen yasak, ahlaken sefalettir.Ahlaki \u00e7\u00f6k\u00fc\u015f ve israf ise ekonomik krizlerin ana sebebidir.<\/p>\n","protected":false},"excerpt":{"rendered":"<p>T\u00fcrkiye&#8217; nin en \u00f6nemli s\u0131k\u0131nt\u0131lar\u0131ndan biri hi\u00e7 ku\u015fkusuz bilin\u00e7siz t\u00fcketim ve israf al\u0131\u015fkanl\u0131\u011f\u0131d\u0131r.Ge\u00e7mi\u015fte ya\u015fanan ekonomik krizlerden hi\u00e7 ders al\u0131nmam\u0131\u015f olmal\u0131 ki, \u00fclkemizde g\u00f6steri\u015f ve israf sosyal bir boyut kazanm\u0131\u015ft\u0131r. Bu defa b\u00fct\u00fcn d\u00fcnyada oldu\u011fu gibi k\u00fcresel ekonomik kriz T\u00fcrkiye&#8217;yi de etkisi alt\u0131na alm\u0131\u015f; kimilerini derinden etkilemekte, kimilerini ise bir hayli tedirgin etmektedir.H\u00fck\u00fcmet yetkililerince al\u0131nacak tedbirler d\u0131\u015f\u0131nda bizlerinde bireysel olarak yapaca\u011f\u0131 tek \u015fey&#8221; \u0130SRAF&#8217;A DUR!&#8221; demek; T\u00fcketim al\u0131\u015fkanl\u0131klar\u0131m\u0131z\u0131, de\u011fi\u015ftirerek hayat\u0131n her noktas\u0131nda tasarruflu ya\u015famakt\u0131r.Bir y\u0131l i\u00e7erisinde kulland\u0131\u011f\u0131m\u0131z bar\u0131nma, beslenme, sa\u011fl\u0131k e\u011fitim, ileti\u015fim ve tatil gibi 343 \u00e7e\u015fit nesne, do\u011fru t\u00fcketilmedi\u011fi i\u00e7in T\u00fcrkiye de her y\u0131l hane ba\u015f\u0131na 8.000.00 liram\u0131z \u00e7\u00f6pe gitmektedir.Ayr\u0131ca yerine konulmas\u0131, geri d\u00f6nd\u00fcr\u00fclmesi, depolanmas\u0131 ve sat\u0131n al\u0131nmas\u0131 m\u00fcmk\u00fcn olmayan zaman\u0131m\u0131z\u0131 da \u0130SRAF etmekteyiz. Gelece\u011fizimizi emanet edece\u011fimiz gen\u00e7lik, k\u00fcresel ekonomide \u00f6nemli bir hissedar ve yak\u0131n gelecekteki de\u011fi\u015fimlerin itici g\u00fcc\u00fc olacaklard\u0131r.<br \/>\nBu durumda bizlerin asli g\u00f6revi yeni nesle do\u011fru t\u00fcketim bilincinin kazand\u0131r\u0131lmas\u0131d\u0131r.Titizlikle haz\u0131rlanm\u0131\u015f olan bu kitap, etik al\u0131\u015f veri\u015f modellerinin ve \u00e7evreye sayg\u0131 bilincinin geli\u015ftirilmesi, \u00fcretim ve t\u00fcketim al\u0131\u015fkanl\u0131klar\u0131n\u0131n tasarrufa y\u00f6nlendirici, zaman\u0131n nas\u0131l de\u011ferlendirilece\u011fine katk\u0131 sa\u011flamak amac\u0131yla haz\u0131rlanm\u0131\u015ft\u0131r..Her nimetin ihtiya\u00e7tan fazla t\u00fcketilmesi dinen yasak, ahlaken sefalettir.Ahlaki \u00e7\u00f6k\u00fc\u015f ve israf ise ekonomik krizlerin ana sebebidir.<\/p>\n","protected":false},"featured_media":7023,"comment_status":"open","ping_status":"closed","template":"","meta":[],"class_list":["post-7022","product","type-product","status-publish","has-post-thumbnail","hentry","product_cat-rehber"],"_links":{"self":[{"href":"https:\/\/www.ttistanbulspor.org\/index.php\/wp-json\/wp\/v2\/product\/7022","targetHints":{"allow":["GET"]}}],"collection":[{"href":"https:\/\/www.ttistanbulspor.org\/index.php\/wp-json\/wp\/v2\/product"}],"about":[{"href":"https:\/\/www.ttistanbulspor.org\/index.php\/wp-json\/wp\/v2\/types\/product"}],"replies":[{"embeddable":true,"href":"https:\/\/www.ttistanbulspor.org\/index.php\/wp-json\/wp\/v2\/comments?post=7022"}],"wp:featuredmedia":[{"embeddable":true,"href":"https:\/\/www.ttistanbulspor.org\/index.php\/wp-json\/wp\/v2\/media\/7023"}],"wp:attachment":[{"href":"https:\/\/www.ttistanbulspor.org\/index.php\/wp-json\/wp\/v2\/media?parent=7022"}],"curies":[{"name":"wp","href":"https:\/\/api.w.org\/{rel}","templated":true}]}}