{"id":7018,"date":"2019-09-18T11:54:42","date_gmt":"2019-09-18T08:54:42","guid":{"rendered":"http:\/\/www.ttistanbulspor.org\/?post_type=product&#038;p=7018"},"modified":"2019-09-18T11:55:03","modified_gmt":"2019-09-18T08:55:03","slug":"duygusal-ve-sosyal-zekamiz-2","status":"publish","type":"product","link":"https:\/\/www.ttistanbulspor.org\/index.php\/urun\/duygusal-ve-sosyal-zekamiz-2\/","title":{"rendered":"DUYGUSAL VE SOSYAL ZEKAMIZ"},"content":{"rendered":"<p>Duygular\u0131m\u0131zla \u00e7at\u0131\u015fmak bize zaman ve enerji kaybettirir, ger\u00e7ekten b\u00f6yle bir l\u00fckse sahip miyiz?..<br \/>\nKim oldu\u011funuzu ke\u015ffetmek yerine, insanlar\u0131n beklentilerini kar\u015f\u0131lay\u0131p bize s\u00f6ylenen biri gibi olmak m\u0131 mutlu edecek sizi?..<br \/>\nMutlu olmam\u0131z i\u00e7in yapmam\u0131z gereken sadece kendimiz olmakken ba\u015fka \u00e7etrefilli yollara girmek bize olumlu bir etki mi yaratacak?..<br \/>\nGeli\u015fip de\u011fi\u015febiliriz, fakat bireysel do\u011fam\u0131za ayk\u0131r\u0131 bir y\u00f6nde geli\u015fmeyi denedi\u011fimiz zaman, do\u011fayla ve milyonlarca y\u0131ll\u0131k evrimle kavga etmi\u015f olmaz m\u0131y\u0131z?..<\/p>\n","protected":false},"excerpt":{"rendered":"<p>Duygular\u0131m\u0131zla \u00e7at\u0131\u015fmak bize zaman ve enerji kaybettirir, ger\u00e7ekten b\u00f6yle bir l\u00fckse sahip miyiz?..<br \/>\nKim oldu\u011funuzu ke\u015ffetmek yerine, insanlar\u0131n beklentilerini kar\u015f\u0131lay\u0131p bize s\u00f6ylenen biri gibi olmak m\u0131 mutlu edecek sizi?..<br \/>\nMutlu olmam\u0131z i\u00e7in yapmam\u0131z gereken sadece kendimiz olmakken ba\u015fka \u00e7etrefilli yollara girmek bize olumlu bir etki mi yaratacak?..<br \/>\nGeli\u015fip de\u011fi\u015febiliriz, fakat bireysel do\u011fam\u0131za ayk\u0131r\u0131 bir y\u00f6nde geli\u015fmeyi denedi\u011fimiz zaman, do\u011fayla ve milyonlarca y\u0131ll\u0131k evrimle kavga etmi\u015f olmaz m\u0131y\u0131z?..<\/p>\n","protected":false},"featured_media":7019,"comment_status":"open","ping_status":"closed","template":"","meta":[],"class_list":["post-7018","product","type-product","status-publish","has-post-thumbnail","hentry","product_cat-kisisel-gelisim"],"_links":{"self":[{"href":"https:\/\/www.ttistanbulspor.org\/index.php\/wp-json\/wp\/v2\/product\/7018","targetHints":{"allow":["GET"]}}],"collection":[{"href":"https:\/\/www.ttistanbulspor.org\/index.php\/wp-json\/wp\/v2\/product"}],"about":[{"href":"https:\/\/www.ttistanbulspor.org\/index.php\/wp-json\/wp\/v2\/types\/product"}],"replies":[{"embeddable":true,"href":"https:\/\/www.ttistanbulspor.org\/index.php\/wp-json\/wp\/v2\/comments?post=7018"}],"wp:featuredmedia":[{"embeddable":true,"href":"https:\/\/www.ttistanbulspor.org\/index.php\/wp-json\/wp\/v2\/media\/7019"}],"wp:attachment":[{"href":"https:\/\/www.ttistanbulspor.org\/index.php\/wp-json\/wp\/v2\/media?parent=7018"}],"curies":[{"name":"wp","href":"https:\/\/api.w.org\/{rel}","templated":true}]}}