{"id":6992,"date":"2019-09-18T10:27:51","date_gmt":"2019-09-18T07:27:51","guid":{"rendered":"http:\/\/www.ttistanbulspor.org\/?post_type=product&#038;p=6992"},"modified":"2019-09-18T10:28:25","modified_gmt":"2019-09-18T07:28:25","slug":"lantano","status":"publish","type":"product","link":"https:\/\/www.ttistanbulspor.org\/index.php\/urun\/lantano\/","title":{"rendered":"Lantano"},"content":{"rendered":"<p>Jean-Chr\u0131stophe Grang\u00e9&#8217;den Kongo-Fransa-Bel\u00e7ika \u00fc\u00e7geninde t\u00fcyler \u00fcrpertici, soluk solu\u011fa bir kovalamaca.<\/p>\n<p>Onlar \u00f6l\u00fcms\u00fczl\u00fc\u011f\u00fcn s\u0131rr\u0131na v\u00e2k\u0131f olanlard\u0131. \u0130ntikam hissiyle yan\u0131p tutu\u015fan, k\u00f6t\u00fcl\u00fc\u011f\u00fcn \u00f6nc\u00fcleriydi. Zaman\u0131n ve mek\u00e2n\u0131n \u00f6tesine ge\u00e7ebilenlerdi. Afrika&#8217;n\u0131n derinliklerinden getirdikleri Kara b\u00fcy\u00fcleriyle akl\u0131n s\u0131n\u0131rlar\u0131n\u0131 a\u015fanlard\u0131.<br \/>\n(Tan\u0131t\u0131m B\u00fclteninden)<\/p>\n","protected":false},"excerpt":{"rendered":"<p>Jean-Chr\u0131stophe Grang\u00e9&#8217;den Kongo-Fransa-Bel\u00e7ika \u00fc\u00e7geninde t\u00fcyler \u00fcrpertici, soluk solu\u011fa bir kovalamaca.<br \/>\nOnlar \u00f6l\u00fcms\u00fczl\u00fc\u011f\u00fcn s\u0131rr\u0131na v\u00e2k\u0131f olanlard\u0131. \u0130ntikam hissiyle yan\u0131p tutu\u015fan, k\u00f6t\u00fcl\u00fc\u011f\u00fcn \u00f6nc\u00fcleriydi. Zaman\u0131n ve mek\u00e2n\u0131n \u00f6tesine ge\u00e7ebilenlerdi. Afrika&#8217;n\u0131n derinliklerinden getirdikleri Kara b\u00fcy\u00fcleriyle akl\u0131n s\u0131n\u0131rlar\u0131n\u0131 a\u015fanlard\u0131.<br \/>\n(Tan\u0131t\u0131m B\u00fclteninden)<\/p>\n","protected":false},"featured_media":6993,"comment_status":"open","ping_status":"closed","template":"","meta":[],"class_list":["post-6992","product","type-product","status-publish","has-post-thumbnail","hentry","product_cat-polisiye"],"_links":{"self":[{"href":"https:\/\/www.ttistanbulspor.org\/index.php\/wp-json\/wp\/v2\/product\/6992","targetHints":{"allow":["GET"]}}],"collection":[{"href":"https:\/\/www.ttistanbulspor.org\/index.php\/wp-json\/wp\/v2\/product"}],"about":[{"href":"https:\/\/www.ttistanbulspor.org\/index.php\/wp-json\/wp\/v2\/types\/product"}],"replies":[{"embeddable":true,"href":"https:\/\/www.ttistanbulspor.org\/index.php\/wp-json\/wp\/v2\/comments?post=6992"}],"wp:featuredmedia":[{"embeddable":true,"href":"https:\/\/www.ttistanbulspor.org\/index.php\/wp-json\/wp\/v2\/media\/6993"}],"wp:attachment":[{"href":"https:\/\/www.ttistanbulspor.org\/index.php\/wp-json\/wp\/v2\/media?parent=6992"}],"curies":[{"name":"wp","href":"https:\/\/api.w.org\/{rel}","templated":true}]}}