{"id":3449,"date":"2018-04-19T10:44:23","date_gmt":"2018-04-19T07:44:23","guid":{"rendered":"http:\/\/www.ttistanbulspor.org\/?post_type=product&#038;p=3449"},"modified":"2018-04-19T10:44:23","modified_gmt":"2018-04-19T07:44:23","slug":"mor-salkimli-ev","status":"publish","type":"product","link":"https:\/\/www.ttistanbulspor.org\/index.php\/urun\/mor-salkimli-ev\/","title":{"rendered":"Mor Salk\u0131ml\u0131 Ev"},"content":{"rendered":"<p>Evin kendisi, \u00e7ocu\u011fun haf\u0131zas\u0131nda Mor Salk\u0131ml\u0131 Ev yaftas\u0131n\u0131 ta\u015f\u0131r. Bu ev, yar\u0131m as\u0131rdan ziyade, bazan da her gece, bu k\u00fc\u00e7\u00fck k\u0131z\u0131n r\u00fcyalar\u0131na girmi\u015ftir. Arka taraftaki bah\u00e7eye naz\u0131r pencereler, \u00e7ifte merdivenlerin sahanl\u0131klar\u0131ndaki ince uzun pencereleri, ba\u015ftan ba\u015fa mor salk\u0131ml\u0131d\u0131r ve ak\u015fam g\u00fcne\u015finde mor \u00e7i\u00e7ekler aras\u0131nda camlar birer ate\u015f levhas\u0131 gibi parlar.<\/p>\n<p>Halide Edib Ad\u0131var, an\u0131lar\u0131n\u0131 iki cilt halinde kaleme alm\u0131\u015f, bu iki cildi de hayat\u0131n\u0131n ayr\u0131 d\u00f6nemlerinde yazm\u0131\u015ft\u0131. Mor Salk\u0131ml\u0131 Ev, yazar\u0131n \u00e7ocukluk g\u00fcnlerinden 1918 y\u0131l\u0131na kadar olan d\u00f6nemi anlat\u0131r. &#8216;\u0130stikl\u00e2l Sava\u015f\u0131 Hat\u0131ralar\u0131&#8217; alt ba\u015fl\u0131\u011f\u0131n\u0131 verdi\u011fi T\u00fcrk&#8217;\u00fcn Ate\u015fle \u0130mtihan\u0131 ise bu tarihten 1923 y\u0131l\u0131na kadar olan olaylar\u0131.<\/p>\n<p>Mor Salk\u0131ml\u0131 Ev&#8217;de, \u00fclkesinin tarihine hem bir ayd\u0131n, hem de bir eylemci olarak b\u00fcy\u00fck katk\u0131larda bulunmu\u015f bir yazar\u0131n yeti\u015fti\u011fi y\u0131llar\u0131 okuyacaks\u0131n\u0131z.<\/p>\n","protected":false},"excerpt":{"rendered":"<p>Evin kendisi, \u00e7ocu\u011fun haf\u0131zas\u0131nda Mor Salk\u0131ml\u0131 Ev yaftas\u0131n\u0131 ta\u015f\u0131r. Bu ev, yar\u0131m as\u0131rdan ziyade, bazan [&#8230;]<\/p>\n","protected":false},"featured_media":0,"comment_status":"open","ping_status":"closed","template":"","meta":[],"class_list":["post-3449","product","type-product","status-publish","hentry","product_cat-edebiyat"],"_links":{"self":[{"href":"https:\/\/www.ttistanbulspor.org\/index.php\/wp-json\/wp\/v2\/product\/3449","targetHints":{"allow":["GET"]}}],"collection":[{"href":"https:\/\/www.ttistanbulspor.org\/index.php\/wp-json\/wp\/v2\/product"}],"about":[{"href":"https:\/\/www.ttistanbulspor.org\/index.php\/wp-json\/wp\/v2\/types\/product"}],"replies":[{"embeddable":true,"href":"https:\/\/www.ttistanbulspor.org\/index.php\/wp-json\/wp\/v2\/comments?post=3449"}],"wp:attachment":[{"href":"https:\/\/www.ttistanbulspor.org\/index.php\/wp-json\/wp\/v2\/media?parent=3449"}],"curies":[{"name":"wp","href":"https:\/\/api.w.org\/{rel}","templated":true}]}}